{"id":1753,"date":"2020-04-14T14:59:16","date_gmt":"2020-04-14T14:59:16","guid":{"rendered":"https:\/\/www.isotechdesign.com\/?post_type=product&#038;p=1753"},"modified":"2024-03-14T15:15:04","modified_gmt":"2024-03-14T19:15:04","slug":"portable-decontamination-unit","status":"publish","type":"product","link":"https:\/\/www.isotechdesign.com\/fr\/product\/hospitals-pharmacies\/portable-decontamination-unit\/","title":{"rendered":"Syst\u00e8me de d\u00e9contamination portable"},"content":{"rendered":"<p>[vc_row tlg_background_style=\u00a0\u00bbbg-secondary\u00a0\u00bb css=\u00a0\u00bb.vc_custom_1553687021257{padding-bottom: 2em !important;}\u00a0\u00bb][vc_column width=\u00a0\u00bb1\/4&Prime;][vc_column_text]<a href=\"\/fr\/products\/hospitals-pharmacies\/\">H\u00f4pitaux et Pharmacies<\/a><\/p>\n<ul class=\"pr-menu\">\n<li><a class=\"active\" href=\"\/fr\/product\/hospitals-pharmacies\/microsphere\/\">MicroSphere<\/a><\/li>\n<li><a href=\"\/fr\/product\/hospitals-pharmacies\/chemoshpere\/\">ChemoSphere<\/a><\/li>\n<li><a href=\"\/fr\/product\/hospitals-pharmacies\/small-volume-chemo\/\">ChemoSphere \u2013 Petit volume<\/a><\/li>\n<li><a href=\"\/fr\/product\/hospitals-pharmacies\/hormone-powder-compounding\/\">Pr\u00e9parations d&rsquo;hormones et de poudre<\/a><\/li>\n<li><a href=\"\/fr\/product\/hospitals-pharmacies\/clean-air-workstation\/\">Poste de travail \u00e0 air propre<\/a><\/li>\n<li><a href=\"\/fr\/product\/hospitals-pharmacies\/fan-filter-unit\/\">Unit\u00e9s de filtres \u00e0 ventilateur<\/a><\/li>\n<li><a href=\"\/fr\/product\/hospitals-pharmacies\/secondary-hepa-filtration\/\">Unit\u00e9s secondaires de filtration HEPA<\/a><\/li>\n<\/ul>\n<p>[\/vc_column_text][vc_column_text]<\/p>\n<p>Pour plus d\u2019information ou pour une soumission, veuillez nous contacter au :<\/p>\n<p>1-800-476-2010<br \/>\n514-956-1602<br \/>\ninfo@isotechdesign.com<\/p>\n<p>[\/vc_column_text][\/vc_column][vc_column width=\u00a0\u00bb3\/4&Prime;]<div class=\"headings-title\"><div class=\"mb16 mb16 mb-xs-40 text-left\"><h5 style=\"font-size:32px;line-height:42px;text-transform: none!important;\" class=\"widgettitle mb0\">Syst\u00e8me de d\u00e9contamination portable<\/h5><\/div><\/div>[vc_tta_tabs][vc_tta_section title=\u00a0\u00bbDescription et avantages\u00a0\u00bb tab_id=\u00a0\u00bbDescription-et-avantages\u00a0\u00bb][vc_row_inner][vc_column_inner width=\u00a0\u00bb1\/2&Prime;][vc_single_image image=\u00a0\u00bb1754&Prime; img_size=\u00a0\u00bbfull\u00a0\u00bb alignment=\u00a0\u00bbcenter\u00a0\u00bb onclick=\u00a0\u00bblink_image\u00a0\u00bb][\/vc_column_inner][vc_column_inner width=\u00a0\u00bb1\/2&Prime;][vc_column_text]Le syst\u00e8me de d\u00e9contamination portable est un syst\u00e8me avanc\u00e9 de d\u00e9contamination au peroxyde d&rsquo;hydrog\u00e8ne en phase vapeur automatis\u00e9 qui s&rsquo;int\u00e8gre facilement \u00e0 de petits \u00e9quipements et enceintes, notamment:<\/p>\n<ul>\n<li>Isolateurs<\/li>\n<li>Bo\u00eetes \u00e0 gants<\/li>\n<li>Pi\u00e8ces et salles blanches<\/li>\n<\/ul>\n<h3>Caract\u00e9ristiques et avantages<\/h3>\n<ul>\n<li>Enti\u00e8rement automatis\u00e9, permettant un contr\u00f4le pr\u00e9cis des conditions d&rsquo;essai (concentration de peroxyde d&rsquo;hydrog\u00e8ne, concentration de vapeur d&rsquo;eau) et des temps d&rsquo;exposition. La conception portable simplifie \u00e9galement l&rsquo;installation et la configuration<\/li>\n<li>Le fonctionnement facile \u00e0 utiliser depuis l&rsquo;ordinateur portable de l&rsquo;utilisateur ou via l&rsquo;\u00e9cran tactile en option facilitant la modification du processus. L&rsquo;affichage graphique des donn\u00e9es permet \u00e0 l&rsquo;utilisateur de confirmer les conditions de test pendant le cycle.<\/li>\n<li>Des capteurs de peroxyde d&rsquo;hydrog\u00e8ne et de vapeur d&rsquo;eau (int\u00e9gr\u00e9s en option au syst\u00e8me) surveillent et enregistrent les conditions du processus, avec la r\u00e9ponse des capteurs, le g\u00e9n\u00e9rateur de vapeur maintient avec pr\u00e9cision la concentration de vapeur de peroxyde d&rsquo;hydrog\u00e8ne, de vapeur d&rsquo;eau et, en option, la temp\u00e9rature et la pression de l&rsquo;enceinte d&rsquo;essai .<\/li>\n<\/ul>\n<p>Disponible pour les bo\u00eetes \u00e0 gants et les petites enceintes et pi\u00e8ces.[\/vc_column_text][\/vc_column_inner][\/vc_row_inner][\/vc_tta_section][\/vc_tta_tabs][\/vc_column][\/vc_row][vc_row tlg_background_style=\u00a0\u00bbbg-secondary\u00a0\u00bb css=\u00a0\u00bb.vc_custom_1553687037031{padding-top: 0px !important;}\u00a0\u00bb][\/vc_row][vc_column][\/vc_column]<div class=\"headings-title\"><div class=\"mb16 mb16 mb-xs-40 text-center\"><h4 style=\"text-transform: none!important;\" class=\"widgettitle mb0\">Produits apparent\u00e9s<\/h4><\/div><\/div>[vc_row_inner][\/vc_row_inner][vc_column_inner el_class=\u00a0\u00bbtext-center featured-pr\u00a0\u00bb width=\u00a0\u00bb1\/4&Prime;]<div class=\"headings-title\"><div class=\"mb16 mb16 mb-xs-40 text-center\"><h5 style=\"text-transform: none!important;\" class=\"widgettitle mb0\">Interface aseptique<\/h5><\/div><\/div>[vc_single_image image=\u00a0\u00bb1189&Prime; img_size=\u00a0\u00bbfull\u00a0\u00bb alignment=\u00a0\u00bbcenter\u00a0\u00bb css=\u00a0\u00bb.vc_custom_1553687169530{margin-bottom: 10px !important;}\u00a0\u00bb]<div class=\"\"><a  id=\"btn-69e0502cf3396\" class=\"btn btn-filled    btn-sm-sm\" href= \"\/fr\/product\/pharmaceuticals\/aseptic-interface\/\" target=\"_self\" >D\u00e9tails<\/a><\/div>[\/vc_column_inner][vc_column_inner el_class=\u00a0\u00bbtext-center featured-pr\u00a0\u00bb width=\u00a0\u00bb1\/4&Prime;]<div class=\"headings-title\"><div class=\"mb16 mb16 mb-xs-40 text-center\"><h5 style=\"text-transform: none!important;\" class=\"widgettitle mb0\">Transfert aseptique<\/h5><\/div><\/div>[vc_single_image image=\u00a0\u00bb1581&Prime; img_size=\u00a0\u00bbfull\u00a0\u00bb alignment=\u00a0\u00bbcenter\u00a0\u00bb css=\u00a0\u00bb.vc_custom_1555525174089{margin-bottom: 10px !important;}\u00a0\u00bb]<div class=\"\"><a  id=\"btn-69e0502cf33c0\" class=\"btn btn-filled    btn-sm-sm\" href= \"\/fr\/product\/pharmaceuticals\/aseptic-transfer\/\" target=\"_self\" >D\u00e9tails<\/a><\/div>[\/vc_column_inner][vc_column_inner el_class=\u00a0\u00bbtext-center featured-pr\u00a0\u00bb width=\u00a0\u00bb1\/4&Prime;][\/vc_column_inner]<div class=\"headings-title\"><div class=\"mb16 mb16 mb-xs-40 text-center\"><h5 style=\"text-transform: none!important;\" class=\"widgettitle mb0\">Testeurs de gants<\/h5><\/div><\/div>[vc_single_image image=\u00a0\u00bb1191&Prime; img_size=\u00a0\u00bbfull\u00a0\u00bb alignment=\u00a0\u00bbcenter\u00a0\u00bb css=\u00a0\u00bb.vc_custom_1553687352176{margin-bottom: 10px !important;}\u00a0\u00bb]<\/p>","protected":false},"excerpt":{"rendered":"<p>[vc_row tlg_background_style=\u00a0\u00bbbg-secondary\u00a0\u00bb css=\u00a0\u00bb.vc_custom_1553687021257{padding-bottom: 2em !important;}\u00a0\u00bb][vc_column width=\u00a0\u00bb1\/4&Prime;][vc_column_text]H\u00f4pitaux et Pharmacies MicroSphere ChemoSphere ChemoSphere \u2013 Petit volume Pr\u00e9parations d&rsquo;hormones&#8230;<\/p>\n","protected":false},"featured_media":1600,"comment_status":"closed","ping_status":"closed","template":"","meta":[],"class_list":["post-1753","product","type-product","status-publish","has-post-thumbnail","hentry","product_cat-hospitals-pharmacies"],"yoast_head":"<!-- This site is optimized with the Yoast SEO plugin v24.3 - https:\/\/yoast.com\/wordpress\/plugins\/seo\/ -->\n<title>Portable H202 Decontamination Unit<\/title>\n<meta name=\"description\" content=\"The Portable Decontamination System is an advanced automated decontamination system that is easily integrated with small equipment and enclosures\" \/>\n<meta name=\"robots\" content=\"index, follow, max-snippet:-1, max-image-preview:large, max-video-preview:-1\" \/>\n<link rel=\"canonical\" href=\"https:\/\/www.isotechdesign.com\/product\/hospitals-pharmacies\/portable-decontamination-unit\/\" \/>\n<meta property=\"og:locale\" content=\"fr_FR\" \/>\n<meta property=\"og:type\" content=\"article\" \/>\n<meta property=\"og:title\" content=\"Portable H202 Decontamination Unit\" \/>\n<meta property=\"og:description\" content=\"The Portable Decontamination System is an advanced automated decontamination system that is easily integrated with small equipment and enclosures\" \/>\n<meta property=\"og:url\" content=\"https:\/\/www.isotechdesign.com\/product\/hospitals-pharmacies\/portable-decontamination-unit\/\" \/>\n<meta property=\"og:site_name\" content=\"IsoTech Design\" \/>\n<meta property=\"article:modified_time\" content=\"2024-03-14T19:15:04+00:00\" \/>\n<meta property=\"og:image\" content=\"https:\/\/www.isotechdesign.com\/wp-content\/uploads\/shutterstock_114687286-2.jpg\" \/>\n\t<meta property=\"og:image:width\" content=\"1000\" \/>\n\t<meta property=\"og:image:height\" content=\"100\" \/>\n\t<meta property=\"og:image:type\" content=\"image\/jpeg\" \/>\n<meta name=\"twitter:card\" content=\"summary_large_image\" \/>\n<meta name=\"twitter:label1\" content=\"Dur\u00e9e de lecture estim\u00e9e\" \/>\n\t<meta name=\"twitter:data1\" content=\"6 minutes\" \/>\n<script type=\"application\/ld+json\" class=\"yoast-schema-graph\">{\"@context\":\"https:\/\/schema.org\",\"@graph\":[{\"@type\":\"WebPage\",\"@id\":\"https:\/\/www.isotechdesign.com\/product\/hospitals-pharmacies\/portable-decontamination-unit\/\",\"url\":\"https:\/\/www.isotechdesign.com\/product\/hospitals-pharmacies\/portable-decontamination-unit\/\",\"name\":\"Portable H202 Decontamination Unit\",\"isPartOf\":{\"@id\":\"https:\/\/www.isotechdesign.com\/#website\"},\"primaryImageOfPage\":{\"@id\":\"https:\/\/www.isotechdesign.com\/product\/hospitals-pharmacies\/portable-decontamination-unit\/#primaryimage\"},\"image\":{\"@id\":\"https:\/\/www.isotechdesign.com\/product\/hospitals-pharmacies\/portable-decontamination-unit\/#primaryimage\"},\"thumbnailUrl\":\"https:\/\/www.isotechdesign.com\/wp-content\/uploads\/shutterstock_114687286-2.jpg\",\"datePublished\":\"2020-04-14T14:59:16+00:00\",\"dateModified\":\"2024-03-14T19:15:04+00:00\",\"description\":\"The Portable Decontamination System is an advanced automated decontamination system that is easily integrated with small equipment and enclosures\",\"breadcrumb\":{\"@id\":\"https:\/\/www.isotechdesign.com\/product\/hospitals-pharmacies\/portable-decontamination-unit\/#breadcrumb\"},\"inLanguage\":\"fr-FR\",\"potentialAction\":[{\"@type\":\"ReadAction\",\"target\":[\"https:\/\/www.isotechdesign.com\/product\/hospitals-pharmacies\/portable-decontamination-unit\/\"]}]},{\"@type\":\"ImageObject\",\"inLanguage\":\"fr-FR\",\"@id\":\"https:\/\/www.isotechdesign.com\/product\/hospitals-pharmacies\/portable-decontamination-unit\/#primaryimage\",\"url\":\"https:\/\/www.isotechdesign.com\/wp-content\/uploads\/shutterstock_114687286-2.jpg\",\"contentUrl\":\"https:\/\/www.isotechdesign.com\/wp-content\/uploads\/shutterstock_114687286-2.jpg\",\"width\":1000,\"height\":100},{\"@type\":\"BreadcrumbList\",\"@id\":\"https:\/\/www.isotechdesign.com\/product\/hospitals-pharmacies\/portable-decontamination-unit\/#breadcrumb\",\"itemListElement\":[{\"@type\":\"ListItem\",\"position\":1,\"name\":\"Home\",\"item\":\"https:\/\/www.isotechdesign.com\/\"},{\"@type\":\"ListItem\",\"position\":2,\"name\":\"Products\",\"item\":\"https:\/\/www.isotechdesign.com\/shop\/\"},{\"@type\":\"ListItem\",\"position\":3,\"name\":\"Portable Decontamination Unit\"}]},{\"@type\":\"WebSite\",\"@id\":\"https:\/\/www.isotechdesign.com\/#website\",\"url\":\"https:\/\/www.isotechdesign.com\/\",\"name\":\"IsoTech Design\",\"description\":\"\",\"potentialAction\":[{\"@type\":\"SearchAction\",\"target\":{\"@type\":\"EntryPoint\",\"urlTemplate\":\"https:\/\/www.isotechdesign.com\/?s={search_term_string}\"},\"query-input\":{\"@type\":\"PropertyValueSpecification\",\"valueRequired\":true,\"valueName\":\"search_term_string\"}}],\"inLanguage\":\"fr-FR\"}]}<\/script>\n<!-- \/ Yoast SEO plugin. -->","yoast_head_json":{"title":"Portable H202 Decontamination Unit","description":"The Portable Decontamination System is an advanced automated decontamination system that is easily integrated with small equipment and enclosures","robots":{"index":"index","follow":"follow","max-snippet":"max-snippet:-1","max-image-preview":"max-image-preview:large","max-video-preview":"max-video-preview:-1"},"canonical":"https:\/\/www.isotechdesign.com\/product\/hospitals-pharmacies\/portable-decontamination-unit\/","og_locale":"fr_FR","og_type":"article","og_title":"Portable H202 Decontamination Unit","og_description":"The Portable Decontamination System is an advanced automated decontamination system that is easily integrated with small equipment and enclosures","og_url":"https:\/\/www.isotechdesign.com\/product\/hospitals-pharmacies\/portable-decontamination-unit\/","og_site_name":"IsoTech Design","article_modified_time":"2024-03-14T19:15:04+00:00","og_image":[{"width":1000,"height":100,"url":"https:\/\/www.isotechdesign.com\/wp-content\/uploads\/shutterstock_114687286-2.jpg","type":"image\/jpeg"}],"twitter_card":"summary_large_image","twitter_misc":{"Dur\u00e9e de lecture estim\u00e9e":"6 minutes"},"schema":{"@context":"https:\/\/schema.org","@graph":[{"@type":"WebPage","@id":"https:\/\/www.isotechdesign.com\/product\/hospitals-pharmacies\/portable-decontamination-unit\/","url":"https:\/\/www.isotechdesign.com\/product\/hospitals-pharmacies\/portable-decontamination-unit\/","name":"Portable H202 Decontamination Unit","isPartOf":{"@id":"https:\/\/www.isotechdesign.com\/#website"},"primaryImageOfPage":{"@id":"https:\/\/www.isotechdesign.com\/product\/hospitals-pharmacies\/portable-decontamination-unit\/#primaryimage"},"image":{"@id":"https:\/\/www.isotechdesign.com\/product\/hospitals-pharmacies\/portable-decontamination-unit\/#primaryimage"},"thumbnailUrl":"https:\/\/www.isotechdesign.com\/wp-content\/uploads\/shutterstock_114687286-2.jpg","datePublished":"2020-04-14T14:59:16+00:00","dateModified":"2024-03-14T19:15:04+00:00","description":"The Portable Decontamination System is an advanced automated decontamination system that is easily integrated with small equipment and enclosures","breadcrumb":{"@id":"https:\/\/www.isotechdesign.com\/product\/hospitals-pharmacies\/portable-decontamination-unit\/#breadcrumb"},"inLanguage":"fr-FR","potentialAction":[{"@type":"ReadAction","target":["https:\/\/www.isotechdesign.com\/product\/hospitals-pharmacies\/portable-decontamination-unit\/"]}]},{"@type":"ImageObject","inLanguage":"fr-FR","@id":"https:\/\/www.isotechdesign.com\/product\/hospitals-pharmacies\/portable-decontamination-unit\/#primaryimage","url":"https:\/\/www.isotechdesign.com\/wp-content\/uploads\/shutterstock_114687286-2.jpg","contentUrl":"https:\/\/www.isotechdesign.com\/wp-content\/uploads\/shutterstock_114687286-2.jpg","width":1000,"height":100},{"@type":"BreadcrumbList","@id":"https:\/\/www.isotechdesign.com\/product\/hospitals-pharmacies\/portable-decontamination-unit\/#breadcrumb","itemListElement":[{"@type":"ListItem","position":1,"name":"Home","item":"https:\/\/www.isotechdesign.com\/"},{"@type":"ListItem","position":2,"name":"Products","item":"https:\/\/www.isotechdesign.com\/shop\/"},{"@type":"ListItem","position":3,"name":"Portable Decontamination Unit"}]},{"@type":"WebSite","@id":"https:\/\/www.isotechdesign.com\/#website","url":"https:\/\/www.isotechdesign.com\/","name":"IsoTech Design","description":"","potentialAction":[{"@type":"SearchAction","target":{"@type":"EntryPoint","urlTemplate":"https:\/\/www.isotechdesign.com\/?s={search_term_string}"},"query-input":{"@type":"PropertyValueSpecification","valueRequired":true,"valueName":"search_term_string"}}],"inLanguage":"fr-FR"}]}},"_links":{"self":[{"href":"https:\/\/www.isotechdesign.com\/fr\/wp-json\/wp\/v2\/product\/1753","targetHints":{"allow":["GET"]}}],"collection":[{"href":"https:\/\/www.isotechdesign.com\/fr\/wp-json\/wp\/v2\/product"}],"about":[{"href":"https:\/\/www.isotechdesign.com\/fr\/wp-json\/wp\/v2\/types\/product"}],"replies":[{"embeddable":true,"href":"https:\/\/www.isotechdesign.com\/fr\/wp-json\/wp\/v2\/comments?post=1753"}],"wp:featuredmedia":[{"embeddable":true,"href":"https:\/\/www.isotechdesign.com\/fr\/wp-json\/wp\/v2\/media\/1600"}],"wp:attachment":[{"href":"https:\/\/www.isotechdesign.com\/fr\/wp-json\/wp\/v2\/media?parent=1753"}],"curies":[{"name":"wp","href":"https:\/\/api.w.org\/{rel}","templated":true}]}}