{"id":1747,"date":"2020-04-08T19:09:38","date_gmt":"2020-04-08T19:09:38","guid":{"rendered":"https:\/\/www.isotechdesign.com\/?post_type=product&#038;p=1747"},"modified":"2023-02-27T18:45:59","modified_gmt":"2023-02-27T23:45:59","slug":"integrated-h2o2-generator","status":"publish","type":"product","link":"https:\/\/www.isotechdesign.com\/fr\/product\/pharmaceuticals\/integrated-h2o2-generator\/","title":{"rendered":"Syst\u00e8me int\u00e9gr\u00e9 H2O2"},"content":{"rendered":"<p>[vc_row tlg_background_style=\u00a0\u00bbbg-secondary\u00a0\u00bb css=\u00a0\u00bb.vc_custom_1553687021257{padding-bottom: 2em !important;}\u00a0\u00bb][vc_column width=\u00a0\u00bb1\/4&Prime;][vc_column_text]<\/p>\n<ul class=\"pr-menu\">\n<li class=\"menu-head\"><a href=\"\/fr\/products\/pharmaceuticals\/\">Pharmaceutiques<\/a><\/li>\n<li><a class=\"active\" href=\"\/fr\/product\/pharmaceuticals\/aseptic-filling\/\">Remplissage aseptique<\/a><\/li>\n<li><a href=\"\/fr\/product\/pharmaceuticals\/aseptic-interface\/\">Interface aseptique<\/a><\/li>\n<li><a href=\"\/fr\/product\/pharmaceuticals\/aseptic-transfer\/\">Transfert aseptique<\/a><\/li>\n<li><a href=\"\/fr\/product\/pharmaceuticals\/sterility-testing\/\">Tests de st\u00e9rilit\u00e9<\/a><\/li>\n<li><a href=\"\/fr\/product\/pharmaceuticals\/containment\/\">Confinement<\/a><\/li>\n<li><a href=\"\/fr\/product\/pharmaceuticals\/glove-tester\/\">Testeurs de gants<\/a><\/li>\n<\/ul>\n<p>[\/vc_column_text][vc_column_text]<\/p>\n<p>Pour plus d\u2019information ou pour une soumission, veuillez nous contacter au :<\/p>\n<p>1-800-476-2010<br \/>\n514-956-1602<br \/>\ninfo@isotechdesign.com<\/p>\n<p>[\/vc_column_text][\/vc_column][vc_column width=\u00a0\u00bb3\/4&Prime;]<div class=\"headings-title\"><div class=\"mb16 mb16 mb-xs-40 text-left\"><h5 style=\"font-size:32px;line-height:42px;text-transform: none!important;\" class=\"widgettitle mb0\">Syst\u00e8me int\u00e9gr\u00e9 H2O2<\/h5><\/div><\/div>[vc_tta_tabs][vc_tta_section title=\u00a0\u00bbDescription et avantages\u00a0\u00bb tab_id=\u00a0\u00bbDescription-et-avantages\u00a0\u00bb][vc_row_inner][vc_column_inner width=\u00a0\u00bb1\/2&Prime;][vc_single_image image=\u00a0\u00bb1745&Prime; img_size=\u00a0\u00bbfull\u00a0\u00bb alignment=\u00a0\u00bbcenter\u00a0\u00bb onclick=\u00a0\u00bblink_image\u00a0\u00bb][\/vc_column_inner][vc_column_inner width=\u00a0\u00bb1\/2&Prime;][vc_column_text]<\/p>\n<h4>Description<\/h4>\n<p id=\"tw-target-text\" class=\"tw-data-text tw-text-large tw-ta\" dir=\"ltr\" data-placeholder=\"Translation\"><span lang=\"fr\">Pour la d\u00e9contamination de surfaces propres, dures et s\u00e8ches dans des isolateurs et autres enceintes scell\u00e9es jusqu&rsquo;\u00e0 2 m\u00e8tres cubes (70 pieds cubes). Le g\u00e9n\u00e9rateur de peroxyde d&rsquo;hydrog\u00e8ne fonctionne \u00e0 la pression ambiante et atmosph\u00e9rique pour offrir une flexibilit\u00e9 de fonctionnement. Le g\u00e9n\u00e9rateur H2O2 peut \u00eatre portable pour d\u00e9contaminer plusieurs enceintes ou est int\u00e9gr\u00e9 \u00e0 l&rsquo;IsoSphere-AF.<\/span><\/p>\n<h4 id=\"tw-target-text\" class=\"tw-data-text tw-text-large tw-ta\" dir=\"ltr\" data-placeholder=\"Translation\"><span lang=\"fr\">Caract\u00e9ristiques et avantages<\/span><\/h4>\n<ul>\n<li>Utilise des cartouches jetables sp\u00e9cialement con\u00e7ues (disponibles s\u00e9par\u00e9ment) pour minimiser l&rsquo;exposition au peroxyde d&rsquo;hydrog\u00e8ne liquide<\/li>\n<li>Le panneau de commande tactile comprend \u00e9galement des cycles de d\u00e9contamination pr\u00e9programm\u00e9s pour les besoins typiques<\/li>\n<li>Une bo\u00eete d&rsquo;imprimante est disponible en option.<\/li>\n<\/ul>\n<p>[\/vc_column_text][\/vc_column_inner][\/vc_row_inner][\/vc_tta_section][\/vc_tta_tabs][\/vc_column][\/vc_row][vc_row tlg_background_style=\u00a0\u00bbbg-secondary\u00a0\u00bb css=\u00a0\u00bb.vc_custom_1553687037031{padding-top: 0px !important;}\u00a0\u00bb][vc_column]<div class=\"headings-title\"><div class=\"mb16 mb16 mb-xs-40 text-center\"><h4 style=\"text-transform: none!important;\" class=\"widgettitle mb0\">Produits apparent\u00e9s<\/h4><\/div><\/div>[vc_row_inner][vc_column_inner el_class=\u00a0\u00bbtext-center featured-pr\u00a0\u00bb width=\u00a0\u00bb1\/4&Prime;]<div class=\"headings-title\"><div class=\"mb16 mb16 mb-xs-40 text-center\"><h5 style=\"text-transform: none!important;\" class=\"widgettitle mb0\">Interface aseptique<\/h5><\/div><\/div>[vc_single_image image=\u00a0\u00bb1189&Prime; img_size=\u00a0\u00bbfull\u00a0\u00bb alignment=\u00a0\u00bbcenter\u00a0\u00bb css=\u00a0\u00bb.vc_custom_1553687169530{margin-bottom: 10px !important;}\u00a0\u00bb]<div class=\"\"><a  id=\"btn-6a04c344e4c39\" class=\"btn btn-filled    btn-sm-sm\" href= \"\/fr\/product\/pharmaceuticals\/aseptic-interface\/\" target=\"_self\" >D\u00e9tails<\/a><\/div>[\/vc_column_inner][vc_column_inner el_class=\u00a0\u00bbtext-center featured-pr\u00a0\u00bb width=\u00a0\u00bb1\/4&Prime;]<div class=\"headings-title\"><div class=\"mb16 mb16 mb-xs-40 text-center\"><h5 style=\"text-transform: none!important;\" class=\"widgettitle mb0\">Transfert aseptique<\/h5><\/div><\/div>[vc_single_image image=\u00a0\u00bb1581&Prime; img_size=\u00a0\u00bbfull\u00a0\u00bb alignment=\u00a0\u00bbcenter\u00a0\u00bb css=\u00a0\u00bb.vc_custom_1555525174089{margin-bottom: 10px !important;}\u00a0\u00bb]<div class=\"\"><a  id=\"btn-6a04c344e4c64\" class=\"btn btn-filled    btn-sm-sm\" href= \"\/fr\/product\/pharmaceuticals\/aseptic-transfer\/\" target=\"_self\" >D\u00e9tails<\/a><\/div>[\/vc_column_inner][vc_column_inner el_class=\u00a0\u00bbtext-center featured-pr\u00a0\u00bb width=\u00a0\u00bb1\/4&Prime;]<div class=\"headings-title\"><div class=\"mb16 mb16 mb-xs-40 text-center\"><h5 style=\"text-transform: none!important;\" class=\"widgettitle mb0\">Testeurs de gants<\/h5><\/div><\/div>[vc_single_image image=\u00a0\u00bb1191&Prime; img_size=\u00a0\u00bbfull\u00a0\u00bb alignment=\u00a0\u00bbcenter\u00a0\u00bb css=\u00a0\u00bb.vc_custom_1553687352176{margin-bottom: 10px !important;}\u00a0\u00bb]<div class=\"\"><a  id=\"btn-6a04c344e4c88\" class=\"btn btn-filled    btn-sm-sm\" href= \"\/fr\/product\/pharmaceuticals\/glove-tester\/\" target=\"_self\" >D\u00e9tails<\/a><\/div>[\/vc_column_inner][vc_column_inner el_class=\u00a0\u00bbtext-center featured-pr\u00a0\u00bb width=\u00a0\u00bb1\/4&Prime;]<div class=\"headings-title\"><div class=\"mb16 mb16 mb-xs-40 text-center\"><h5 style=\"text-transform: none!important;\" class=\"widgettitle mb0\">Tests de st\u00e9rilit\u00e9<\/h5><\/div><\/div>[vc_single_image image=\u00a0\u00bb1204&Prime; img_size=\u00a0\u00bbfull\u00a0\u00bb alignment=\u00a0\u00bbcenter\u00a0\u00bb css=\u00a0\u00bb.vc_custom_1553687386847{margin-bottom: 10px !important;}\u00a0\u00bb]<div class=\"\"><a  id=\"btn-6a04c344e4cab\" class=\"btn btn-filled    btn-sm-sm\" href= \"\/fr\/product\/pharmaceuticals\/sterility-testing\/\" target=\"_self\" >D\u00e9tails<\/a><\/div>[\/vc_column_inner][\/vc_row_inner][\/vc_column][\/vc_row]<\/p>","protected":false},"excerpt":{"rendered":"<p>[vc_row tlg_background_style=\u00a0\u00bbbg-secondary\u00a0\u00bb css=\u00a0\u00bb.vc_custom_1553687021257{padding-bottom: 2em !important;}\u00a0\u00bb][vc_column width=\u00a0\u00bb1\/4&Prime;][vc_column_text] Pharmaceutiques Remplissage aseptique Interface aseptique Transfert aseptique Tests de st\u00e9rilit\u00e9&#8230;<\/p>\n","protected":false},"featured_media":1600,"comment_status":"open","ping_status":"closed","template":"","meta":[],"class_list":["post-1747","product","type-product","status-publish","has-post-thumbnail","hentry","product_cat-pharmaceuticals"],"yoast_head":"<!-- This site is optimized with the Yoast SEO plugin v24.3 - https:\/\/yoast.com\/wordpress\/plugins\/seo\/ -->\n<title>Aseptic Filling Equipment | Aseptic IsoSphere-AF<\/title>\n<meta name=\"description\" content=\"IsoTech Design offers the IsoSphere-AF, a premium-grade aseptic filling isolator for small, medium, and large volume aseptic filling and processing.\" \/>\n<meta name=\"robots\" content=\"index, follow, max-snippet:-1, max-image-preview:large, max-video-preview:-1\" \/>\n<link rel=\"canonical\" href=\"https:\/\/www.isotechdesign.com\/product\/pharmaceuticals\/integrated-h2o2-generator\/\" \/>\n<meta property=\"og:locale\" content=\"fr_FR\" \/>\n<meta property=\"og:type\" content=\"article\" \/>\n<meta property=\"og:title\" content=\"Aseptic Filling Equipment | Aseptic IsoSphere-AF\" \/>\n<meta property=\"og:description\" content=\"IsoTech Design offers the IsoSphere-AF, a premium-grade aseptic filling isolator for small, medium, and large volume aseptic filling and processing.\" \/>\n<meta property=\"og:url\" content=\"https:\/\/www.isotechdesign.com\/product\/pharmaceuticals\/integrated-h2o2-generator\/\" \/>\n<meta property=\"og:site_name\" content=\"IsoTech Design\" \/>\n<meta property=\"article:modified_time\" content=\"2023-02-27T23:45:59+00:00\" \/>\n<meta property=\"og:image\" content=\"https:\/\/www.isotechdesign.com\/wp-content\/uploads\/shutterstock_114687286-2.jpg\" \/>\n\t<meta property=\"og:image:width\" content=\"1000\" \/>\n\t<meta property=\"og:image:height\" content=\"100\" \/>\n\t<meta property=\"og:image:type\" content=\"image\/jpeg\" \/>\n<meta name=\"twitter:card\" content=\"summary_large_image\" \/>\n<meta name=\"twitter:label1\" content=\"Dur\u00e9e de lecture estim\u00e9e\" \/>\n\t<meta name=\"twitter:data1\" content=\"6 minutes\" \/>\n<script type=\"application\/ld+json\" class=\"yoast-schema-graph\">{\"@context\":\"https:\/\/schema.org\",\"@graph\":[{\"@type\":\"WebPage\",\"@id\":\"https:\/\/www.isotechdesign.com\/product\/pharmaceuticals\/integrated-h2o2-generator\/\",\"url\":\"https:\/\/www.isotechdesign.com\/product\/pharmaceuticals\/integrated-h2o2-generator\/\",\"name\":\"Aseptic Filling Equipment | Aseptic IsoSphere-AF\",\"isPartOf\":{\"@id\":\"https:\/\/www.isotechdesign.com\/#website\"},\"primaryImageOfPage\":{\"@id\":\"https:\/\/www.isotechdesign.com\/product\/pharmaceuticals\/integrated-h2o2-generator\/#primaryimage\"},\"image\":{\"@id\":\"https:\/\/www.isotechdesign.com\/product\/pharmaceuticals\/integrated-h2o2-generator\/#primaryimage\"},\"thumbnailUrl\":\"https:\/\/www.isotechdesign.com\/wp-content\/uploads\/shutterstock_114687286-2.jpg\",\"datePublished\":\"2020-04-08T19:09:38+00:00\",\"dateModified\":\"2023-02-27T23:45:59+00:00\",\"description\":\"IsoTech Design offers the IsoSphere-AF, a premium-grade aseptic filling isolator for small, medium, and large volume aseptic filling and processing.\",\"breadcrumb\":{\"@id\":\"https:\/\/www.isotechdesign.com\/product\/pharmaceuticals\/integrated-h2o2-generator\/#breadcrumb\"},\"inLanguage\":\"fr-FR\",\"potentialAction\":[{\"@type\":\"ReadAction\",\"target\":[\"https:\/\/www.isotechdesign.com\/product\/pharmaceuticals\/integrated-h2o2-generator\/\"]}]},{\"@type\":\"ImageObject\",\"inLanguage\":\"fr-FR\",\"@id\":\"https:\/\/www.isotechdesign.com\/product\/pharmaceuticals\/integrated-h2o2-generator\/#primaryimage\",\"url\":\"https:\/\/www.isotechdesign.com\/wp-content\/uploads\/shutterstock_114687286-2.jpg\",\"contentUrl\":\"https:\/\/www.isotechdesign.com\/wp-content\/uploads\/shutterstock_114687286-2.jpg\",\"width\":1000,\"height\":100},{\"@type\":\"BreadcrumbList\",\"@id\":\"https:\/\/www.isotechdesign.com\/product\/pharmaceuticals\/integrated-h2o2-generator\/#breadcrumb\",\"itemListElement\":[{\"@type\":\"ListItem\",\"position\":1,\"name\":\"Home\",\"item\":\"https:\/\/www.isotechdesign.com\/\"},{\"@type\":\"ListItem\",\"position\":2,\"name\":\"Products\",\"item\":\"https:\/\/www.isotechdesign.com\/shop\/\"},{\"@type\":\"ListItem\",\"position\":3,\"name\":\"H2O2 Generator\"}]},{\"@type\":\"WebSite\",\"@id\":\"https:\/\/www.isotechdesign.com\/#website\",\"url\":\"https:\/\/www.isotechdesign.com\/\",\"name\":\"IsoTech Design\",\"description\":\"\",\"potentialAction\":[{\"@type\":\"SearchAction\",\"target\":{\"@type\":\"EntryPoint\",\"urlTemplate\":\"https:\/\/www.isotechdesign.com\/?s={search_term_string}\"},\"query-input\":{\"@type\":\"PropertyValueSpecification\",\"valueRequired\":true,\"valueName\":\"search_term_string\"}}],\"inLanguage\":\"fr-FR\"}]}<\/script>\n<!-- \/ Yoast SEO plugin. -->","yoast_head_json":{"title":"Aseptic Filling Equipment | Aseptic IsoSphere-AF","description":"IsoTech Design offers the IsoSphere-AF, a premium-grade aseptic filling isolator for small, medium, and large volume aseptic filling and processing.","robots":{"index":"index","follow":"follow","max-snippet":"max-snippet:-1","max-image-preview":"max-image-preview:large","max-video-preview":"max-video-preview:-1"},"canonical":"https:\/\/www.isotechdesign.com\/product\/pharmaceuticals\/integrated-h2o2-generator\/","og_locale":"fr_FR","og_type":"article","og_title":"Aseptic Filling Equipment | Aseptic IsoSphere-AF","og_description":"IsoTech Design offers the IsoSphere-AF, a premium-grade aseptic filling isolator for small, medium, and large volume aseptic filling and processing.","og_url":"https:\/\/www.isotechdesign.com\/product\/pharmaceuticals\/integrated-h2o2-generator\/","og_site_name":"IsoTech Design","article_modified_time":"2023-02-27T23:45:59+00:00","og_image":[{"width":1000,"height":100,"url":"https:\/\/www.isotechdesign.com\/wp-content\/uploads\/shutterstock_114687286-2.jpg","type":"image\/jpeg"}],"twitter_card":"summary_large_image","twitter_misc":{"Dur\u00e9e de lecture estim\u00e9e":"6 minutes"},"schema":{"@context":"https:\/\/schema.org","@graph":[{"@type":"WebPage","@id":"https:\/\/www.isotechdesign.com\/product\/pharmaceuticals\/integrated-h2o2-generator\/","url":"https:\/\/www.isotechdesign.com\/product\/pharmaceuticals\/integrated-h2o2-generator\/","name":"Aseptic Filling Equipment | Aseptic IsoSphere-AF","isPartOf":{"@id":"https:\/\/www.isotechdesign.com\/#website"},"primaryImageOfPage":{"@id":"https:\/\/www.isotechdesign.com\/product\/pharmaceuticals\/integrated-h2o2-generator\/#primaryimage"},"image":{"@id":"https:\/\/www.isotechdesign.com\/product\/pharmaceuticals\/integrated-h2o2-generator\/#primaryimage"},"thumbnailUrl":"https:\/\/www.isotechdesign.com\/wp-content\/uploads\/shutterstock_114687286-2.jpg","datePublished":"2020-04-08T19:09:38+00:00","dateModified":"2023-02-27T23:45:59+00:00","description":"IsoTech Design offers the IsoSphere-AF, a premium-grade aseptic filling isolator for small, medium, and large volume aseptic filling and processing.","breadcrumb":{"@id":"https:\/\/www.isotechdesign.com\/product\/pharmaceuticals\/integrated-h2o2-generator\/#breadcrumb"},"inLanguage":"fr-FR","potentialAction":[{"@type":"ReadAction","target":["https:\/\/www.isotechdesign.com\/product\/pharmaceuticals\/integrated-h2o2-generator\/"]}]},{"@type":"ImageObject","inLanguage":"fr-FR","@id":"https:\/\/www.isotechdesign.com\/product\/pharmaceuticals\/integrated-h2o2-generator\/#primaryimage","url":"https:\/\/www.isotechdesign.com\/wp-content\/uploads\/shutterstock_114687286-2.jpg","contentUrl":"https:\/\/www.isotechdesign.com\/wp-content\/uploads\/shutterstock_114687286-2.jpg","width":1000,"height":100},{"@type":"BreadcrumbList","@id":"https:\/\/www.isotechdesign.com\/product\/pharmaceuticals\/integrated-h2o2-generator\/#breadcrumb","itemListElement":[{"@type":"ListItem","position":1,"name":"Home","item":"https:\/\/www.isotechdesign.com\/"},{"@type":"ListItem","position":2,"name":"Products","item":"https:\/\/www.isotechdesign.com\/shop\/"},{"@type":"ListItem","position":3,"name":"H2O2 Generator"}]},{"@type":"WebSite","@id":"https:\/\/www.isotechdesign.com\/#website","url":"https:\/\/www.isotechdesign.com\/","name":"IsoTech Design","description":"","potentialAction":[{"@type":"SearchAction","target":{"@type":"EntryPoint","urlTemplate":"https:\/\/www.isotechdesign.com\/?s={search_term_string}"},"query-input":{"@type":"PropertyValueSpecification","valueRequired":true,"valueName":"search_term_string"}}],"inLanguage":"fr-FR"}]}},"_links":{"self":[{"href":"https:\/\/www.isotechdesign.com\/fr\/wp-json\/wp\/v2\/product\/1747","targetHints":{"allow":["GET"]}}],"collection":[{"href":"https:\/\/www.isotechdesign.com\/fr\/wp-json\/wp\/v2\/product"}],"about":[{"href":"https:\/\/www.isotechdesign.com\/fr\/wp-json\/wp\/v2\/types\/product"}],"replies":[{"embeddable":true,"href":"https:\/\/www.isotechdesign.com\/fr\/wp-json\/wp\/v2\/comments?post=1747"}],"wp:featuredmedia":[{"embeddable":true,"href":"https:\/\/www.isotechdesign.com\/fr\/wp-json\/wp\/v2\/media\/1600"}],"wp:attachment":[{"href":"https:\/\/www.isotechdesign.com\/fr\/wp-json\/wp\/v2\/media?parent=1747"}],"curies":[{"name":"wp","href":"https:\/\/api.w.org\/{rel}","templated":true}]}}