{"id":1112,"date":"2019-05-15T08:28:16","date_gmt":"2019-05-15T08:28:16","guid":{"rendered":"http:\/\/testingcity.com\/isotechdesign\/?post_type=product&#038;p=1112"},"modified":"2024-03-14T15:07:37","modified_gmt":"2024-03-14T19:07:37","slug":"microsphere","status":"publish","type":"product","link":"https:\/\/www.isotechdesign.com\/fr\/product\/hospitals-pharmacies\/microsphere\/","title":{"rendered":"MicroSphere"},"content":{"rendered":"<p>[vc_row tlg_background_style=\u00a0\u00bbbg-secondary\u00a0\u00bb css=\u00a0\u00bb.vc_custom_1553681679958{padding-bottom: 2em !important;}\u00a0\u00bb][vc_column width=\u00a0\u00bb1\/4&Prime;][vc_column_text]<\/p>\n<ul class=\"pr-menu\">\n<li class=\"menu-head\"><a href=\"\/fr\/products\/hospitals-pharmacies\/\">H\u00f4pitaux et Pharmacies<\/a><\/li>\n<li><a class=\"active\" href=\"\/fr\/product\/hospitals-pharmacies\/microsphere\/\">MicroSphere<\/a><\/li>\n<li><a href=\"\/fr\/product\/hospitals-pharmacies\/chemoshpere\/\">ChemoSphere<\/a><\/li>\n<li><a href=\"\/fr\/product\/hospitals-pharmacies\/small-volume-chemo\/\">ChemoSphere \u2013 Petit volume<\/a><\/li>\n<li><a href=\"\/fr\/product\/hospitals-pharmacies\/hormone-powder-compounding\/\">Pr\u00e9parations d&rsquo;hormones et de poudre<\/a><\/li>\n<li><a href=\"\/fr\/product\/hospitals-pharmacies\/clean-air-workstation\/\">Poste de travail \u00e0 air propre<\/a><\/li>\n<li><a href=\"\/fr\/product\/hospitals-pharmacies\/fan-filter-unit\/\">Unit\u00e9s de filtres \u00e0 ventilateur<\/a><\/li>\n<li><a href=\"\/fr\/product\/hospitals-pharmacies\/secondary-hepa-filtration\/\">Unit\u00e9s secondaires de filtration HEPA<\/a><\/li>\n<\/ul>\n<p>[\/vc_column_text][vc_column_text]For more information or a quote, please contact us at:<\/p>\n<p>1-800-476-2010<br \/>\n514-956-1602<br \/>\ninfo@isotechdesign.com[\/vc_column_text][\/vc_column][vc_column width=\u00a0\u00bb3\/4&Prime;]<div class=\"headings-title\"><div class=\"mb16 mb16 mb-xs-40 text-left\"><h5 style=\"font-size:35px;line-height:45px;text-transform: none!important;\" class=\"widgettitle mb0\">MicroSphere<\/h5><\/div><\/div>[vc_tta_tabs][vc_tta_section title=\u00a0\u00bbDescription et avantages\u00a0\u00bb tab_id=\u00a0\u00bbDescription-et-avantages\u00a0\u00bb][vc_row_inner][vc_column_inner width=\u00a0\u00bb1\/2&Prime;][vc_single_image image=\u00a0\u00bb1114&Prime; img_size=\u00a0\u00bbfull\u00a0\u00bb alignment=\u00a0\u00bbcenter\u00a0\u00bb onclick=\u00a0\u00bblink_image\u00a0\u00bb][\/vc_column_inner][vc_column_inner width=\u00a0\u00bb1\/2&Prime;][vc_column_text]<span style=\"font-weight: 400;\">Le Microsphere est un C.A.I. s\u00e9curitaire, propre et rentable pour les pr\u00e9parations st\u00e9riles qui est conforme aux normes USP &lt;797&gt; et l&rsquo;OPQ<\/span><\/p>\n<ul>\n<li>Barri\u00e8re les produits et les techniciens, ce qui enl\u00e8ve le besoin d&rsquo;une salle blanche<\/li>\n<li>Classe ISO 4 dans la chambre principale et classe ISO 5 dans l&rsquo;antichambre<\/li>\n<li>C.A.I. de pression unidirectionnelle et positive<\/li>\n<li>Temps de r\u00e9cup\u00e9ration de moins de 60 secondes<\/li>\n<li>Taux de r\u00e9cup\u00e9ration rapide (moins de 1 minute)<\/li>\n<li>Facilit\u00e9 d&rsquo;utilisation, ergonomique et facile \u00e0 installer, entretenir et exploiter<\/li>\n<li>Plusieurs tailles et options disponibles<\/li>\n<li>En option EP: Plan Essentiel incluant la formation portant sur les SOP, le soutien technique et les essentiels.<\/li>\n<\/ul>\n<p>[\/vc_column_text][\/vc_column_inner][\/vc_row_inner][\/vc_tta_section][vc_tta_section title=\u00a0\u00bbT\u00e9l\u00e9charger la brochure\u00a0\u00bb tab_id=\u00a0\u00bbT-la-brochure\u00a0\u00bb][vc_row_inner][vc_column_inner width=\u00a0\u00bb1\/2&Prime;][vc_single_image image=\u00a0\u00bb1114&Prime; img_size=\u00a0\u00bbfull\u00a0\u00bb][\/vc_column_inner][vc_column_inner width=\u00a0\u00bb1\/2&Prime;][vc_column_text]<a href=\"\/wp-content\/uploads\/MicroSphere-Brochure_FRENCH_20180319.pdf\"><img decoding=\"async\" src=\"\/wp-content\/uploads\/pdf.jpg\" \/><\/a>[\/vc_column_text][\/vc_column_inner][\/vc_row_inner][\/vc_tta_section][\/vc_tta_tabs][\/vc_column][\/vc_row][vc_row tlg_background_style=\u00a0\u00bbbg-secondary\u00a0\u00bb css=\u00a0\u00bb.vc_custom_1553681858254{padding-top: 0px !important;}\u00a0\u00bb][vc_column]<div class=\"headings-title\"><div class=\"mb16 mb16 mb-xs-40 text-center\"><h4 style=\"text-transform: none!important;\" class=\"widgettitle mb0\">Produits apparent\u00e9s<\/h4><\/div><\/div>[vc_row_inner][vc_column_inner el_class=\u00a0\u00bbtext-center featured-pr\u00a0\u00bb width=\u00a0\u00bb1\/4&Prime;]<div class=\"headings-title\"><div class=\"mb16 mb16 mb-xs-40 text-center\"><h5 style=\"text-transform: none!important;\" class=\"widgettitle mb0\">ChemoSphere<\/h5><\/div><\/div><div class=\"tlg-spacer\" data-height=\"24\" data-height-tablet=\"24\" data-height-mobile=\"24\" style=\"clear:both;display:block;height:24px;\"><\/div>[vc_single_image image=\u00a0\u00bb1158&Prime; img_size=\u00a0\u00bbfull\u00a0\u00bb alignment=\u00a0\u00bbcenter\u00a0\u00bb css=\u00a0\u00bb.vc_custom_1554536398225{margin-bottom: 5px !important;}\u00a0\u00bb]<div class=\"\"><a  id=\"btn-69de9585bcf8d\" class=\"btn btn-filled    btn-sm-sm\" href= \"\/fr\/product\/hospitals-pharmacies\/chemoshpere\/\" target=\"_self\" >D\u00e9tails<\/a><\/div>[\/vc_column_inner][vc_column_inner el_class=\u00a0\u00bbtext-center featured-pr\u00a0\u00bb width=\u00a0\u00bb1\/4&Prime;]<div class=\"headings-title\"><div class=\"mb16 mb16 mb-xs-40 text-center\"><h5 style=\"text-transform: none!important;\" class=\"widgettitle mb0\">ChemoSphere \u2013 Petit volume<\/h5><\/div><\/div><div class=\"tlg-spacer\" data-height=\"24\" data-height-tablet=\"24\" data-height-mobile=\"24\" style=\"clear:both;display:block;height:24px;\"><\/div>[vc_single_image image=\u00a0\u00bb1157&Prime; img_size=\u00a0\u00bbfull\u00a0\u00bb alignment=\u00a0\u00bbcenter\u00a0\u00bb css=\u00a0\u00bb.vc_custom_1554536431865{margin-bottom: 5px !important;}\u00a0\u00bb]<div class=\"\"><a  id=\"btn-69de9585bcfc2\" class=\"btn btn-filled    btn-sm-sm\" href= \"\/fr\/product\/hospitals-pharmacies\/small-volume-chemo\/\" target=\"_self\" >D\u00e9tails<\/a><\/div>[\/vc_column_inner][vc_column_inner el_class=\u00a0\u00bbtext-center featured-pr\u00a0\u00bb width=\u00a0\u00bb1\/4&Prime;]<div class=\"headings-title\"><div class=\"mb16 mb16 mb-xs-40 text-center\"><h5 style=\"text-transform: none!important;\" class=\"widgettitle mb0\">Pr\u00e9parations d'hormones et de poudre<\/h5><\/div><\/div>[vc_single_image image=\u00a0\u00bb1676&Prime; img_size=\u00a0\u00bbfull\u00a0\u00bb alignment=\u00a0\u00bbcenter\u00a0\u00bb css=\u00a0\u00bb.vc_custom_1558159173631{margin-bottom: 5px !important;}\u00a0\u00bb]<div class=\"\"><a  id=\"btn-69de9585bcfef\" class=\"btn btn-filled    btn-sm-sm\" href= \"\/fr\/product\/hospitals-pharmacies\/hormone-powder-compounding\/\" target=\"_self\" >D\u00e9tails<\/a><\/div>[\/vc_column_inner][vc_column_inner el_class=\u00a0\u00bbtext-center featured-pr\u00a0\u00bb width=\u00a0\u00bb1\/4&Prime;]<div class=\"headings-title\"><div class=\"mb16 mb16 mb-xs-40 text-center\"><h5 style=\"text-transform: none!important;\" class=\"widgettitle mb0\">Poste de travail \u00e0 air propre<\/h5><\/div><\/div><div class=\"tlg-spacer\" data-height=\"24\" data-height-tablet=\"24\" data-height-mobile=\"24\" style=\"clear:both;display:block;height:24px;\"><\/div>[vc_single_image image=\u00a0\u00bb1159&Prime; img_size=\u00a0\u00bbfull\u00a0\u00bb alignment=\u00a0\u00bbcenter\u00a0\u00bb css=\u00a0\u00bb.vc_custom_1554536519968{margin-bottom: 5px !important;}\u00a0\u00bb]<div class=\"\"><a  id=\"btn-69de9585bd031\" class=\"btn btn-filled    btn-sm-sm\" href= \"\/fr\/product\/hospitals-pharmacies\/clean-air-workstation\/\" target=\"_self\" >D\u00e9tails<\/a><\/div>[\/vc_column_inner][\/vc_row_inner][\/vc_column][\/vc_row]<\/p>","protected":false},"excerpt":{"rendered":"<p>[vc_row tlg_background_style=\u00a0\u00bbbg-secondary\u00a0\u00bb css=\u00a0\u00bb.vc_custom_1553681679958{padding-bottom: 2em !important;}\u00a0\u00bb][vc_column width=\u00a0\u00bb1\/4&Prime;][vc_column_text] H\u00f4pitaux et Pharmacies MicroSphere ChemoSphere ChemoSphere \u2013 Petit volume Pr\u00e9parations&#8230;<\/p>\n","protected":false},"featured_media":1600,"comment_status":"open","ping_status":"closed","template":"","meta":[],"class_list":["post-1112","product","type-product","status-publish","has-post-thumbnail","hentry","product_cat-hospitals-pharmacies"],"yoast_head":"<!-- This site is optimized with the Yoast SEO plugin v24.3 - https:\/\/yoast.com\/wordpress\/plugins\/seo\/ -->\n<title>Sterile Compounding Hood | MicroSphere | IsoTech Design<\/title>\n<meta name=\"description\" content=\"Sterile compounding is challenging and presents pharmacies with a lot of risk. A sterile compounding hood from IsoTech Design creates a safer work environment.\" \/>\n<meta name=\"robots\" content=\"index, follow, max-snippet:-1, max-image-preview:large, max-video-preview:-1\" \/>\n<link rel=\"canonical\" href=\"https:\/\/www.isotechdesign.com\/product\/hospitals-pharmacies\/microsphere\/\" \/>\n<meta property=\"og:locale\" content=\"fr_FR\" \/>\n<meta property=\"og:type\" content=\"article\" \/>\n<meta property=\"og:title\" content=\"Sterile Compounding Hood | MicroSphere | IsoTech Design\" \/>\n<meta property=\"og:description\" content=\"Sterile compounding is challenging and presents pharmacies with a lot of risk. A sterile compounding hood from IsoTech Design creates a safer work environment.\" \/>\n<meta property=\"og:url\" content=\"https:\/\/www.isotechdesign.com\/product\/hospitals-pharmacies\/microsphere\/\" \/>\n<meta property=\"og:site_name\" content=\"IsoTech Design\" \/>\n<meta property=\"article:modified_time\" content=\"2024-03-14T19:07:37+00:00\" \/>\n<meta property=\"og:image\" content=\"https:\/\/www.isotechdesign.com\/wp-content\/uploads\/shutterstock_114687286-2.jpg\" \/>\n\t<meta property=\"og:image:width\" content=\"1000\" \/>\n\t<meta property=\"og:image:height\" content=\"100\" \/>\n\t<meta property=\"og:image:type\" content=\"image\/jpeg\" \/>\n<meta name=\"twitter:card\" content=\"summary_large_image\" \/>\n<meta name=\"twitter:label1\" content=\"Dur\u00e9e de lecture estim\u00e9e\" \/>\n\t<meta name=\"twitter:data1\" content=\"6 minutes\" \/>\n<script type=\"application\/ld+json\" class=\"yoast-schema-graph\">{\"@context\":\"https:\/\/schema.org\",\"@graph\":[{\"@type\":\"WebPage\",\"@id\":\"https:\/\/www.isotechdesign.com\/product\/hospitals-pharmacies\/microsphere\/\",\"url\":\"https:\/\/www.isotechdesign.com\/product\/hospitals-pharmacies\/microsphere\/\",\"name\":\"Sterile Compounding Hood | MicroSphere | IsoTech Design\",\"isPartOf\":{\"@id\":\"https:\/\/www.isotechdesign.com\/#website\"},\"primaryImageOfPage\":{\"@id\":\"https:\/\/www.isotechdesign.com\/product\/hospitals-pharmacies\/microsphere\/#primaryimage\"},\"image\":{\"@id\":\"https:\/\/www.isotechdesign.com\/product\/hospitals-pharmacies\/microsphere\/#primaryimage\"},\"thumbnailUrl\":\"https:\/\/www.isotechdesign.com\/wp-content\/uploads\/shutterstock_114687286-2.jpg\",\"datePublished\":\"2019-05-15T08:28:16+00:00\",\"dateModified\":\"2024-03-14T19:07:37+00:00\",\"description\":\"Sterile compounding is challenging and presents pharmacies with a lot of risk. A sterile compounding hood from IsoTech Design creates a safer work environment.\",\"breadcrumb\":{\"@id\":\"https:\/\/www.isotechdesign.com\/product\/hospitals-pharmacies\/microsphere\/#breadcrumb\"},\"inLanguage\":\"fr-FR\",\"potentialAction\":[{\"@type\":\"ReadAction\",\"target\":[\"https:\/\/www.isotechdesign.com\/product\/hospitals-pharmacies\/microsphere\/\"]}]},{\"@type\":\"ImageObject\",\"inLanguage\":\"fr-FR\",\"@id\":\"https:\/\/www.isotechdesign.com\/product\/hospitals-pharmacies\/microsphere\/#primaryimage\",\"url\":\"https:\/\/www.isotechdesign.com\/wp-content\/uploads\/shutterstock_114687286-2.jpg\",\"contentUrl\":\"https:\/\/www.isotechdesign.com\/wp-content\/uploads\/shutterstock_114687286-2.jpg\",\"width\":1000,\"height\":100},{\"@type\":\"BreadcrumbList\",\"@id\":\"https:\/\/www.isotechdesign.com\/product\/hospitals-pharmacies\/microsphere\/#breadcrumb\",\"itemListElement\":[{\"@type\":\"ListItem\",\"position\":1,\"name\":\"Home\",\"item\":\"https:\/\/www.isotechdesign.com\/\"},{\"@type\":\"ListItem\",\"position\":2,\"name\":\"Products\",\"item\":\"https:\/\/www.isotechdesign.com\/shop\/\"},{\"@type\":\"ListItem\",\"position\":3,\"name\":\"MicroSphere\"}]},{\"@type\":\"WebSite\",\"@id\":\"https:\/\/www.isotechdesign.com\/#website\",\"url\":\"https:\/\/www.isotechdesign.com\/\",\"name\":\"IsoTech Design\",\"description\":\"\",\"potentialAction\":[{\"@type\":\"SearchAction\",\"target\":{\"@type\":\"EntryPoint\",\"urlTemplate\":\"https:\/\/www.isotechdesign.com\/?s={search_term_string}\"},\"query-input\":{\"@type\":\"PropertyValueSpecification\",\"valueRequired\":true,\"valueName\":\"search_term_string\"}}],\"inLanguage\":\"fr-FR\"}]}<\/script>\n<!-- \/ Yoast SEO plugin. -->","yoast_head_json":{"title":"Sterile Compounding Hood | MicroSphere | IsoTech Design","description":"Sterile compounding is challenging and presents pharmacies with a lot of risk. A sterile compounding hood from IsoTech Design creates a safer work environment.","robots":{"index":"index","follow":"follow","max-snippet":"max-snippet:-1","max-image-preview":"max-image-preview:large","max-video-preview":"max-video-preview:-1"},"canonical":"https:\/\/www.isotechdesign.com\/product\/hospitals-pharmacies\/microsphere\/","og_locale":"fr_FR","og_type":"article","og_title":"Sterile Compounding Hood | MicroSphere | IsoTech Design","og_description":"Sterile compounding is challenging and presents pharmacies with a lot of risk. A sterile compounding hood from IsoTech Design creates a safer work environment.","og_url":"https:\/\/www.isotechdesign.com\/product\/hospitals-pharmacies\/microsphere\/","og_site_name":"IsoTech Design","article_modified_time":"2024-03-14T19:07:37+00:00","og_image":[{"width":1000,"height":100,"url":"https:\/\/www.isotechdesign.com\/wp-content\/uploads\/shutterstock_114687286-2.jpg","type":"image\/jpeg"}],"twitter_card":"summary_large_image","twitter_misc":{"Dur\u00e9e de lecture estim\u00e9e":"6 minutes"},"schema":{"@context":"https:\/\/schema.org","@graph":[{"@type":"WebPage","@id":"https:\/\/www.isotechdesign.com\/product\/hospitals-pharmacies\/microsphere\/","url":"https:\/\/www.isotechdesign.com\/product\/hospitals-pharmacies\/microsphere\/","name":"Sterile Compounding Hood | MicroSphere | IsoTech Design","isPartOf":{"@id":"https:\/\/www.isotechdesign.com\/#website"},"primaryImageOfPage":{"@id":"https:\/\/www.isotechdesign.com\/product\/hospitals-pharmacies\/microsphere\/#primaryimage"},"image":{"@id":"https:\/\/www.isotechdesign.com\/product\/hospitals-pharmacies\/microsphere\/#primaryimage"},"thumbnailUrl":"https:\/\/www.isotechdesign.com\/wp-content\/uploads\/shutterstock_114687286-2.jpg","datePublished":"2019-05-15T08:28:16+00:00","dateModified":"2024-03-14T19:07:37+00:00","description":"Sterile compounding is challenging and presents pharmacies with a lot of risk. A sterile compounding hood from IsoTech Design creates a safer work environment.","breadcrumb":{"@id":"https:\/\/www.isotechdesign.com\/product\/hospitals-pharmacies\/microsphere\/#breadcrumb"},"inLanguage":"fr-FR","potentialAction":[{"@type":"ReadAction","target":["https:\/\/www.isotechdesign.com\/product\/hospitals-pharmacies\/microsphere\/"]}]},{"@type":"ImageObject","inLanguage":"fr-FR","@id":"https:\/\/www.isotechdesign.com\/product\/hospitals-pharmacies\/microsphere\/#primaryimage","url":"https:\/\/www.isotechdesign.com\/wp-content\/uploads\/shutterstock_114687286-2.jpg","contentUrl":"https:\/\/www.isotechdesign.com\/wp-content\/uploads\/shutterstock_114687286-2.jpg","width":1000,"height":100},{"@type":"BreadcrumbList","@id":"https:\/\/www.isotechdesign.com\/product\/hospitals-pharmacies\/microsphere\/#breadcrumb","itemListElement":[{"@type":"ListItem","position":1,"name":"Home","item":"https:\/\/www.isotechdesign.com\/"},{"@type":"ListItem","position":2,"name":"Products","item":"https:\/\/www.isotechdesign.com\/shop\/"},{"@type":"ListItem","position":3,"name":"MicroSphere"}]},{"@type":"WebSite","@id":"https:\/\/www.isotechdesign.com\/#website","url":"https:\/\/www.isotechdesign.com\/","name":"IsoTech Design","description":"","potentialAction":[{"@type":"SearchAction","target":{"@type":"EntryPoint","urlTemplate":"https:\/\/www.isotechdesign.com\/?s={search_term_string}"},"query-input":{"@type":"PropertyValueSpecification","valueRequired":true,"valueName":"search_term_string"}}],"inLanguage":"fr-FR"}]}},"_links":{"self":[{"href":"https:\/\/www.isotechdesign.com\/fr\/wp-json\/wp\/v2\/product\/1112","targetHints":{"allow":["GET"]}}],"collection":[{"href":"https:\/\/www.isotechdesign.com\/fr\/wp-json\/wp\/v2\/product"}],"about":[{"href":"https:\/\/www.isotechdesign.com\/fr\/wp-json\/wp\/v2\/types\/product"}],"replies":[{"embeddable":true,"href":"https:\/\/www.isotechdesign.com\/fr\/wp-json\/wp\/v2\/comments?post=1112"}],"wp:featuredmedia":[{"embeddable":true,"href":"https:\/\/www.isotechdesign.com\/fr\/wp-json\/wp\/v2\/media\/1600"}],"wp:attachment":[{"href":"https:\/\/www.isotechdesign.com\/fr\/wp-json\/wp\/v2\/media?parent=1112"}],"curies":[{"name":"wp","href":"https:\/\/api.w.org\/{rel}","templated":true}]}}