{"id":1106,"date":"2019-05-15T08:05:48","date_gmt":"2019-05-15T08:05:48","guid":{"rendered":"http:\/\/testingcity.com\/isotechdesign\/?post_type=product&#038;p=1106"},"modified":"2024-08-27T12:39:18","modified_gmt":"2024-08-27T16:39:18","slug":"hormone-powder-compounding","status":"publish","type":"product","link":"https:\/\/www.isotechdesign.com\/fr\/product\/hospitals-pharmacies\/hormone-powder-compounding\/","title":{"rendered":"Pr\u00e9parations d&rsquo;hormones et de poudre"},"content":{"rendered":"<p>[vc_row tlg_background_style=\u00a0\u00bbbg-secondary\u00a0\u00bb][vc_column width=\u00a0\u00bb1\/4&Prime;][vc_column_text]<\/p>\n<ul class=\"pr-menu\">\n<li class=\"menu-head\"><a href=\"\/fr\/products\/hospitals-pharmacies\/\">H\u00f4pitaux et Pharmacies<\/a><\/li>\n<li><a href=\"\/fr\/product\/hospitals-pharmacies\/microsphere\/\">MicroSphere<\/a><\/li>\n<li><a href=\"\/fr\/product\/hospitals-pharmacies\/chemoshpere\/\">ChemoSphere<\/a><\/li>\n<li><a href=\"\/fr\/product\/hospitals-pharmacies\/small-volume-chemo\/\">ChemoSphere \u2013 Petit volume<\/a><\/li>\n<li><a class=\"active\" href=\"\/fr\/product\/hospitals-pharmacies\/hormone-powder-compounding\/\">Pr\u00e9parations d&rsquo;hormones et de poudre<\/a><\/li>\n<li><a href=\"\/fr\/product\/hospitals-pharmacies\/clean-air-workstation\/\">Poste de travail \u00e0 air propre<\/a><\/li>\n<li><a href=\"\/fr\/product\/hospitals-pharmacies\/fan-filter-unit\/\">Unit\u00e9s de filtres \u00e0 ventilateur<\/a><\/li>\n<li><a href=\"\/fr\/product\/hospitals-pharmacies\/secondary-hepa-filtration\/\">Unit\u00e9s secondaires de filtration HEPA<\/a><\/li>\n<\/ul>\n<p>[\/vc_column_text][vc_column_text]Pour plus d\u2019information ou pour une soumission, veuillez nous contacter au :<\/p>\n<p>1-800-476-2010<br \/>\n514-956-1602<br \/>\ninfo@isotechdesign.com[\/vc_column_text][\/vc_column][vc_column width=\u00a0\u00bb3\/4&Prime;]<div class=\"headings-title\"><div class=\"mb16 mb16 mb-xs-40 text-left\"><h5 style=\"font-size:35px;line-height:45px;text-transform: none!important;\" class=\"widgettitle mb0\">Pr\u00e9parations d'hormones et de poudre<\/h5><\/div><\/div>[vc_tta_tabs][vc_tta_section title=\u00a0\u00bbDescription et avantages\u00a0\u00bb tab_id=\u00a0\u00bbDescription-et-avantages\u00a0\u00bb][vc_row_inner][vc_column_inner width=\u00a0\u00bb1\/2&Prime;][vc_single_image image=\u00a0\u00bb1767&Prime; img_size=\u00a0\u00bbfull\u00a0\u00bb alignment=\u00a0\u00bbcenter\u00a0\u00bb onclick=\u00a0\u00bblink_image\u00a0\u00bb][\/vc_column_inner][vc_column_inner width=\u00a0\u00bb1\/2&Prime;][vc_column_text]Le SafeAiRx est une hotte Class I, capable d\u2019\u00e9vacuer des particules et des vapeurs pour une pr\u00e9paration s\u00e9curitaire en pharmacie.<\/p>\n<ul>\n<li>Flux d\u2019air horizontal et vertical avec une vitesse de 100 pieds \/ minute<\/li>\n<li>Tr\u00e8s rentable, sans conduits et sans frais d&rsquo;installation<\/li>\n<li>Unit\u00e9 compact avec une surface de travail en acier inoxydable<\/li>\n<li>Faible vibration et turbulence \u00e0 l&rsquo;int\u00e9rieur de l&rsquo;unit\u00e9<\/li>\n<li>L\u2019air peut \u00eatre \u00e9vacu\u00e9 \u00e0 l&rsquo;ext\u00e9rieur avec un collier de transition CVC en conformit\u00e9 avec USP &lt;800&gt;<\/li>\n<li>Filtre \u00e0 charbon actif en option pouvant avec plusieurs choix de carbone pour assurer une meilleure protection contre les fum\u00e9es, les gaz et les vapeurs.<\/li>\n<\/ul>\n<p>[\/vc_column_text][\/vc_column_inner][\/vc_row_inner][\/vc_tta_section][vc_tta_section title=\u00a0\u00bbT\u00e9l\u00e9charger la brochure\u00a0\u00bb tab_id=\u00a0\u00bbT-la-brochure\u00a0\u00bb][vc_row_inner][vc_column_inner width=\u00a0\u00bb1\/2&Prime;][vc_single_image image=\u00a0\u00bb1676&Prime; img_size=\u00a0\u00bbfull\u00a0\u00bb][\/vc_column_inner][vc_column_inner width=\u00a0\u00bb1\/2&Prime;][vc_column_text]<a href=\"\/wp-content\/uploads\/SafeAIRx-Brochure-Fr.pdf\"><img decoding=\"async\" src=\"\/wp-content\/uploads\/pdf.jpg\" \/><\/a>[\/vc_column_text][\/vc_column_inner][\/vc_row_inner][\/vc_tta_section][\/vc_tta_tabs][\/vc_column][\/vc_row][vc_row tlg_background_style=\u00a0\u00bbbg-secondary\u00a0\u00bb css=\u00a0\u00bb.vc_custom_1553684255476{padding-top: 0px !important;}\u00a0\u00bb][vc_column]<div class=\"headings-title\"><div class=\"mb16 mb16 mb-xs-40 text-center\"><h4 style=\"text-transform: none!important;\" class=\"widgettitle mb0\">Produits apparent\u00e9s<\/h4><\/div><\/div>[vc_row_inner][vc_column_inner el_class=\u00a0\u00bbtext-center featured-pr\u00a0\u00bb width=\u00a0\u00bb1\/4&Prime;]<div class=\"headings-title\"><div class=\"mb16 mb16 mb-xs-40 text-center\"><h5 style=\"text-transform: none!important;\" class=\"widgettitle mb0\">MicroSphere<\/h5><\/div><\/div>[vc_single_image image=\u00a0\u00bb1675&Prime; img_size=\u00a0\u00bbfull\u00a0\u00bb alignment=\u00a0\u00bbcenter\u00a0\u00bb css=\u00a0\u00bb.vc_custom_1558095943869{margin-bottom: 5px !important;}\u00a0\u00bb]<div class=\"\"><a  id=\"btn-69e30347aebc6\" class=\"btn btn-filled    btn-sm-sm\" href= \"\/fr\/product\/hospitals-pharmacies\/microsphere\/\" target=\"_self\" >D\u00e9tails<\/a><\/div>[\/vc_column_inner][vc_column_inner el_class=\u00a0\u00bbtext-center featured-pr\u00a0\u00bb width=\u00a0\u00bb1\/4&Prime;]<div class=\"headings-title\"><div class=\"mb16 mb16 mb-xs-40 text-center\"><h5 style=\"text-transform: none!important;\" class=\"widgettitle mb0\">ChemoSphere<\/h5><\/div><\/div>[vc_single_image image=\u00a0\u00bb1158&Prime; img_size=\u00a0\u00bbfull\u00a0\u00bb alignment=\u00a0\u00bbcenter\u00a0\u00bb css=\u00a0\u00bb.vc_custom_1554537554298{margin-bottom: 5px !important;}\u00a0\u00bb]<div class=\"\"><a  id=\"btn-69e30347aebee\" class=\"btn btn-filled    btn-sm-sm\" href= \"\/fr\/product\/hospitals-pharmacies\/chemoshpere\/\" target=\"_self\" >D\u00e9tails<\/a><\/div>[\/vc_column_inner][vc_column_inner el_class=\u00a0\u00bbtext-center featured-pr\u00a0\u00bb width=\u00a0\u00bb1\/4&Prime;]<div class=\"headings-title\"><div class=\"mb16 mb16 mb-xs-40 text-center\"><h5 style=\"text-transform: none!important;\" class=\"widgettitle mb0\">ChemoSphere \u2013 Petit volume<\/h5><\/div><\/div>[vc_single_image image=\u00a0\u00bb1157&Prime; img_size=\u00a0\u00bbfull\u00a0\u00bb alignment=\u00a0\u00bbcenter\u00a0\u00bb css=\u00a0\u00bb.vc_custom_1554537606171{margin-bottom: 5px !important;}\u00a0\u00bb]<div class=\"\"><a  id=\"btn-69e30347aec1f\" class=\"btn btn-filled    btn-sm-sm\" href= \"\/fr\/product\/hospitals-pharmacies\/small-volume-chemo\/\" target=\"_self\" >D\u00e9tails<\/a><\/div>[\/vc_column_inner][vc_column_inner el_class=\u00a0\u00bbtext-center featured-pr\u00a0\u00bb width=\u00a0\u00bb1\/4&Prime;]<div class=\"headings-title\"><div class=\"mb16 mb16 mb-xs-40 text-center\"><h5 style=\"text-transform: none!important;\" class=\"widgettitle mb0\">Poste de travail \u00e0 air propre<\/h5><\/div><\/div>[vc_single_image image=\u00a0\u00bb1159&Prime; img_size=\u00a0\u00bbfull\u00a0\u00bb alignment=\u00a0\u00bbcenter\u00a0\u00bb css=\u00a0\u00bb.vc_custom_1554917540399{margin-bottom: 5px !important;}\u00a0\u00bb]<div class=\"\"><a  id=\"btn-69e30347aec4a\" class=\"btn btn-filled    btn-sm-sm\" href= \"\/fr\/product\/hospitals-pharmacies\/clean-air-workstation\/\" target=\"_self\" >D\u00e9tails<\/a><\/div>[\/vc_column_inner][\/vc_row_inner][\/vc_column][\/vc_row]<\/p>","protected":false},"excerpt":{"rendered":"<p>[vc_row tlg_background_style=\u00a0\u00bbbg-secondary\u00a0\u00bb][vc_column width=\u00a0\u00bb1\/4&Prime;][vc_column_text] H\u00f4pitaux et Pharmacies MicroSphere ChemoSphere ChemoSphere \u2013 Petit volume Pr\u00e9parations d&rsquo;hormones et de&#8230;<\/p>\n","protected":false},"featured_media":1600,"comment_status":"open","ping_status":"closed","template":"","meta":[],"class_list":["post-1106","product","type-product","status-publish","has-post-thumbnail","hentry","product_cat-hospitals-pharmacies"],"yoast_head":"<!-- This site is optimized with the Yoast SEO plugin v24.3 - https:\/\/yoast.com\/wordpress\/plugins\/seo\/ -->\n<title>Powder Hood | Hormone &amp; Powder Compounding | SafeAiRx<\/title>\n<meta name=\"description\" content=\"IsoTech Design offers the SafeAiRx ductless benchtop fume hood for the safe compounding of hormones and powders in hospitals and pharmacies. Get yours today.\" \/>\n<meta name=\"robots\" content=\"index, follow, max-snippet:-1, max-image-preview:large, max-video-preview:-1\" \/>\n<link rel=\"canonical\" href=\"https:\/\/www.isotechdesign.com\/product\/hospitals-pharmacies\/hormone-powder-compounding\/\" \/>\n<meta property=\"og:locale\" content=\"fr_FR\" \/>\n<meta property=\"og:type\" content=\"article\" \/>\n<meta property=\"og:title\" content=\"Powder Hood | Hormone &amp; Powder Compounding | SafeAiRx\" \/>\n<meta property=\"og:description\" content=\"IsoTech Design offers the SafeAiRx ductless benchtop fume hood for the safe compounding of hormones and powders in hospitals and pharmacies. Get yours today.\" \/>\n<meta property=\"og:url\" content=\"https:\/\/www.isotechdesign.com\/product\/hospitals-pharmacies\/hormone-powder-compounding\/\" \/>\n<meta property=\"og:site_name\" content=\"IsoTech Design\" \/>\n<meta property=\"article:modified_time\" content=\"2024-08-27T16:39:18+00:00\" \/>\n<meta property=\"og:image\" content=\"https:\/\/www.isotechdesign.com\/wp-content\/uploads\/shutterstock_114687286-2.jpg\" \/>\n\t<meta property=\"og:image:width\" content=\"1000\" \/>\n\t<meta property=\"og:image:height\" content=\"100\" \/>\n\t<meta property=\"og:image:type\" content=\"image\/jpeg\" \/>\n<meta name=\"twitter:card\" content=\"summary_large_image\" \/>\n<meta name=\"twitter:label1\" content=\"Dur\u00e9e de lecture estim\u00e9e\" \/>\n\t<meta name=\"twitter:data1\" content=\"6 minutes\" \/>\n<script type=\"application\/ld+json\" class=\"yoast-schema-graph\">{\"@context\":\"https:\/\/schema.org\",\"@graph\":[{\"@type\":\"WebPage\",\"@id\":\"https:\/\/www.isotechdesign.com\/product\/hospitals-pharmacies\/hormone-powder-compounding\/\",\"url\":\"https:\/\/www.isotechdesign.com\/product\/hospitals-pharmacies\/hormone-powder-compounding\/\",\"name\":\"Powder Hood | Hormone & Powder Compounding | SafeAiRx\",\"isPartOf\":{\"@id\":\"https:\/\/www.isotechdesign.com\/#website\"},\"primaryImageOfPage\":{\"@id\":\"https:\/\/www.isotechdesign.com\/product\/hospitals-pharmacies\/hormone-powder-compounding\/#primaryimage\"},\"image\":{\"@id\":\"https:\/\/www.isotechdesign.com\/product\/hospitals-pharmacies\/hormone-powder-compounding\/#primaryimage\"},\"thumbnailUrl\":\"https:\/\/www.isotechdesign.com\/wp-content\/uploads\/shutterstock_114687286-2.jpg\",\"datePublished\":\"2019-05-15T08:05:48+00:00\",\"dateModified\":\"2024-08-27T16:39:18+00:00\",\"description\":\"IsoTech Design offers the SafeAiRx ductless benchtop fume hood for the safe compounding of hormones and powders in hospitals and pharmacies. Get yours today.\",\"breadcrumb\":{\"@id\":\"https:\/\/www.isotechdesign.com\/product\/hospitals-pharmacies\/hormone-powder-compounding\/#breadcrumb\"},\"inLanguage\":\"fr-FR\",\"potentialAction\":[{\"@type\":\"ReadAction\",\"target\":[\"https:\/\/www.isotechdesign.com\/product\/hospitals-pharmacies\/hormone-powder-compounding\/\"]}]},{\"@type\":\"ImageObject\",\"inLanguage\":\"fr-FR\",\"@id\":\"https:\/\/www.isotechdesign.com\/product\/hospitals-pharmacies\/hormone-powder-compounding\/#primaryimage\",\"url\":\"https:\/\/www.isotechdesign.com\/wp-content\/uploads\/shutterstock_114687286-2.jpg\",\"contentUrl\":\"https:\/\/www.isotechdesign.com\/wp-content\/uploads\/shutterstock_114687286-2.jpg\",\"width\":1000,\"height\":100},{\"@type\":\"BreadcrumbList\",\"@id\":\"https:\/\/www.isotechdesign.com\/product\/hospitals-pharmacies\/hormone-powder-compounding\/#breadcrumb\",\"itemListElement\":[{\"@type\":\"ListItem\",\"position\":1,\"name\":\"Home\",\"item\":\"https:\/\/www.isotechdesign.com\/\"},{\"@type\":\"ListItem\",\"position\":2,\"name\":\"Products\",\"item\":\"https:\/\/www.isotechdesign.com\/shop\/\"},{\"@type\":\"ListItem\",\"position\":3,\"name\":\"Containment Ventilated Enclosure (C.V.E.)\"}]},{\"@type\":\"WebSite\",\"@id\":\"https:\/\/www.isotechdesign.com\/#website\",\"url\":\"https:\/\/www.isotechdesign.com\/\",\"name\":\"IsoTech Design\",\"description\":\"\",\"potentialAction\":[{\"@type\":\"SearchAction\",\"target\":{\"@type\":\"EntryPoint\",\"urlTemplate\":\"https:\/\/www.isotechdesign.com\/?s={search_term_string}\"},\"query-input\":{\"@type\":\"PropertyValueSpecification\",\"valueRequired\":true,\"valueName\":\"search_term_string\"}}],\"inLanguage\":\"fr-FR\"}]}<\/script>\n<!-- \/ Yoast SEO plugin. -->","yoast_head_json":{"title":"Powder Hood | Hormone & Powder Compounding | SafeAiRx","description":"IsoTech Design offers the SafeAiRx ductless benchtop fume hood for the safe compounding of hormones and powders in hospitals and pharmacies. Get yours today.","robots":{"index":"index","follow":"follow","max-snippet":"max-snippet:-1","max-image-preview":"max-image-preview:large","max-video-preview":"max-video-preview:-1"},"canonical":"https:\/\/www.isotechdesign.com\/product\/hospitals-pharmacies\/hormone-powder-compounding\/","og_locale":"fr_FR","og_type":"article","og_title":"Powder Hood | Hormone & Powder Compounding | SafeAiRx","og_description":"IsoTech Design offers the SafeAiRx ductless benchtop fume hood for the safe compounding of hormones and powders in hospitals and pharmacies. Get yours today.","og_url":"https:\/\/www.isotechdesign.com\/product\/hospitals-pharmacies\/hormone-powder-compounding\/","og_site_name":"IsoTech Design","article_modified_time":"2024-08-27T16:39:18+00:00","og_image":[{"width":1000,"height":100,"url":"https:\/\/www.isotechdesign.com\/wp-content\/uploads\/shutterstock_114687286-2.jpg","type":"image\/jpeg"}],"twitter_card":"summary_large_image","twitter_misc":{"Dur\u00e9e de lecture estim\u00e9e":"6 minutes"},"schema":{"@context":"https:\/\/schema.org","@graph":[{"@type":"WebPage","@id":"https:\/\/www.isotechdesign.com\/product\/hospitals-pharmacies\/hormone-powder-compounding\/","url":"https:\/\/www.isotechdesign.com\/product\/hospitals-pharmacies\/hormone-powder-compounding\/","name":"Powder Hood | Hormone & Powder Compounding | SafeAiRx","isPartOf":{"@id":"https:\/\/www.isotechdesign.com\/#website"},"primaryImageOfPage":{"@id":"https:\/\/www.isotechdesign.com\/product\/hospitals-pharmacies\/hormone-powder-compounding\/#primaryimage"},"image":{"@id":"https:\/\/www.isotechdesign.com\/product\/hospitals-pharmacies\/hormone-powder-compounding\/#primaryimage"},"thumbnailUrl":"https:\/\/www.isotechdesign.com\/wp-content\/uploads\/shutterstock_114687286-2.jpg","datePublished":"2019-05-15T08:05:48+00:00","dateModified":"2024-08-27T16:39:18+00:00","description":"IsoTech Design offers the SafeAiRx ductless benchtop fume hood for the safe compounding of hormones and powders in hospitals and pharmacies. Get yours today.","breadcrumb":{"@id":"https:\/\/www.isotechdesign.com\/product\/hospitals-pharmacies\/hormone-powder-compounding\/#breadcrumb"},"inLanguage":"fr-FR","potentialAction":[{"@type":"ReadAction","target":["https:\/\/www.isotechdesign.com\/product\/hospitals-pharmacies\/hormone-powder-compounding\/"]}]},{"@type":"ImageObject","inLanguage":"fr-FR","@id":"https:\/\/www.isotechdesign.com\/product\/hospitals-pharmacies\/hormone-powder-compounding\/#primaryimage","url":"https:\/\/www.isotechdesign.com\/wp-content\/uploads\/shutterstock_114687286-2.jpg","contentUrl":"https:\/\/www.isotechdesign.com\/wp-content\/uploads\/shutterstock_114687286-2.jpg","width":1000,"height":100},{"@type":"BreadcrumbList","@id":"https:\/\/www.isotechdesign.com\/product\/hospitals-pharmacies\/hormone-powder-compounding\/#breadcrumb","itemListElement":[{"@type":"ListItem","position":1,"name":"Home","item":"https:\/\/www.isotechdesign.com\/"},{"@type":"ListItem","position":2,"name":"Products","item":"https:\/\/www.isotechdesign.com\/shop\/"},{"@type":"ListItem","position":3,"name":"Containment Ventilated Enclosure (C.V.E.)"}]},{"@type":"WebSite","@id":"https:\/\/www.isotechdesign.com\/#website","url":"https:\/\/www.isotechdesign.com\/","name":"IsoTech Design","description":"","potentialAction":[{"@type":"SearchAction","target":{"@type":"EntryPoint","urlTemplate":"https:\/\/www.isotechdesign.com\/?s={search_term_string}"},"query-input":{"@type":"PropertyValueSpecification","valueRequired":true,"valueName":"search_term_string"}}],"inLanguage":"fr-FR"}]}},"_links":{"self":[{"href":"https:\/\/www.isotechdesign.com\/fr\/wp-json\/wp\/v2\/product\/1106","targetHints":{"allow":["GET"]}}],"collection":[{"href":"https:\/\/www.isotechdesign.com\/fr\/wp-json\/wp\/v2\/product"}],"about":[{"href":"https:\/\/www.isotechdesign.com\/fr\/wp-json\/wp\/v2\/types\/product"}],"replies":[{"embeddable":true,"href":"https:\/\/www.isotechdesign.com\/fr\/wp-json\/wp\/v2\/comments?post=1106"}],"wp:featuredmedia":[{"embeddable":true,"href":"https:\/\/www.isotechdesign.com\/fr\/wp-json\/wp\/v2\/media\/1600"}],"wp:attachment":[{"href":"https:\/\/www.isotechdesign.com\/fr\/wp-json\/wp\/v2\/media?parent=1106"}],"curies":[{"name":"wp","href":"https:\/\/api.w.org\/{rel}","templated":true}]}}