{"id":1103,"date":"2019-05-15T08:01:29","date_gmt":"2019-05-15T08:01:29","guid":{"rendered":"http:\/\/testingcity.com\/isotechdesign\/?post_type=product&#038;p=1103"},"modified":"2024-03-14T15:11:51","modified_gmt":"2024-03-14T19:11:51","slug":"fan-filter-unit","status":"publish","type":"product","link":"https:\/\/www.isotechdesign.com\/fr\/product\/hospitals-pharmacies\/fan-filter-unit\/","title":{"rendered":"Unit\u00e9s de filtres \u00e0 ventilateur"},"content":{"rendered":"<p>[vc_row tlg_background_style=\u00a0\u00bbbg-secondary\u00a0\u00bb css=\u00a0\u00bb.vc_custom_1553683822771{padding-bottom: 2em !important;}\u00a0\u00bb][vc_column width=\u00a0\u00bb1\/4&Prime;][vc_column_text]<\/p>\n<ul class=\"pr-menu\">\n<li class=\"menu-head\"><a href=\"\/fr\/products\/hospitals-pharmacies\/\">H\u00f4pitaux et Pharmacies<\/a><\/li>\n<li><a href=\"\/fr\/product\/hospitals-pharmacies\/microsphere\/\">MicroSphere<\/a><\/li>\n<li><a href=\"\/fr\/product\/hospitals-pharmacies\/chemoshpere\/\">ChemoSphere<\/a><\/li>\n<li><a href=\"\/fr\/product\/hospitals-pharmacies\/small-volume-chemo\/\">ChemoSphere \u2013 Petit volume<\/a><\/li>\n<li><a href=\"\/fr\/product\/hospitals-pharmacies\/hormone-powder-compounding\/\">Pr\u00e9parations d&rsquo;hormones et de poudre<\/a><\/li>\n<li><a href=\"\/fr\/product\/hospitals-pharmacies\/clean-air-workstation\/\">Poste de travail \u00e0 air propre<\/a><\/li>\n<li><a class=\"active\" href=\"\/fr\/product\/hospitals-pharmacies\/fan-filter-unit\/\">Unit\u00e9s de filtres \u00e0 ventilateur<\/a><\/li>\n<li><a href=\"\/fr\/product\/hospitals-pharmacies\/secondary-hepa-filtration\/\">Unit\u00e9s secondaires de filtration HEPA<\/a><\/li>\n<\/ul>\n<p>[\/vc_column_text][vc_column_text]Pour plus d\u2019information ou pour une soumission, veuillez nous contacter au :<\/p>\n<p>1-800-476-2010<br \/>\n514-956-1602<br \/>\ninfo@isotechdesign.com[\/vc_column_text][\/vc_column][vc_column width=\u00a0\u00bb3\/4&Prime;]<div class=\"headings-title\"><div class=\"mb16 mb16 mb-xs-40 text-left\"><h5 style=\"font-size:35px;line-height:45px;text-transform: none!important;\" class=\"widgettitle mb0\">Unit\u00e9s de filtres \u00e0 ventilateur<\/h5><\/div><\/div>[vc_tta_tabs][vc_tta_section title=\u00a0\u00bbDescription et avantages\u00a0\u00bb tab_id=\u00a0\u00bbDescription-et-avantages\u00a0\u00bb][vc_row_inner][vc_column_inner width=\u00a0\u00bb1\/2&Prime;][vc_single_image image=\u00a0\u00bb1671&Prime; img_size=\u00a0\u00bbfull\u00a0\u00bb alignment=\u00a0\u00bbcenter\u00a0\u00bb onclick=\u00a0\u00bblink_image\u00a0\u00bb][\/vc_column_inner][vc_column_inner width=\u00a0\u00bb1\/2&Prime;][vc_column_text]DESIGN-AIRE est une unit\u00e9 de filtration HEPA con\u00e7ue pour \u00eatre une solution \u00e9conomique et \u00e9co\u00e9nerg\u00e9tique pour fournir un air libre de particule. Cette unit\u00e9 de filtration HEPA est id\u00e9ale pour la construction d&rsquo;une nouvelle salle blanche, l&rsquo;am\u00e9lioration d&rsquo;un environnement propre d\u00e9j\u00e0 existant ou le changement d&rsquo;une zone d&rsquo;air non-propre en zone propre classifi\u00e9e.<\/p>\n<ul>\n<li>Aluminium l\u00e9ger<\/li>\n<li>\u00c9co\u00e9nerg\u00e9tique<\/li>\n<li>Fournit de meilleures conditions ISO 5<\/li>\n<li>Deux tailles standard disponibles: 2\u2019 x 4\u2019 et 2\u2019 x 2\u2019<\/li>\n<li>Filtre HEPA \u00e9valu\u00e9 \u00e0 99.99% d&rsquo;efficacit\u00e9 \u00e0 0.3 microns<\/li>\n<li>Flux d&rsquo;air uniforme \u00e0 travers la surface du filtre<\/li>\n<li>Fonctionnement standard \u00e0 115 volts avec option de 230 volts<\/li>\n<\/ul>\n<p>[\/vc_column_text][\/vc_column_inner][\/vc_row_inner][\/vc_tta_section][vc_tta_section title=\u00a0\u00bbT\u00e9l\u00e9charger la brochure\u00a0\u00bb tab_id=\u00a0\u00bbT-la-brochure\u00a0\u00bb][vc_row_inner][vc_column_inner width=\u00a0\u00bb1\/2&Prime;][vc_single_image image=\u00a0\u00bb1671&Prime; img_size=\u00a0\u00bbfull\u00a0\u00bb][\/vc_column_inner][vc_column_inner width=\u00a0\u00bb1\/2&Prime;][vc_column_text]<a href=\"https:\/\/www.isotechdesign.com\/wp-content\/uploads\/ISO-AirBrochure-20230711_FRENCH.pdf\"><img decoding=\"async\" class=\"alignnone\" src=\"\/wp-content\/uploads\/pdf.jpg\" alt=\"\" width=\"340\" height=\"142\" \/><\/a>[\/vc_column_text][\/vc_column_inner][\/vc_row_inner][\/vc_tta_section][\/vc_tta_tabs][\/vc_column][\/vc_row][vc_row tlg_background_style=\u00a0\u00bbbg-secondary\u00a0\u00bb css=\u00a0\u00bb.vc_custom_1553683854649{padding-top: 0px !important;}\u00a0\u00bb][vc_column]<div class=\"headings-title\"><div class=\"mb16 mb16 mb-xs-40 text-center\"><h4 style=\"text-transform: none!important;\" class=\"widgettitle mb0\">Produits apparent\u00e9s<\/h4><\/div><\/div>[vc_row_inner][vc_column_inner el_class=\u00a0\u00bbtext-center featured-pr\u00a0\u00bb width=\u00a0\u00bb1\/4&Prime;]<div class=\"headings-title\"><div class=\"mb16 mb16 mb-xs-40 text-center\"><h5 style=\"text-transform: none!important;\" class=\"widgettitle mb0\">MicroSphere<\/h5><\/div><\/div><div class=\"tlg-spacer\" data-height=\"24\" data-height-tablet=\"24\" data-height-mobile=\"24\" style=\"clear:both;display:block;height:24px;\"><\/div>[vc_single_image image=\u00a0\u00bb1675&Prime; img_size=\u00a0\u00bbfull\u00a0\u00bb alignment=\u00a0\u00bbcenter\u00a0\u00bb css=\u00a0\u00bb.vc_custom_1558095996637{margin-bottom: 5px !important;}\u00a0\u00bb]<div class=\"\"><a  id=\"btn-69e30188896c6\" class=\"btn btn-filled    btn-sm-sm\" href= \"\/fr\/product\/hospitals-pharmacies\/microsphere\/\" target=\"_self\" >D\u00e9tails<\/a><\/div>[\/vc_column_inner][vc_column_inner el_class=\u00a0\u00bbtext-center featured-pr\u00a0\u00bb width=\u00a0\u00bb1\/4&Prime;]<div class=\"headings-title\"><div class=\"mb16 mb16 mb-xs-40 text-center\"><h5 style=\"text-transform: none!important;\" class=\"widgettitle mb0\">ChemoSphere<\/h5><\/div><\/div><div class=\"tlg-spacer\" data-height=\"24\" data-height-tablet=\"24\" data-height-mobile=\"24\" style=\"clear:both;display:block;height:24px;\"><\/div>[vc_single_image image=\u00a0\u00bb1158&Prime; img_size=\u00a0\u00bbfull\u00a0\u00bb alignment=\u00a0\u00bbcenter\u00a0\u00bb css=\u00a0\u00bb.vc_custom_1553081861871{margin-bottom: 5px !important;}\u00a0\u00bb]<div class=\"\"><a  id=\"btn-69e3018889703\" class=\"btn btn-filled    btn-sm-sm\" href= \"\/fr\/product\/hospitals-pharmacies\/chemoshpere\/\" target=\"_self\" >D\u00e9tails<\/a><\/div>[\/vc_column_inner][vc_column_inner el_class=\u00a0\u00bbtext-center featured-pr\u00a0\u00bb width=\u00a0\u00bb1\/4&Prime;]<div class=\"headings-title\"><div class=\"mb16 mb16 mb-xs-40 text-center\"><h5 style=\"text-transform: none!important;\" class=\"widgettitle mb0\">ChemoSphere \u2013 Petit volume<\/h5><\/div><\/div><div class=\"tlg-spacer\" data-height=\"24\" data-height-tablet=\"24\" data-height-mobile=\"24\" style=\"clear:both;display:block;height:24px;\"><\/div>[vc_single_image image=\u00a0\u00bb1157&Prime; img_size=\u00a0\u00bbfull\u00a0\u00bb alignment=\u00a0\u00bbcenter\u00a0\u00bb css=\u00a0\u00bb.vc_custom_1554538113128{margin-bottom: 5px !important;}\u00a0\u00bb]<div class=\"\"><a  id=\"btn-69e301888973c\" class=\"btn btn-filled    btn-sm-sm\" href= \"\/fr\/product\/hospitals-pharmacies\/small-volume-chemo\/\" target=\"_self\" >D\u00e9tails<\/a><\/div>[\/vc_column_inner][vc_column_inner el_class=\u00a0\u00bbtext-center featured-pr\u00a0\u00bb width=\u00a0\u00bb1\/4&Prime;]<div class=\"headings-title\"><div class=\"mb16 mb16 mb-xs-40 text-center\"><h5 style=\"text-transform: none!important;\" class=\"widgettitle mb0\">Pr\u00e9parations d'hormones et de poudre<\/h5><\/div><\/div>[vc_single_image image=\u00a0\u00bb1676&Prime; img_size=\u00a0\u00bbfull\u00a0\u00bb alignment=\u00a0\u00bbcenter\u00a0\u00bb css=\u00a0\u00bb.vc_custom_1558159063751{margin-bottom: 5px !important;}\u00a0\u00bb]<div class=\"\"><a  id=\"btn-69e3018889777\" class=\"btn btn-filled    btn-sm-sm\" href= \"\/fr\/product\/hospitals-pharmacies\/hormone-powder-compounding\/\" target=\"_self\" >D\u00e9tails<\/a><\/div>[\/vc_column_inner][\/vc_row_inner][\/vc_column][\/vc_row]<\/p>","protected":false},"excerpt":{"rendered":"<p>[vc_row tlg_background_style=\u00a0\u00bbbg-secondary\u00a0\u00bb css=\u00a0\u00bb.vc_custom_1553683822771{padding-bottom: 2em !important;}\u00a0\u00bb][vc_column width=\u00a0\u00bb1\/4&Prime;][vc_column_text] H\u00f4pitaux et Pharmacies MicroSphere ChemoSphere ChemoSphere \u2013 Petit volume Pr\u00e9parations&#8230;<\/p>\n","protected":false},"featured_media":1600,"comment_status":"open","ping_status":"closed","template":"","meta":[],"class_list":["post-1103","product","type-product","status-publish","has-post-thumbnail","hentry","product_cat-hospitals-pharmacies"],"yoast_head":"<!-- This site is optimized with the Yoast SEO plugin v24.3 - https:\/\/yoast.com\/wordpress\/plugins\/seo\/ -->\n<title>HEPA Filtration Unit | DESIGN-AIRE Filter | IsoTech Design<\/title>\n<meta name=\"description\" content=\"A clean HEPA filtration unit is an important aspect of a sanitary work environment. Get your replacement fan filter unit from IsoTech Design today.\" \/>\n<meta name=\"robots\" content=\"index, follow, max-snippet:-1, max-image-preview:large, max-video-preview:-1\" \/>\n<link rel=\"canonical\" href=\"https:\/\/www.isotechdesign.com\/product\/hospitals-pharmacies\/fan-filter-unit\/\" \/>\n<meta property=\"og:locale\" content=\"fr_FR\" \/>\n<meta property=\"og:type\" content=\"article\" \/>\n<meta property=\"og:title\" content=\"HEPA Filtration Unit | DESIGN-AIRE Filter | IsoTech Design\" \/>\n<meta property=\"og:description\" content=\"A clean HEPA filtration unit is an important aspect of a sanitary work environment. Get your replacement fan filter unit from IsoTech Design today.\" \/>\n<meta property=\"og:url\" content=\"https:\/\/www.isotechdesign.com\/product\/hospitals-pharmacies\/fan-filter-unit\/\" \/>\n<meta property=\"og:site_name\" content=\"IsoTech Design\" \/>\n<meta property=\"article:modified_time\" content=\"2024-03-14T19:11:51+00:00\" \/>\n<meta property=\"og:image\" content=\"https:\/\/www.isotechdesign.com\/wp-content\/uploads\/shutterstock_114687286-2.jpg\" \/>\n\t<meta property=\"og:image:width\" content=\"1000\" \/>\n\t<meta property=\"og:image:height\" content=\"100\" \/>\n\t<meta property=\"og:image:type\" content=\"image\/jpeg\" \/>\n<meta name=\"twitter:card\" content=\"summary_large_image\" \/>\n<meta name=\"twitter:label1\" content=\"Dur\u00e9e de lecture estim\u00e9e\" \/>\n\t<meta name=\"twitter:data1\" content=\"6 minutes\" \/>\n<script type=\"application\/ld+json\" class=\"yoast-schema-graph\">{\"@context\":\"https:\/\/schema.org\",\"@graph\":[{\"@type\":\"WebPage\",\"@id\":\"https:\/\/www.isotechdesign.com\/product\/hospitals-pharmacies\/fan-filter-unit\/\",\"url\":\"https:\/\/www.isotechdesign.com\/product\/hospitals-pharmacies\/fan-filter-unit\/\",\"name\":\"HEPA Filtration Unit | DESIGN-AIRE Filter | IsoTech Design\",\"isPartOf\":{\"@id\":\"https:\/\/www.isotechdesign.com\/#website\"},\"primaryImageOfPage\":{\"@id\":\"https:\/\/www.isotechdesign.com\/product\/hospitals-pharmacies\/fan-filter-unit\/#primaryimage\"},\"image\":{\"@id\":\"https:\/\/www.isotechdesign.com\/product\/hospitals-pharmacies\/fan-filter-unit\/#primaryimage\"},\"thumbnailUrl\":\"https:\/\/www.isotechdesign.com\/wp-content\/uploads\/shutterstock_114687286-2.jpg\",\"datePublished\":\"2019-05-15T08:01:29+00:00\",\"dateModified\":\"2024-03-14T19:11:51+00:00\",\"description\":\"A clean HEPA filtration unit is an important aspect of a sanitary work environment. Get your replacement fan filter unit from IsoTech Design today.\",\"breadcrumb\":{\"@id\":\"https:\/\/www.isotechdesign.com\/product\/hospitals-pharmacies\/fan-filter-unit\/#breadcrumb\"},\"inLanguage\":\"fr-FR\",\"potentialAction\":[{\"@type\":\"ReadAction\",\"target\":[\"https:\/\/www.isotechdesign.com\/product\/hospitals-pharmacies\/fan-filter-unit\/\"]}]},{\"@type\":\"ImageObject\",\"inLanguage\":\"fr-FR\",\"@id\":\"https:\/\/www.isotechdesign.com\/product\/hospitals-pharmacies\/fan-filter-unit\/#primaryimage\",\"url\":\"https:\/\/www.isotechdesign.com\/wp-content\/uploads\/shutterstock_114687286-2.jpg\",\"contentUrl\":\"https:\/\/www.isotechdesign.com\/wp-content\/uploads\/shutterstock_114687286-2.jpg\",\"width\":1000,\"height\":100},{\"@type\":\"BreadcrumbList\",\"@id\":\"https:\/\/www.isotechdesign.com\/product\/hospitals-pharmacies\/fan-filter-unit\/#breadcrumb\",\"itemListElement\":[{\"@type\":\"ListItem\",\"position\":1,\"name\":\"Home\",\"item\":\"https:\/\/www.isotechdesign.com\/\"},{\"@type\":\"ListItem\",\"position\":2,\"name\":\"Products\",\"item\":\"https:\/\/www.isotechdesign.com\/shop\/\"},{\"@type\":\"ListItem\",\"position\":3,\"name\":\"Fan Filter Unit\"}]},{\"@type\":\"WebSite\",\"@id\":\"https:\/\/www.isotechdesign.com\/#website\",\"url\":\"https:\/\/www.isotechdesign.com\/\",\"name\":\"IsoTech Design\",\"description\":\"\",\"potentialAction\":[{\"@type\":\"SearchAction\",\"target\":{\"@type\":\"EntryPoint\",\"urlTemplate\":\"https:\/\/www.isotechdesign.com\/?s={search_term_string}\"},\"query-input\":{\"@type\":\"PropertyValueSpecification\",\"valueRequired\":true,\"valueName\":\"search_term_string\"}}],\"inLanguage\":\"fr-FR\"}]}<\/script>\n<!-- \/ Yoast SEO plugin. -->","yoast_head_json":{"title":"HEPA Filtration Unit | DESIGN-AIRE Filter | IsoTech Design","description":"A clean HEPA filtration unit is an important aspect of a sanitary work environment. Get your replacement fan filter unit from IsoTech Design today.","robots":{"index":"index","follow":"follow","max-snippet":"max-snippet:-1","max-image-preview":"max-image-preview:large","max-video-preview":"max-video-preview:-1"},"canonical":"https:\/\/www.isotechdesign.com\/product\/hospitals-pharmacies\/fan-filter-unit\/","og_locale":"fr_FR","og_type":"article","og_title":"HEPA Filtration Unit | DESIGN-AIRE Filter | IsoTech Design","og_description":"A clean HEPA filtration unit is an important aspect of a sanitary work environment. Get your replacement fan filter unit from IsoTech Design today.","og_url":"https:\/\/www.isotechdesign.com\/product\/hospitals-pharmacies\/fan-filter-unit\/","og_site_name":"IsoTech Design","article_modified_time":"2024-03-14T19:11:51+00:00","og_image":[{"width":1000,"height":100,"url":"https:\/\/www.isotechdesign.com\/wp-content\/uploads\/shutterstock_114687286-2.jpg","type":"image\/jpeg"}],"twitter_card":"summary_large_image","twitter_misc":{"Dur\u00e9e de lecture estim\u00e9e":"6 minutes"},"schema":{"@context":"https:\/\/schema.org","@graph":[{"@type":"WebPage","@id":"https:\/\/www.isotechdesign.com\/product\/hospitals-pharmacies\/fan-filter-unit\/","url":"https:\/\/www.isotechdesign.com\/product\/hospitals-pharmacies\/fan-filter-unit\/","name":"HEPA Filtration Unit | DESIGN-AIRE Filter | IsoTech Design","isPartOf":{"@id":"https:\/\/www.isotechdesign.com\/#website"},"primaryImageOfPage":{"@id":"https:\/\/www.isotechdesign.com\/product\/hospitals-pharmacies\/fan-filter-unit\/#primaryimage"},"image":{"@id":"https:\/\/www.isotechdesign.com\/product\/hospitals-pharmacies\/fan-filter-unit\/#primaryimage"},"thumbnailUrl":"https:\/\/www.isotechdesign.com\/wp-content\/uploads\/shutterstock_114687286-2.jpg","datePublished":"2019-05-15T08:01:29+00:00","dateModified":"2024-03-14T19:11:51+00:00","description":"A clean HEPA filtration unit is an important aspect of a sanitary work environment. Get your replacement fan filter unit from IsoTech Design today.","breadcrumb":{"@id":"https:\/\/www.isotechdesign.com\/product\/hospitals-pharmacies\/fan-filter-unit\/#breadcrumb"},"inLanguage":"fr-FR","potentialAction":[{"@type":"ReadAction","target":["https:\/\/www.isotechdesign.com\/product\/hospitals-pharmacies\/fan-filter-unit\/"]}]},{"@type":"ImageObject","inLanguage":"fr-FR","@id":"https:\/\/www.isotechdesign.com\/product\/hospitals-pharmacies\/fan-filter-unit\/#primaryimage","url":"https:\/\/www.isotechdesign.com\/wp-content\/uploads\/shutterstock_114687286-2.jpg","contentUrl":"https:\/\/www.isotechdesign.com\/wp-content\/uploads\/shutterstock_114687286-2.jpg","width":1000,"height":100},{"@type":"BreadcrumbList","@id":"https:\/\/www.isotechdesign.com\/product\/hospitals-pharmacies\/fan-filter-unit\/#breadcrumb","itemListElement":[{"@type":"ListItem","position":1,"name":"Home","item":"https:\/\/www.isotechdesign.com\/"},{"@type":"ListItem","position":2,"name":"Products","item":"https:\/\/www.isotechdesign.com\/shop\/"},{"@type":"ListItem","position":3,"name":"Fan Filter Unit"}]},{"@type":"WebSite","@id":"https:\/\/www.isotechdesign.com\/#website","url":"https:\/\/www.isotechdesign.com\/","name":"IsoTech Design","description":"","potentialAction":[{"@type":"SearchAction","target":{"@type":"EntryPoint","urlTemplate":"https:\/\/www.isotechdesign.com\/?s={search_term_string}"},"query-input":{"@type":"PropertyValueSpecification","valueRequired":true,"valueName":"search_term_string"}}],"inLanguage":"fr-FR"}]}},"_links":{"self":[{"href":"https:\/\/www.isotechdesign.com\/fr\/wp-json\/wp\/v2\/product\/1103","targetHints":{"allow":["GET"]}}],"collection":[{"href":"https:\/\/www.isotechdesign.com\/fr\/wp-json\/wp\/v2\/product"}],"about":[{"href":"https:\/\/www.isotechdesign.com\/fr\/wp-json\/wp\/v2\/types\/product"}],"replies":[{"embeddable":true,"href":"https:\/\/www.isotechdesign.com\/fr\/wp-json\/wp\/v2\/comments?post=1103"}],"wp:featuredmedia":[{"embeddable":true,"href":"https:\/\/www.isotechdesign.com\/fr\/wp-json\/wp\/v2\/media\/1600"}],"wp:attachment":[{"href":"https:\/\/www.isotechdesign.com\/fr\/wp-json\/wp\/v2\/media?parent=1103"}],"curies":[{"name":"wp","href":"https:\/\/api.w.org\/{rel}","templated":true}]}}