{"id":1079,"date":"2019-05-15T06:54:04","date_gmt":"2019-05-15T06:54:04","guid":{"rendered":"http:\/\/testingcity.com\/isotechdesign\/?post_type=product&#038;p=1079"},"modified":"2019-05-30T10:55:38","modified_gmt":"2019-05-30T10:55:38","slug":"containment","status":"publish","type":"product","link":"https:\/\/www.isotechdesign.com\/fr\/product\/pharmaceuticals\/containment\/","title":{"rendered":"Confinement"},"content":{"rendered":"<p>[vc_row tlg_background_style=\u00a0\u00bbbg-secondary\u00a0\u00bb css=\u00a0\u00bb.vc_custom_1553689121889{padding-bottom: 2em !important;}\u00a0\u00bb][vc_column width=\u00a0\u00bb1\/4&Prime;][vc_column_text]<\/p>\n<ul class=\"pr-menu\">\n<li class=\"menu-head\"><a href=\"\/fr\/products\/pharmaceuticals\/\">Pharmaceutiques<\/a><\/li>\n<li><a href=\"\/fr\/product\/pharmaceuticals\/aseptic-filling\/\">Remplissage aseptique<\/a><\/li>\n<li><a href=\"\/fr\/product\/pharmaceuticals\/aseptic-interface\/\">Interface aseptique<\/a><\/li>\n<li><a href=\"\/fr\/product\/pharmaceuticals\/aseptic-transfer\/\">Transfert aseptique<\/a><\/li>\n<li><a href=\"\/fr\/product\/pharmaceuticals\/sterility-testing\/\">Tests de st\u00e9rilit\u00e9<\/a><\/li>\n<li><a class=\"active\" href=\"\/fr\/product\/pharmaceuticals\/containment\/\">Confinement<\/a><\/li>\n<li><a href=\"\/fr\/product\/pharmaceuticals\/glove-tester\/\">Testeurs de gants<\/a><\/li>\n<\/ul>\n<p>[\/vc_column_text][vc_column_text]Pour plus d\u2019information ou pour une soumission, veuillez nous contacter au :<\/p>\n<p>1-800-476-2010<br \/>\n514-956-1602<br \/>\ninfo@isotechdesign.com[\/vc_column_text][\/vc_column][vc_column width=\u00a0\u00bb3\/4&Prime;]<div class=\"headings-title\"><div class=\"mb16 mb16 mb-xs-40 text-left\"><h5 style=\"font-size:35px;line-height:45px;text-transform: none!important;\" class=\"widgettitle mb0\">Confinement<\/h5><\/div><\/div>[vc_tta_tabs][vc_tta_section title=\u00a0\u00bbDescription et avantages\u00a0\u00bb tab_id=\u00a0\u00bbDescription-et-avantages\u00a0\u00bb][vc_row_inner][vc_column_inner width=\u00a0\u00bb1\/2&Prime;][vc_single_image image=\u00a0\u00bb1080&Prime; img_size=\u00a0\u00bbfull\u00a0\u00bb alignment=\u00a0\u00bbcenter\u00a0\u00bb onclick=\u00a0\u00bblink_image\u00a0\u00bb][\/vc_column_inner][vc_column_inner width=\u00a0\u00bb1\/2&Prime;][vc_column_text]Le IsoTransfer Powder est un isolateur \u00e0 flux d&rsquo;air non-unidirectionel et \u00e0 pression n\u00e9gative pour les transferts de poudre, pond\u00e9rations et m\u00e9langes<\/p>\n<ul>\n<li>Pression n\u00e9gative ISO 4<\/li>\n<li>Protection compl\u00e8te du produit et de l&rsquo;op\u00e9rateur<\/li>\n<li>Petite zone critique: augmente SAL<\/li>\n<li>Pour m\u00e9langes et transferts de poudre de niveau de toxicit\u00e9 inf\u00e9rieur: voir la description du SafeAiRx pour les pr\u00e9parations de poudre<\/li>\n<li>Besoins en \u00e9nergie minimaux<\/li>\n<li>D\u00e9contamination avec g\u00e9n\u00e9rateur H2O2<\/li>\n<li>Validation QI\/QO: documentation et ex\u00e9cution<\/li>\n<\/ul>\n<p>[\/vc_column_text][\/vc_column_inner][\/vc_row_inner][\/vc_tta_section][\/vc_tta_tabs][\/vc_column][\/vc_row][vc_row tlg_background_style=\u00a0\u00bbbg-secondary\u00a0\u00bb css=\u00a0\u00bb.vc_custom_1553689138993{padding-top: 0px !important;}\u00a0\u00bb][vc_column]<div class=\"headings-title\"><div class=\"mb16 mb16 mb-xs-40 text-center\"><h4 style=\"text-transform: none!important;\" class=\"widgettitle mb0\">Produits apparent\u00e9s<\/h4><\/div><\/div>[vc_row_inner][vc_column_inner el_class=\u00a0\u00bbtext-center featured-pr\u00a0\u00bb width=\u00a0\u00bb1\/4&Prime;]<div class=\"headings-title\"><div class=\"mb16 mb16 mb-xs-40 text-center\"><h5 style=\"text-transform: none!important;\" class=\"widgettitle mb0\">Remplissage aseptique<\/h5><\/div><\/div>[vc_single_image image=\u00a0\u00bb1188&Prime; img_size=\u00a0\u00bbfull\u00a0\u00bb alignment=\u00a0\u00bbcenter\u00a0\u00bb css=\u00a0\u00bb.vc_custom_1553689246504{margin-bottom: 10px !important;}\u00a0\u00bb]<div class=\"\"><a  id=\"btn-69e301ce5b2ff\" class=\"btn btn-filled    btn-sm-sm\" href= \"\/fr\/product\/pharmaceuticals\/aseptic-filling\/\" target=\"_self\" >D\u00e9tails<\/a><\/div>[\/vc_column_inner][vc_column_inner el_class=\u00a0\u00bbtext-center featured-pr\u00a0\u00bb width=\u00a0\u00bb1\/4&Prime;]<div class=\"headings-title\"><div class=\"mb16 mb16 mb-xs-40 text-center\"><h5 style=\"text-transform: none!important;\" class=\"widgettitle mb0\">Interface aseptique<\/h5><\/div><\/div>[vc_single_image image=\u00a0\u00bb1189&Prime; img_size=\u00a0\u00bbfull\u00a0\u00bb alignment=\u00a0\u00bbcenter\u00a0\u00bb css=\u00a0\u00bb.vc_custom_1553689449118{margin-bottom: 10px !important;}\u00a0\u00bb]<div class=\"\"><a  id=\"btn-69e301ce5b34a\" class=\"btn btn-filled    btn-sm-sm\" href= \"\/fr\/product\/pharmaceuticals\/aseptic-interface\/\" target=\"_self\" >D\u00e9tails<\/a><\/div>[\/vc_column_inner][vc_column_inner el_class=\u00a0\u00bbtext-center featured-pr\u00a0\u00bb width=\u00a0\u00bb1\/4&Prime;]<div class=\"headings-title\"><div class=\"mb16 mb16 mb-xs-40 text-center\"><h5  class=\"widgettitle mb0\">Transfert aseptique<\/h5><\/div><\/div>[vc_single_image image=\u00a0\u00bb1581&Prime; img_size=\u00a0\u00bbfull\u00a0\u00bb alignment=\u00a0\u00bbcenter\u00a0\u00bb css=\u00a0\u00bb.vc_custom_1555524939827{margin-bottom: 10px !important;}\u00a0\u00bb]<div class=\"\"><a  id=\"btn-69e301ce5b389\" class=\"btn btn-filled    btn-sm-sm\" href= \"\/fr\/product\/pharmaceuticals\/aseptic-transfer\/\" target=\"_self\" >D\u00e9tails<\/a><\/div>[\/vc_column_inner][vc_column_inner el_class=\u00a0\u00bbtext-center featured-pr\u00a0\u00bb width=\u00a0\u00bb1\/4&Prime;]<div class=\"headings-title\"><div class=\"mb16 mb16 mb-xs-40 text-center\"><h5 style=\"text-transform: none!important;\" class=\"widgettitle mb0\">Testeurs de gants<\/h5><\/div><\/div>[vc_single_image image=\u00a0\u00bb1191&Prime; img_size=\u00a0\u00bbfull\u00a0\u00bb alignment=\u00a0\u00bbcenter\u00a0\u00bb css=\u00a0\u00bb.vc_custom_1553689535488{margin-bottom: 10px !important;}\u00a0\u00bb]<div class=\"\"><a  id=\"btn-69e301ce5b3d0\" class=\"btn btn-filled    btn-sm-sm\" href= \"\/fr\/product\/pharmaceuticals\/glove-tester\/\" target=\"_self\" >D\u00e9tails<\/a><\/div>[\/vc_column_inner][\/vc_row_inner][\/vc_column][\/vc_row]<\/p>","protected":false},"excerpt":{"rendered":"<p>[vc_row tlg_background_style=\u00a0\u00bbbg-secondary\u00a0\u00bb css=\u00a0\u00bb.vc_custom_1553689121889{padding-bottom: 2em !important;}\u00a0\u00bb][vc_column width=\u00a0\u00bb1\/4&Prime;][vc_column_text] Pharmaceutiques Remplissage aseptique Interface aseptique Transfert aseptique Tests de st\u00e9rilit\u00e9&#8230;<\/p>\n","protected":false},"featured_media":1600,"comment_status":"open","ping_status":"closed","template":"","meta":[],"class_list":["post-1079","product","type-product","status-publish","has-post-thumbnail","hentry","product_cat-pharmaceuticals"],"yoast_head":"<!-- This site is optimized with the Yoast SEO plugin v24.3 - https:\/\/yoast.com\/wordpress\/plugins\/seo\/ -->\n<title>Powder Transfer Equipment | IsoTransfer Powder Isolator<\/title>\n<meta name=\"description\" content=\"IsoTech Design offers the IsoTransfer, a negative pressure isolator for efficient and safe material transfer, weighing, and general compounding.\" \/>\n<meta name=\"robots\" content=\"index, follow, max-snippet:-1, max-image-preview:large, max-video-preview:-1\" \/>\n<link rel=\"canonical\" href=\"https:\/\/www.isotechdesign.com\/product\/pharmaceuticals\/containment\/\" \/>\n<meta property=\"og:locale\" content=\"fr_FR\" \/>\n<meta property=\"og:type\" content=\"article\" \/>\n<meta property=\"og:title\" content=\"Powder Transfer Equipment | IsoTransfer Powder Isolator\" \/>\n<meta property=\"og:description\" content=\"IsoTech Design offers the IsoTransfer, a negative pressure isolator for efficient and safe material transfer, weighing, and general compounding.\" \/>\n<meta property=\"og:url\" content=\"https:\/\/www.isotechdesign.com\/product\/pharmaceuticals\/containment\/\" \/>\n<meta property=\"og:site_name\" content=\"IsoTech Design\" \/>\n<meta property=\"article:modified_time\" content=\"2019-05-30T10:55:38+00:00\" \/>\n<meta property=\"og:image\" content=\"https:\/\/www.isotechdesign.com\/wp-content\/uploads\/shutterstock_114687286-2.jpg\" \/>\n\t<meta property=\"og:image:width\" content=\"1000\" \/>\n\t<meta property=\"og:image:height\" content=\"100\" \/>\n\t<meta property=\"og:image:type\" content=\"image\/jpeg\" \/>\n<meta name=\"twitter:card\" content=\"summary_large_image\" \/>\n<meta name=\"twitter:label1\" content=\"Dur\u00e9e de lecture estim\u00e9e\" \/>\n\t<meta name=\"twitter:data1\" content=\"8 minutes\" \/>\n<script type=\"application\/ld+json\" class=\"yoast-schema-graph\">{\"@context\":\"https:\/\/schema.org\",\"@graph\":[{\"@type\":\"WebPage\",\"@id\":\"https:\/\/www.isotechdesign.com\/product\/pharmaceuticals\/containment\/\",\"url\":\"https:\/\/www.isotechdesign.com\/product\/pharmaceuticals\/containment\/\",\"name\":\"Powder Transfer Equipment | IsoTransfer Powder Isolator\",\"isPartOf\":{\"@id\":\"https:\/\/www.isotechdesign.com\/#website\"},\"primaryImageOfPage\":{\"@id\":\"https:\/\/www.isotechdesign.com\/product\/pharmaceuticals\/containment\/#primaryimage\"},\"image\":{\"@id\":\"https:\/\/www.isotechdesign.com\/product\/pharmaceuticals\/containment\/#primaryimage\"},\"thumbnailUrl\":\"https:\/\/www.isotechdesign.com\/wp-content\/uploads\/shutterstock_114687286-2.jpg\",\"datePublished\":\"2019-05-15T06:54:04+00:00\",\"dateModified\":\"2019-05-30T10:55:38+00:00\",\"description\":\"IsoTech Design offers the IsoTransfer, a negative pressure isolator for efficient and safe material transfer, weighing, and general compounding.\",\"breadcrumb\":{\"@id\":\"https:\/\/www.isotechdesign.com\/product\/pharmaceuticals\/containment\/#breadcrumb\"},\"inLanguage\":\"fr-FR\",\"potentialAction\":[{\"@type\":\"ReadAction\",\"target\":[\"https:\/\/www.isotechdesign.com\/product\/pharmaceuticals\/containment\/\"]}]},{\"@type\":\"ImageObject\",\"inLanguage\":\"fr-FR\",\"@id\":\"https:\/\/www.isotechdesign.com\/product\/pharmaceuticals\/containment\/#primaryimage\",\"url\":\"https:\/\/www.isotechdesign.com\/wp-content\/uploads\/shutterstock_114687286-2.jpg\",\"contentUrl\":\"https:\/\/www.isotechdesign.com\/wp-content\/uploads\/shutterstock_114687286-2.jpg\",\"width\":1000,\"height\":100},{\"@type\":\"BreadcrumbList\",\"@id\":\"https:\/\/www.isotechdesign.com\/product\/pharmaceuticals\/containment\/#breadcrumb\",\"itemListElement\":[{\"@type\":\"ListItem\",\"position\":1,\"name\":\"Home\",\"item\":\"https:\/\/www.isotechdesign.com\/\"},{\"@type\":\"ListItem\",\"position\":2,\"name\":\"Products\",\"item\":\"https:\/\/www.isotechdesign.com\/shop\/\"},{\"@type\":\"ListItem\",\"position\":3,\"name\":\"Containment\"}]},{\"@type\":\"WebSite\",\"@id\":\"https:\/\/www.isotechdesign.com\/#website\",\"url\":\"https:\/\/www.isotechdesign.com\/\",\"name\":\"IsoTech Design\",\"description\":\"\",\"potentialAction\":[{\"@type\":\"SearchAction\",\"target\":{\"@type\":\"EntryPoint\",\"urlTemplate\":\"https:\/\/www.isotechdesign.com\/?s={search_term_string}\"},\"query-input\":{\"@type\":\"PropertyValueSpecification\",\"valueRequired\":true,\"valueName\":\"search_term_string\"}}],\"inLanguage\":\"fr-FR\"}]}<\/script>\n<!-- \/ Yoast SEO plugin. -->","yoast_head_json":{"title":"Powder Transfer Equipment | IsoTransfer Powder Isolator","description":"IsoTech Design offers the IsoTransfer, a negative pressure isolator for efficient and safe material transfer, weighing, and general compounding.","robots":{"index":"index","follow":"follow","max-snippet":"max-snippet:-1","max-image-preview":"max-image-preview:large","max-video-preview":"max-video-preview:-1"},"canonical":"https:\/\/www.isotechdesign.com\/product\/pharmaceuticals\/containment\/","og_locale":"fr_FR","og_type":"article","og_title":"Powder Transfer Equipment | IsoTransfer Powder Isolator","og_description":"IsoTech Design offers the IsoTransfer, a negative pressure isolator for efficient and safe material transfer, weighing, and general compounding.","og_url":"https:\/\/www.isotechdesign.com\/product\/pharmaceuticals\/containment\/","og_site_name":"IsoTech Design","article_modified_time":"2019-05-30T10:55:38+00:00","og_image":[{"width":1000,"height":100,"url":"https:\/\/www.isotechdesign.com\/wp-content\/uploads\/shutterstock_114687286-2.jpg","type":"image\/jpeg"}],"twitter_card":"summary_large_image","twitter_misc":{"Dur\u00e9e de lecture estim\u00e9e":"8 minutes"},"schema":{"@context":"https:\/\/schema.org","@graph":[{"@type":"WebPage","@id":"https:\/\/www.isotechdesign.com\/product\/pharmaceuticals\/containment\/","url":"https:\/\/www.isotechdesign.com\/product\/pharmaceuticals\/containment\/","name":"Powder Transfer Equipment | IsoTransfer Powder Isolator","isPartOf":{"@id":"https:\/\/www.isotechdesign.com\/#website"},"primaryImageOfPage":{"@id":"https:\/\/www.isotechdesign.com\/product\/pharmaceuticals\/containment\/#primaryimage"},"image":{"@id":"https:\/\/www.isotechdesign.com\/product\/pharmaceuticals\/containment\/#primaryimage"},"thumbnailUrl":"https:\/\/www.isotechdesign.com\/wp-content\/uploads\/shutterstock_114687286-2.jpg","datePublished":"2019-05-15T06:54:04+00:00","dateModified":"2019-05-30T10:55:38+00:00","description":"IsoTech Design offers the IsoTransfer, a negative pressure isolator for efficient and safe material transfer, weighing, and general compounding.","breadcrumb":{"@id":"https:\/\/www.isotechdesign.com\/product\/pharmaceuticals\/containment\/#breadcrumb"},"inLanguage":"fr-FR","potentialAction":[{"@type":"ReadAction","target":["https:\/\/www.isotechdesign.com\/product\/pharmaceuticals\/containment\/"]}]},{"@type":"ImageObject","inLanguage":"fr-FR","@id":"https:\/\/www.isotechdesign.com\/product\/pharmaceuticals\/containment\/#primaryimage","url":"https:\/\/www.isotechdesign.com\/wp-content\/uploads\/shutterstock_114687286-2.jpg","contentUrl":"https:\/\/www.isotechdesign.com\/wp-content\/uploads\/shutterstock_114687286-2.jpg","width":1000,"height":100},{"@type":"BreadcrumbList","@id":"https:\/\/www.isotechdesign.com\/product\/pharmaceuticals\/containment\/#breadcrumb","itemListElement":[{"@type":"ListItem","position":1,"name":"Home","item":"https:\/\/www.isotechdesign.com\/"},{"@type":"ListItem","position":2,"name":"Products","item":"https:\/\/www.isotechdesign.com\/shop\/"},{"@type":"ListItem","position":3,"name":"Containment"}]},{"@type":"WebSite","@id":"https:\/\/www.isotechdesign.com\/#website","url":"https:\/\/www.isotechdesign.com\/","name":"IsoTech Design","description":"","potentialAction":[{"@type":"SearchAction","target":{"@type":"EntryPoint","urlTemplate":"https:\/\/www.isotechdesign.com\/?s={search_term_string}"},"query-input":{"@type":"PropertyValueSpecification","valueRequired":true,"valueName":"search_term_string"}}],"inLanguage":"fr-FR"}]}},"_links":{"self":[{"href":"https:\/\/www.isotechdesign.com\/fr\/wp-json\/wp\/v2\/product\/1079","targetHints":{"allow":["GET"]}}],"collection":[{"href":"https:\/\/www.isotechdesign.com\/fr\/wp-json\/wp\/v2\/product"}],"about":[{"href":"https:\/\/www.isotechdesign.com\/fr\/wp-json\/wp\/v2\/types\/product"}],"replies":[{"embeddable":true,"href":"https:\/\/www.isotechdesign.com\/fr\/wp-json\/wp\/v2\/comments?post=1079"}],"wp:featuredmedia":[{"embeddable":true,"href":"https:\/\/www.isotechdesign.com\/fr\/wp-json\/wp\/v2\/media\/1600"}],"wp:attachment":[{"href":"https:\/\/www.isotechdesign.com\/fr\/wp-json\/wp\/v2\/media?parent=1079"}],"curies":[{"name":"wp","href":"https:\/\/api.w.org\/{rel}","templated":true}]}}