{"id":1072,"date":"2019-05-15T06:19:01","date_gmt":"2019-05-15T06:19:01","guid":{"rendered":"http:\/\/testingcity.com\/isotechdesign\/?post_type=product&#038;p=1072"},"modified":"2019-05-22T17:10:26","modified_gmt":"2019-05-22T17:10:26","slug":"aseptic-interface","status":"publish","type":"product","link":"https:\/\/www.isotechdesign.com\/fr\/product\/pharmaceuticals\/aseptic-interface\/","title":{"rendered":"Interface aseptique"},"content":{"rendered":"<p><\/p>\n<p>[vc_row tlg_background_style=\u00a0\u00bbbg-secondary\u00a0\u00bb css=\u00a0\u00bb.vc_custom_1553687668035{padding-bottom: 2em !important;}\u00a0\u00bb][vc_column width=\u00a0\u00bb1\/4&Prime;][vc_column_text]<\/p>\n<ul class=\"pr-menu\">\n<li class=\"menu-head\"><a href=\"\/fr\/products\/pharmaceuticals\/\">Pharmaceutiques<\/a><\/li>\n<li><a href=\"\/fr\/product\/pharmaceuticals\/aseptic-filling\/\">Remplissage aseptique<\/a><\/li>\n<li><a class=\"active\" href=\"\/fr\/product\/pharmaceuticals\/aseptic-interface\/\">Interface aseptique<\/a><\/li>\n<li><a href=\"\/fr\/product\/pharmaceuticals\/aseptic-transfer\/\">Transfert aseptique<\/a><\/li>\n<li><a href=\"\/fr\/product\/pharmaceuticals\/sterility-testing\/\">Tests de st\u00e9rilit\u00e9<\/a><\/li>\n<li><a href=\"\/fr\/product\/pharmaceuticals\/containment\/\">Confinement<\/a><\/li>\n<li><a href=\"\/fr\/product\/pharmaceuticals\/glove-tester\/\">Testeurs de gants<\/a><\/li>\n<\/ul>\n<p>[\/vc_column_text][vc_column_text]Pour plus d\u2019information ou pour une soumission, veuillez nous contacter au :<\/p>\n<p>1-800-476-2010<br \/>\n514-956-1602<br \/>\ninfo@isotechdesign.com[\/vc_column_text][\/vc_column][vc_column width=\u00a0\u00bb3\/4&Prime;]<div class=\"headings-title\"><div class=\"mb16 mb16 mb-xs-40 text-left\"><h5 style=\"font-size:35px;line-height:45px;text-transform: none!important;\" class=\"widgettitle mb0\">Interface aseptique<\/h5><\/div><\/div>[vc_tta_tabs][vc_tta_section title=\u00a0\u00bbDescription et avantages\u00a0\u00bb tab_id=\u00a0\u00bbDescription-et-avantages\u00a0\u00bb][vc_row_inner][vc_column_inner width=\u00a0\u00bb1\/2&Prime;][vc_single_image image=\u00a0\u00bb1073&Prime; img_size=\u00a0\u00bbfull\u00a0\u00bb alignment=\u00a0\u00bbcenter\u00a0\u00bb onclick=\u00a0\u00bblink_image\u00a0\u00bb][\/vc_column_inner][vc_column_inner width=\u00a0\u00bb1\/2&Prime;][vc_column_text]Le HemiSphere est un isolateur ou RABS \u00e0 flux d&rsquo;air non-unidirectionel et \u00e0 pression positive pour les interfaces aseptiques.<\/p>\n<ul>\n<li>Pression positive ISO 4<\/li>\n<li>Pour interfaces avec lyophilisateurs, autoclaves et DHS<\/li>\n<li>M\u00e9canisme de transfert et rangement mobile<\/li>\n<li>Protection compl\u00e8te du produit et de l&rsquo;op\u00e9rateur<\/li>\n<li>Petite zone critique: augmente SAL<\/li>\n<li>Besoins en \u00e9nergie minimaux<\/li>\n<li>D\u00e9contamination avec g\u00e9n\u00e9rateur H2O2<\/li>\n<li>QI\/QO validation: documentation et ex\u00e9cution<\/li>\n<\/ul>\n<p>[\/vc_column_text][\/vc_column_inner][\/vc_row_inner][\/vc_tta_section][vc_tta_section title=\u00a0\u00bbT\u00e9l\u00e9charger la brochure\u00a0\u00bb tab_id=\u00a0\u00bbT-la-brochure\u00a0\u00bb][vc_row_inner][vc_column_inner width=\u00a0\u00bb1\/2&Prime;][vc_single_image image=\u00a0\u00bb1073&Prime; img_size=\u00a0\u00bbfull\u00a0\u00bb][\/vc_column_inner][vc_column_inner width=\u00a0\u00bb1\/2&Prime;][vc_column_text]<a href=\"\/wp-content\/uploads\/file_asepticinterface_20131217_pdf.pdf\"> <img decoding=\"async\" src=\"\/wp-content\/uploads\/pdf.jpg\" \/><\/a>[\/vc_column_text][\/vc_column_inner][\/vc_row_inner][\/vc_tta_section][\/vc_tta_tabs][\/vc_column][\/vc_row][vc_row tlg_background_style=\u00a0\u00bbbg-secondary\u00a0\u00bb css=\u00a0\u00bb.vc_custom_1553687685389{padding-top: 0px !important;}\u00a0\u00bb][vc_column]<div class=\"headings-title\"><div class=\"mb16 mb16 mb-xs-40 text-center\"><h4 style=\"text-transform: none!important;\" class=\"widgettitle mb0\">Produits apparent\u00e9s<\/h4><\/div><\/div>[vc_row_inner][vc_column_inner el_class=\u00a0\u00bbtext-center featured-pr\u00a0\u00bb width=\u00a0\u00bb1\/4&Prime;]<div class=\"headings-title\"><div class=\"mb16 mb16 mb-xs-40 text-center\"><h5 style=\"text-transform: none!important;\" class=\"widgettitle mb0\">Remplissage aseptique<\/h5><\/div><\/div>[vc_single_image image=\u00a0\u00bb1188&Prime; img_size=\u00a0\u00bbfull\u00a0\u00bb alignment=\u00a0\u00bbcenter\u00a0\u00bb css=\u00a0\u00bb.vc_custom_1553687777858{padding-bottom: 10px !important;}\u00a0\u00bb]<div class=\"\"><a  id=\"btn-69e2ffa35c518\" class=\"btn btn-filled    btn-sm-sm\" href= \"\/fr\/product\/pharmaceuticals\/aseptic-filling\/\" target=\"_self\" >D\u00e9tails<\/a><\/div>[\/vc_column_inner][vc_column_inner el_class=\u00a0\u00bbtext-center featured-pr\u00a0\u00bb width=\u00a0\u00bb1\/4&Prime;]<div class=\"headings-title\"><div class=\"mb16 mb16 mb-xs-40 text-center\"><h5 style=\"text-transform: none!important;\" class=\"widgettitle mb0\">Transfert aseptique<\/h5><\/div><\/div>[vc_single_image image=\u00a0\u00bb1581&Prime; img_size=\u00a0\u00bbfull\u00a0\u00bb alignment=\u00a0\u00bbcenter\u00a0\u00bb css=\u00a0\u00bb.vc_custom_1555525067224{padding-bottom: 10px !important;}\u00a0\u00bb]<div class=\"\"><a  id=\"btn-69e2ffa35c53f\" class=\"btn btn-filled    btn-sm-sm\" href= \"\/fr\/product\/pharmaceuticals\/aseptic-transfer\/\" target=\"_self\" >D\u00e9tails<\/a><\/div>[\/vc_column_inner][vc_column_inner el_class=\u00a0\u00bbtext-center featured-pr\u00a0\u00bb width=\u00a0\u00bb1\/4&Prime;]<div class=\"headings-title\"><div class=\"mb16 mb16 mb-xs-40 text-center\"><h5 style=\"text-transform: none!important;\" class=\"widgettitle mb0\">Testeurs de gants<\/h5><\/div><\/div>[vc_single_image image=\u00a0\u00bb1191&Prime; img_size=\u00a0\u00bbfull\u00a0\u00bb alignment=\u00a0\u00bbcenter\u00a0\u00bb css=\u00a0\u00bb.vc_custom_1553687949655{padding-bottom: 10px !important;}\u00a0\u00bb]<div class=\"\"><a  id=\"btn-69e2ffa35c564\" class=\"btn btn-filled    btn-sm-sm\" href= \"\/fr\/product\/pharmaceuticals\/glove-tester\/\" target=\"_self\" >D\u00e9tails<\/a><\/div>[\/vc_column_inner][vc_column_inner el_class=\u00a0\u00bbtext-center featured-pr\u00a0\u00bb width=\u00a0\u00bb1\/4&Prime;]<div class=\"headings-title\"><div class=\"mb16 mb16 mb-xs-40 text-center\"><h5 style=\"text-transform: none!important;\" class=\"widgettitle mb0\">Tests de st\u00e9rilit\u00e9<\/h5><\/div><\/div>[vc_single_image image=\u00a0\u00bb1204&Prime; img_size=\u00a0\u00bbfull\u00a0\u00bb alignment=\u00a0\u00bbcenter\u00a0\u00bb css=\u00a0\u00bb.vc_custom_1553687991981{padding-bottom: 10px !important;}\u00a0\u00bb]<div class=\"\"><a  id=\"btn-69e2ffa35c586\" class=\"btn btn-filled    btn-sm-sm\" href= \"\/fr\/product\/pharmaceuticals\/sterility-testing\/\" target=\"_self\" >D\u00e9tails<\/a><\/div>[\/vc_column_inner][\/vc_row_inner][\/vc_column][\/vc_row]<\/p>\n<p><\/p>","protected":false},"excerpt":{"rendered":"<p>[vc_row tlg_background_style=\u00a0\u00bbbg-secondary\u00a0\u00bb css=\u00a0\u00bb.vc_custom_1553687668035{padding-bottom: 2em !important;}\u00a0\u00bb][vc_column width=\u00a0\u00bb1\/4&Prime;][vc_column_text] Pharmaceutiques Remplissage aseptique Interface aseptique Transfert aseptique Tests de st\u00e9rilit\u00e9&#8230;<\/p>\n","protected":false},"featured_media":1600,"comment_status":"open","ping_status":"closed","template":"","meta":[],"class_list":["post-1072","product","type-product","status-publish","has-post-thumbnail","hentry","product_cat-pharmaceuticals"],"yoast_head":"<!-- This site is optimized with the Yoast SEO plugin v24.3 - https:\/\/yoast.com\/wordpress\/plugins\/seo\/ -->\n<title>Interface aseptique - IsoTech Design<\/title>\n<meta name=\"robots\" content=\"index, follow, max-snippet:-1, max-image-preview:large, max-video-preview:-1\" \/>\n<link rel=\"canonical\" href=\"https:\/\/www.isotechdesign.com\/product\/pharmaceuticals\/aseptic-interface\/\" \/>\n<meta property=\"og:locale\" content=\"fr_FR\" \/>\n<meta property=\"og:type\" content=\"article\" \/>\n<meta property=\"og:title\" content=\"[:en]Aseptic Interface[:fr]Interface aseptique[:] - IsoTech Design\" \/>\n<meta property=\"og:description\" content=\"[vc_row tlg_background_style=\u00a0\u00bbbg-secondary\u00a0\u00bb css=\u00a0\u00bb.vc_custom_1553687668035{padding-bottom: 2em !important;}\u00a0\u00bb][vc_column width=\u00a0\u00bb1\/4&Prime;][vc_column_text] Pharmaceutiques Remplissage aseptique Interface aseptique Transfert aseptique Tests de st\u00e9rilit\u00e9...\" \/>\n<meta property=\"og:url\" content=\"https:\/\/www.isotechdesign.com\/product\/pharmaceuticals\/aseptic-interface\/\" \/>\n<meta property=\"og:site_name\" content=\"IsoTech Design\" \/>\n<meta property=\"article:modified_time\" content=\"2019-05-22T17:10:26+00:00\" \/>\n<meta property=\"og:image\" content=\"https:\/\/www.isotechdesign.com\/wp-content\/uploads\/shutterstock_114687286-2.jpg\" \/>\n\t<meta property=\"og:image:width\" content=\"1000\" \/>\n\t<meta property=\"og:image:height\" content=\"100\" \/>\n\t<meta property=\"og:image:type\" content=\"image\/jpeg\" \/>\n<meta name=\"twitter:card\" content=\"summary_large_image\" \/>\n<meta name=\"twitter:label1\" content=\"Dur\u00e9e de lecture estim\u00e9e\" \/>\n\t<meta name=\"twitter:data1\" content=\"5 minutes\" \/>\n<script type=\"application\/ld+json\" class=\"yoast-schema-graph\">{\"@context\":\"https:\/\/schema.org\",\"@graph\":[{\"@type\":\"WebPage\",\"@id\":\"https:\/\/www.isotechdesign.com\/product\/pharmaceuticals\/aseptic-interface\/\",\"url\":\"https:\/\/www.isotechdesign.com\/product\/pharmaceuticals\/aseptic-interface\/\",\"name\":\"[:en]Aseptic Interface[:fr]Interface aseptique[:] - IsoTech Design\",\"isPartOf\":{\"@id\":\"https:\/\/www.isotechdesign.com\/#website\"},\"primaryImageOfPage\":{\"@id\":\"https:\/\/www.isotechdesign.com\/product\/pharmaceuticals\/aseptic-interface\/#primaryimage\"},\"image\":{\"@id\":\"https:\/\/www.isotechdesign.com\/product\/pharmaceuticals\/aseptic-interface\/#primaryimage\"},\"thumbnailUrl\":\"https:\/\/www.isotechdesign.com\/wp-content\/uploads\/shutterstock_114687286-2.jpg\",\"datePublished\":\"2019-05-15T06:19:01+00:00\",\"dateModified\":\"2019-05-22T17:10:26+00:00\",\"breadcrumb\":{\"@id\":\"https:\/\/www.isotechdesign.com\/product\/pharmaceuticals\/aseptic-interface\/#breadcrumb\"},\"inLanguage\":\"fr-FR\",\"potentialAction\":[{\"@type\":\"ReadAction\",\"target\":[\"https:\/\/www.isotechdesign.com\/product\/pharmaceuticals\/aseptic-interface\/\"]}]},{\"@type\":\"ImageObject\",\"inLanguage\":\"fr-FR\",\"@id\":\"https:\/\/www.isotechdesign.com\/product\/pharmaceuticals\/aseptic-interface\/#primaryimage\",\"url\":\"https:\/\/www.isotechdesign.com\/wp-content\/uploads\/shutterstock_114687286-2.jpg\",\"contentUrl\":\"https:\/\/www.isotechdesign.com\/wp-content\/uploads\/shutterstock_114687286-2.jpg\",\"width\":1000,\"height\":100},{\"@type\":\"BreadcrumbList\",\"@id\":\"https:\/\/www.isotechdesign.com\/product\/pharmaceuticals\/aseptic-interface\/#breadcrumb\",\"itemListElement\":[{\"@type\":\"ListItem\",\"position\":1,\"name\":\"Home\",\"item\":\"https:\/\/www.isotechdesign.com\/\"},{\"@type\":\"ListItem\",\"position\":2,\"name\":\"Products\",\"item\":\"https:\/\/www.isotechdesign.com\/shop\/\"},{\"@type\":\"ListItem\",\"position\":3,\"name\":\"Aseptic Interface\"}]},{\"@type\":\"WebSite\",\"@id\":\"https:\/\/www.isotechdesign.com\/#website\",\"url\":\"https:\/\/www.isotechdesign.com\/\",\"name\":\"IsoTech Design\",\"description\":\"\",\"potentialAction\":[{\"@type\":\"SearchAction\",\"target\":{\"@type\":\"EntryPoint\",\"urlTemplate\":\"https:\/\/www.isotechdesign.com\/?s={search_term_string}\"},\"query-input\":{\"@type\":\"PropertyValueSpecification\",\"valueRequired\":true,\"valueName\":\"search_term_string\"}}],\"inLanguage\":\"fr-FR\"}]}<\/script>\n<!-- \/ Yoast SEO plugin. -->","yoast_head_json":{"title":"[:en]Aseptic Interface[:fr]Interface aseptique[:] - IsoTech Design","robots":{"index":"index","follow":"follow","max-snippet":"max-snippet:-1","max-image-preview":"max-image-preview:large","max-video-preview":"max-video-preview:-1"},"canonical":"https:\/\/www.isotechdesign.com\/product\/pharmaceuticals\/aseptic-interface\/","og_locale":"fr_FR","og_type":"article","og_title":"[:en]Aseptic Interface[:fr]Interface aseptique[:] - IsoTech Design","og_description":"[vc_row tlg_background_style=\u00a0\u00bbbg-secondary\u00a0\u00bb css=\u00a0\u00bb.vc_custom_1553687668035{padding-bottom: 2em !important;}\u00a0\u00bb][vc_column width=\u00a0\u00bb1\/4&Prime;][vc_column_text] Pharmaceutiques Remplissage aseptique Interface aseptique Transfert aseptique Tests de st\u00e9rilit\u00e9...","og_url":"https:\/\/www.isotechdesign.com\/product\/pharmaceuticals\/aseptic-interface\/","og_site_name":"IsoTech Design","article_modified_time":"2019-05-22T17:10:26+00:00","og_image":[{"width":1000,"height":100,"url":"https:\/\/www.isotechdesign.com\/wp-content\/uploads\/shutterstock_114687286-2.jpg","type":"image\/jpeg"}],"twitter_card":"summary_large_image","twitter_misc":{"Dur\u00e9e de lecture estim\u00e9e":"5 minutes"},"schema":{"@context":"https:\/\/schema.org","@graph":[{"@type":"WebPage","@id":"https:\/\/www.isotechdesign.com\/product\/pharmaceuticals\/aseptic-interface\/","url":"https:\/\/www.isotechdesign.com\/product\/pharmaceuticals\/aseptic-interface\/","name":"[:en]Aseptic Interface[:fr]Interface aseptique[:] - IsoTech Design","isPartOf":{"@id":"https:\/\/www.isotechdesign.com\/#website"},"primaryImageOfPage":{"@id":"https:\/\/www.isotechdesign.com\/product\/pharmaceuticals\/aseptic-interface\/#primaryimage"},"image":{"@id":"https:\/\/www.isotechdesign.com\/product\/pharmaceuticals\/aseptic-interface\/#primaryimage"},"thumbnailUrl":"https:\/\/www.isotechdesign.com\/wp-content\/uploads\/shutterstock_114687286-2.jpg","datePublished":"2019-05-15T06:19:01+00:00","dateModified":"2019-05-22T17:10:26+00:00","breadcrumb":{"@id":"https:\/\/www.isotechdesign.com\/product\/pharmaceuticals\/aseptic-interface\/#breadcrumb"},"inLanguage":"fr-FR","potentialAction":[{"@type":"ReadAction","target":["https:\/\/www.isotechdesign.com\/product\/pharmaceuticals\/aseptic-interface\/"]}]},{"@type":"ImageObject","inLanguage":"fr-FR","@id":"https:\/\/www.isotechdesign.com\/product\/pharmaceuticals\/aseptic-interface\/#primaryimage","url":"https:\/\/www.isotechdesign.com\/wp-content\/uploads\/shutterstock_114687286-2.jpg","contentUrl":"https:\/\/www.isotechdesign.com\/wp-content\/uploads\/shutterstock_114687286-2.jpg","width":1000,"height":100},{"@type":"BreadcrumbList","@id":"https:\/\/www.isotechdesign.com\/product\/pharmaceuticals\/aseptic-interface\/#breadcrumb","itemListElement":[{"@type":"ListItem","position":1,"name":"Home","item":"https:\/\/www.isotechdesign.com\/"},{"@type":"ListItem","position":2,"name":"Products","item":"https:\/\/www.isotechdesign.com\/shop\/"},{"@type":"ListItem","position":3,"name":"Aseptic Interface"}]},{"@type":"WebSite","@id":"https:\/\/www.isotechdesign.com\/#website","url":"https:\/\/www.isotechdesign.com\/","name":"IsoTech Design","description":"","potentialAction":[{"@type":"SearchAction","target":{"@type":"EntryPoint","urlTemplate":"https:\/\/www.isotechdesign.com\/?s={search_term_string}"},"query-input":{"@type":"PropertyValueSpecification","valueRequired":true,"valueName":"search_term_string"}}],"inLanguage":"fr-FR"}]}},"_links":{"self":[{"href":"https:\/\/www.isotechdesign.com\/fr\/wp-json\/wp\/v2\/product\/1072","targetHints":{"allow":["GET"]}}],"collection":[{"href":"https:\/\/www.isotechdesign.com\/fr\/wp-json\/wp\/v2\/product"}],"about":[{"href":"https:\/\/www.isotechdesign.com\/fr\/wp-json\/wp\/v2\/types\/product"}],"replies":[{"embeddable":true,"href":"https:\/\/www.isotechdesign.com\/fr\/wp-json\/wp\/v2\/comments?post=1072"}],"wp:featuredmedia":[{"embeddable":true,"href":"https:\/\/www.isotechdesign.com\/fr\/wp-json\/wp\/v2\/media\/1600"}],"wp:attachment":[{"href":"https:\/\/www.isotechdesign.com\/fr\/wp-json\/wp\/v2\/media?parent=1072"}],"curies":[{"name":"wp","href":"https:\/\/api.w.org\/{rel}","templated":true}]}}