{"id":915,"date":"2019-05-15T09:50:57","date_gmt":"2019-05-15T09:50:57","guid":{"rendered":"http:\/\/testingcity.com\/isotechdesign\/?page_id=915"},"modified":"2019-05-18T05:04:27","modified_gmt":"2019-05-18T05:04:27","slug":"essentials","status":"publish","type":"page","link":"https:\/\/www.isotechdesign.com\/fr\/essentials\/","title":{"rendered":"Les Essentiels"},"content":{"rendered":"<p>[vc_row tlg_background_style=\u00a0\u00bbbg-secondary\u00a0\u00bb][vc_column][vc_column_text]<\/p>\n<h3><strong>Plan de soutien total<\/strong><\/h3>\n<p>IsoTech Design offre le Plan Essentiel (EP) qui est un plan de service annuel afin d\u2019aider les h\u00f4pitaux et pharmacies \u00e0 :<\/p>\n<ul>\n<li><strong>R\u00e9pondre \u00e0 toutes les exigences de l\u2019USP<\/strong><\/li>\n<li><strong>Rester conforme\u00a0<\/strong><\/li>\n<li><strong>Passer les inspections de votre\u00a0organisation professionnelle<\/strong><\/li>\n<\/ul>\n<h4><strong>Qu&rsquo;est-ce qui est inclus?<\/strong><\/h4>\n<p>MICROSPHERE<\/p>\n<ul>\n<li>Mensuellement: Soutien technique, Proc\u00e9dures Op\u00e9rationnelles (SOP) et r\u00e9solutions de probl\u00e8mes<\/li>\n<li>1 an d&rsquo;approvisionnement en :\n<ul>\n<li>Manchettes en PVC lamin\u00e9es\u00a0jaunes<\/li>\n<li>Joints toriques pour \u00e9paules<\/li>\n<li>Joints toriques pour poignets<\/li>\n<li>Joints \u00e9lastiques pour joints toriques<\/li>\n<li>Pr\u00e9filtres<\/li>\n<li>Sacs \u00e0 d\u00e9chets<\/li>\n<li>Bandes \u00e9lastiques pour sacs \u00e0 d\u00e9chets<\/li>\n<\/ul>\n<\/li>\n<\/ul>\n<p>*La quantit\u00e9 de produits ci-dessus varie selon le mod\u00e8le\u00a0de MicroSphere que vous poss\u00e9dez<\/p>\n<p>CHEMOSPHERE<\/p>\n<ul>\n<li>Mensuellement: Soutien technique, Proc\u00e9dures Op\u00e9rationnelles (SOP) et r\u00e9solutions de probl\u00e8mes<\/li>\n<li>1 an d&rsquo;approvisionnement en :\n<ul>\n<li>Manchettes en PVC lamin\u00e9es jaunes<\/li>\n<li>Joints toriques pour \u00e9paules<\/li>\n<li>Joints torique pour poignets<\/li>\n<li>Joints \u00e9lastiques pour joints toriques<\/li>\n<li>Pr\u00e9filtres<\/li>\n<\/ul>\n<\/li>\n<\/ul>\n<p>*La quantit\u00e9 de produits ci-dessus varie accordant au mod\u00e8le de ChemoSphere que vous poss\u00e9dez<\/p>\n<p><strong>Tous les items pr\u00e9c\u00e9dents sont offerts \u00e0\u00a0un escompte de 10 % dans un Plan de Soutien Total (TSP)<\/strong><\/p>\n<h2><strong>Services additionnels :<\/strong><\/h2>\n<ul>\n<li>Suivi environnemental\n<ul>\n<li>\u00c9chantillonnage de l&rsquo;air et des surfaces (pour la pr\u00e9sence de bact\u00e9ries et champignons)<\/li>\n<li>Incubation<\/li>\n<li>R\u00e9sultats officiels<\/li>\n<\/ul>\n<\/li>\n<li>Garantie prolong\u00e9e<\/li>\n<li>Formation en ligne<\/li>\n<li>Kit Essentiel<\/li>\n<li>Kit S\u00e9curitaire<\/li>\n<\/ul>\n<h3><strong>Avec un Plan de Soutien Total, les clients recoivent 5 % de rabais sur tous les <a href=\"http:\/\/www.cleanairessentials.com\">produits essentiels<\/a> afin de rester conforme \u00e0 l&rsquo;USP 797.<\/strong><\/h3>\n<p><strong>*<\/strong>Visitez\u00a0<a href=\"http:\/\/www.cleanairessentials.com\/\">www.cleanairessentials.com<\/a>\u00a0pour les produits essentiels et la liste de prix.<\/p>\n<p>Pour plus d&rsquo;information ou pour une <a href=\"http:\/\/www.isotechdesign.com\/en\/contact-us\">soumission<\/a> pour le Plan Essentiel (EP), veuillez contacter le directeur du service \u00e0 la client\u00e8le, Tony Catalfamo au :<\/p>\n<p>1.800.476.2010 ext.: 204<\/p>\n<p>Ou<\/p>\n<p><a href=\"mailto:t.catalfamo@isotechdesign.com\">t.catalfamo@isotechdesign.com<\/a>[\/vc_column_text][\/vc_column][\/vc_row]<\/p>","protected":false},"excerpt":{"rendered":"<p>[vc_row tlg_background_style=\u00a0\u00bbbg-secondary\u00a0\u00bb][vc_column][vc_column_text] Plan de soutien total IsoTech Design offre le Plan Essentiel (EP) qui est un&#8230;<\/p>\n","protected":false},"author":1,"featured_media":1433,"parent":0,"menu_order":0,"comment_status":"closed","ping_status":"closed","template":"","meta":{"footnotes":""},"class_list":["post-915","page","type-page","status-publish","has-post-thumbnail","hentry"],"yoast_head":"<!-- This site is optimized with the Yoast SEO plugin v24.3 - https:\/\/yoast.com\/wordpress\/plugins\/seo\/ -->\n<title>Les Essentiels - IsoTech Design<\/title>\n<meta name=\"robots\" content=\"index, follow, max-snippet:-1, max-image-preview:large, max-video-preview:-1\" \/>\n<link rel=\"canonical\" href=\"https:\/\/www.isotechdesign.com\/essentials\/\" \/>\n<meta property=\"og:locale\" content=\"fr_FR\" \/>\n<meta property=\"og:type\" content=\"article\" \/>\n<meta property=\"og:title\" content=\"[:en]Essentials[:fr]Les Essentiels[:] - IsoTech Design\" \/>\n<meta property=\"og:description\" content=\"[vc_row tlg_background_style=\u00a0\u00bbbg-secondary\u00a0\u00bb][vc_column][vc_column_text] Plan de soutien total IsoTech Design offre le Plan Essentiel (EP) qui est un...\" \/>\n<meta property=\"og:url\" content=\"https:\/\/www.isotechdesign.com\/essentials\/\" \/>\n<meta property=\"og:site_name\" content=\"IsoTech Design\" \/>\n<meta property=\"article:modified_time\" content=\"2019-05-18T05:04:27+00:00\" \/>\n<meta property=\"og:image\" content=\"https:\/\/www.isotechdesign.com\/wp-content\/uploads\/banner06.jpg\" \/>\n\t<meta property=\"og:image:width\" content=\"1000\" \/>\n\t<meta property=\"og:image:height\" content=\"100\" \/>\n\t<meta property=\"og:image:type\" content=\"image\/jpeg\" \/>\n<meta name=\"twitter:card\" content=\"summary_large_image\" \/>\n<meta name=\"twitter:label1\" content=\"Dur\u00e9e de lecture estim\u00e9e\" \/>\n\t<meta name=\"twitter:data1\" content=\"2 minutes\" \/>\n<script type=\"application\/ld+json\" class=\"yoast-schema-graph\">{\"@context\":\"https:\/\/schema.org\",\"@graph\":[{\"@type\":\"WebPage\",\"@id\":\"https:\/\/www.isotechdesign.com\/essentials\/\",\"url\":\"https:\/\/www.isotechdesign.com\/essentials\/\",\"name\":\"[:en]Essentials[:fr]Les Essentiels[:] - IsoTech Design\",\"isPartOf\":{\"@id\":\"https:\/\/www.isotechdesign.com\/#website\"},\"primaryImageOfPage\":{\"@id\":\"https:\/\/www.isotechdesign.com\/essentials\/#primaryimage\"},\"image\":{\"@id\":\"https:\/\/www.isotechdesign.com\/essentials\/#primaryimage\"},\"thumbnailUrl\":\"https:\/\/www.isotechdesign.com\/wp-content\/uploads\/banner06.jpg\",\"datePublished\":\"2019-05-15T09:50:57+00:00\",\"dateModified\":\"2019-05-18T05:04:27+00:00\",\"breadcrumb\":{\"@id\":\"https:\/\/www.isotechdesign.com\/essentials\/#breadcrumb\"},\"inLanguage\":\"fr-FR\",\"potentialAction\":[{\"@type\":\"ReadAction\",\"target\":[\"https:\/\/www.isotechdesign.com\/essentials\/\"]}]},{\"@type\":\"ImageObject\",\"inLanguage\":\"fr-FR\",\"@id\":\"https:\/\/www.isotechdesign.com\/essentials\/#primaryimage\",\"url\":\"https:\/\/www.isotechdesign.com\/wp-content\/uploads\/banner06.jpg\",\"contentUrl\":\"https:\/\/www.isotechdesign.com\/wp-content\/uploads\/banner06.jpg\",\"width\":1000,\"height\":100,\"caption\":\"inner-banner\"},{\"@type\":\"BreadcrumbList\",\"@id\":\"https:\/\/www.isotechdesign.com\/essentials\/#breadcrumb\",\"itemListElement\":[{\"@type\":\"ListItem\",\"position\":1,\"name\":\"Home\",\"item\":\"https:\/\/www.isotechdesign.com\/\"},{\"@type\":\"ListItem\",\"position\":2,\"name\":\"Essentials\"}]},{\"@type\":\"WebSite\",\"@id\":\"https:\/\/www.isotechdesign.com\/#website\",\"url\":\"https:\/\/www.isotechdesign.com\/\",\"name\":\"IsoTech Design\",\"description\":\"\",\"potentialAction\":[{\"@type\":\"SearchAction\",\"target\":{\"@type\":\"EntryPoint\",\"urlTemplate\":\"https:\/\/www.isotechdesign.com\/?s={search_term_string}\"},\"query-input\":{\"@type\":\"PropertyValueSpecification\",\"valueRequired\":true,\"valueName\":\"search_term_string\"}}],\"inLanguage\":\"fr-FR\"}]}<\/script>\n<!-- \/ Yoast SEO plugin. -->","yoast_head_json":{"title":"[:en]Essentials[:fr]Les Essentiels[:] - IsoTech Design","robots":{"index":"index","follow":"follow","max-snippet":"max-snippet:-1","max-image-preview":"max-image-preview:large","max-video-preview":"max-video-preview:-1"},"canonical":"https:\/\/www.isotechdesign.com\/essentials\/","og_locale":"fr_FR","og_type":"article","og_title":"[:en]Essentials[:fr]Les Essentiels[:] - IsoTech Design","og_description":"[vc_row tlg_background_style=\u00a0\u00bbbg-secondary\u00a0\u00bb][vc_column][vc_column_text] Plan de soutien total IsoTech Design offre le Plan Essentiel (EP) qui est un...","og_url":"https:\/\/www.isotechdesign.com\/essentials\/","og_site_name":"IsoTech Design","article_modified_time":"2019-05-18T05:04:27+00:00","og_image":[{"width":1000,"height":100,"url":"https:\/\/www.isotechdesign.com\/wp-content\/uploads\/banner06.jpg","type":"image\/jpeg"}],"twitter_card":"summary_large_image","twitter_misc":{"Dur\u00e9e de lecture estim\u00e9e":"2 minutes"},"schema":{"@context":"https:\/\/schema.org","@graph":[{"@type":"WebPage","@id":"https:\/\/www.isotechdesign.com\/essentials\/","url":"https:\/\/www.isotechdesign.com\/essentials\/","name":"[:en]Essentials[:fr]Les Essentiels[:] - IsoTech Design","isPartOf":{"@id":"https:\/\/www.isotechdesign.com\/#website"},"primaryImageOfPage":{"@id":"https:\/\/www.isotechdesign.com\/essentials\/#primaryimage"},"image":{"@id":"https:\/\/www.isotechdesign.com\/essentials\/#primaryimage"},"thumbnailUrl":"https:\/\/www.isotechdesign.com\/wp-content\/uploads\/banner06.jpg","datePublished":"2019-05-15T09:50:57+00:00","dateModified":"2019-05-18T05:04:27+00:00","breadcrumb":{"@id":"https:\/\/www.isotechdesign.com\/essentials\/#breadcrumb"},"inLanguage":"fr-FR","potentialAction":[{"@type":"ReadAction","target":["https:\/\/www.isotechdesign.com\/essentials\/"]}]},{"@type":"ImageObject","inLanguage":"fr-FR","@id":"https:\/\/www.isotechdesign.com\/essentials\/#primaryimage","url":"https:\/\/www.isotechdesign.com\/wp-content\/uploads\/banner06.jpg","contentUrl":"https:\/\/www.isotechdesign.com\/wp-content\/uploads\/banner06.jpg","width":1000,"height":100,"caption":"inner-banner"},{"@type":"BreadcrumbList","@id":"https:\/\/www.isotechdesign.com\/essentials\/#breadcrumb","itemListElement":[{"@type":"ListItem","position":1,"name":"Home","item":"https:\/\/www.isotechdesign.com\/"},{"@type":"ListItem","position":2,"name":"Essentials"}]},{"@type":"WebSite","@id":"https:\/\/www.isotechdesign.com\/#website","url":"https:\/\/www.isotechdesign.com\/","name":"IsoTech Design","description":"","potentialAction":[{"@type":"SearchAction","target":{"@type":"EntryPoint","urlTemplate":"https:\/\/www.isotechdesign.com\/?s={search_term_string}"},"query-input":{"@type":"PropertyValueSpecification","valueRequired":true,"valueName":"search_term_string"}}],"inLanguage":"fr-FR"}]}},"_links":{"self":[{"href":"https:\/\/www.isotechdesign.com\/fr\/wp-json\/wp\/v2\/pages\/915","targetHints":{"allow":["GET"]}}],"collection":[{"href":"https:\/\/www.isotechdesign.com\/fr\/wp-json\/wp\/v2\/pages"}],"about":[{"href":"https:\/\/www.isotechdesign.com\/fr\/wp-json\/wp\/v2\/types\/page"}],"author":[{"embeddable":true,"href":"https:\/\/www.isotechdesign.com\/fr\/wp-json\/wp\/v2\/users\/1"}],"replies":[{"embeddable":true,"href":"https:\/\/www.isotechdesign.com\/fr\/wp-json\/wp\/v2\/comments?post=915"}],"version-history":[{"count":7,"href":"https:\/\/www.isotechdesign.com\/fr\/wp-json\/wp\/v2\/pages\/915\/revisions"}],"predecessor-version":[{"id":1694,"href":"https:\/\/www.isotechdesign.com\/fr\/wp-json\/wp\/v2\/pages\/915\/revisions\/1694"}],"wp:featuredmedia":[{"embeddable":true,"href":"https:\/\/www.isotechdesign.com\/fr\/wp-json\/wp\/v2\/media\/1433"}],"wp:attachment":[{"href":"https:\/\/www.isotechdesign.com\/fr\/wp-json\/wp\/v2\/media?parent=915"}],"curies":[{"name":"wp","href":"https:\/\/api.w.org\/{rel}","templated":true}]}}