{"id":913,"date":"2019-05-15T10:05:24","date_gmt":"2019-05-15T10:05:24","guid":{"rendered":"http:\/\/testingcity.com\/isotechdesign\/?page_id=913"},"modified":"2023-10-10T11:58:51","modified_gmt":"2023-10-10T15:58:51","slug":"instructional-videos","status":"publish","type":"page","link":"https:\/\/www.isotechdesign.com\/fr\/instructional-videos\/","title":{"rendered":"Vid\u00e9os instructives"},"content":{"rendered":"<p>[vc_row tlg_background_style=\u00a0\u00bbbg-secondary\u00a0\u00bb][vc_column][vc_column_text]<\/p>\n<h3><strong>Vid\u00e9os instructives<\/strong><\/h3>\n<h4><strong>NOUVEAU Syst\u00e8me de changement de gants <\/strong><\/h4>\n<ul>\n<li><a href=\"https:\/\/www.youtube.com\/watch?v=NE0UKFrht_E\">Nouveau Syst\u00e8me de Changement de Gants (Francais)<\/a><\/li>\n<li><a href=\"https:\/\/youtu.be\/keWhMs8Rj0M\">Nouveau Syst\u00e8me de Changement d&rsquo;Extension de Poignet (Francais)<\/a><\/li>\n<\/ul>\n<p>Les vid\u00e9os suivantes sont sous-titr\u00e9es en anglais seulement.<\/p>\n<h4><strong>Proc\u00e9dures Op\u00e9rationnelles (SOP) pour CAI et CACI &#8211; OP\u00c9RATIONS &#8211; :<\/strong><\/h4>\n<ul>\n<li><a href=\"https:\/\/www.youtube.com\/watch?v=Itb0hf8wHcs\">Travailler \u00e0 l&rsquo;int\u00e9rieur de l&rsquo;unit\u00e9<\/a><\/li>\n<li><a href=\"https:\/\/www.youtube.com\/watch?v=SlLnXWT3E6s\">Introduire des \u00e9l\u00e9ments\u00a0dans l&rsquo;antichambre et dans la chambre de travail<\/a><\/li>\n<li><a href=\"https:\/\/www.youtube.com\/watch?v=hq3VnQsbPj0\">\u00c9l\u00e9ments existants de la chambre de travail \u00e0 l&rsquo;antichambre puis hors de l&rsquo;unit\u00e9<\/a><\/li>\n<\/ul>\n<h4><strong>Proc\u00e9dures Op\u00e9rationnelles (SOP) pour CAI et CACI &#8211; NETTOYAGE ET D\u00c9CONTAMINATION &#8211; :<\/strong><\/h4>\n<ul>\n<li><a href=\"https:\/\/www.youtube.com\/watch?v=px5psCnxQ6M\">Nettoyage<\/a><\/li>\n<li><a href=\"https:\/\/www.youtube.com\/watch?v=YF5yq6eJo6s\">D\u00e9contamination<\/a><\/li>\n<\/ul>\n<h4><strong>Proc\u00e9dures Op\u00e9rationnelles (SOP) pour CAI et CACI &#8211; ENTRETIEN &#8211; :<\/strong><\/h4>\n<ul>\n<li><a href=\"https:\/\/www.youtube.com\/watch?v=VXPUjURikn4\">Pr\u00e9filtre<\/a><\/li>\n<li><a href=\"https:\/\/www.youtube.com\/watch?v=RGqT09USoLw\">Entretien pr\u00e9ventif\u00a0et certification du filtre \u00ab HEPA \u00bb<\/a><\/li>\n<li><a href=\"https:\/\/www.youtube.com\/watch?v=hEZo4qmYlp4\">Technique aseptique pour remplacer les gants<\/a><\/li>\n<li><a href=\"https:\/\/www.youtube.com\/watch?v=O4JwumQyXuY\">Technique aseptique pour remplacer les sacs \u00e0 d\u00e9chets usag\u00e9s<\/a><\/li>\n<li><a href=\"https:\/\/www.youtube.com\/watch?v=qe7g73yKjzU\">Proc\u00e9dures pour changer une lumi\u00e8re dans une MicroSphere (CAI) 4\u00a0\u00bb<\/a><\/li>\n<\/ul>\n<p>[\/vc_column_text][\/vc_column][\/vc_row]<\/p>","protected":false},"excerpt":{"rendered":"<p>[vc_row tlg_background_style=\u00a0\u00bbbg-secondary\u00a0\u00bb][vc_column][vc_column_text] Vid\u00e9os instructives NOUVEAU Syst\u00e8me de changement de gants Nouveau Syst\u00e8me de Changement de Gants&#8230;<\/p>\n","protected":false},"author":1,"featured_media":1433,"parent":0,"menu_order":0,"comment_status":"closed","ping_status":"closed","template":"","meta":{"footnotes":""},"class_list":["post-913","page","type-page","status-publish","has-post-thumbnail","hentry"],"yoast_head":"<!-- This site is optimized with the Yoast SEO plugin v24.3 - https:\/\/yoast.com\/wordpress\/plugins\/seo\/ -->\n<title>Vid\u00e9os instructives - IsoTech Design<\/title>\n<meta name=\"robots\" content=\"index, follow, max-snippet:-1, max-image-preview:large, max-video-preview:-1\" \/>\n<link rel=\"canonical\" href=\"https:\/\/www.isotechdesign.com\/instructional-videos\/\" \/>\n<meta property=\"og:locale\" content=\"fr_FR\" \/>\n<meta property=\"og:type\" content=\"article\" \/>\n<meta property=\"og:title\" content=\"[:en]Instructional Videos[:fr]Vid\u00e9os instructives[:] - IsoTech Design\" \/>\n<meta property=\"og:description\" content=\"[vc_row tlg_background_style=\u00a0\u00bbbg-secondary\u00a0\u00bb][vc_column][vc_column_text] Vid\u00e9os instructives NOUVEAU Syst\u00e8me de changement de gants Nouveau Syst\u00e8me de Changement de Gants...\" \/>\n<meta property=\"og:url\" content=\"https:\/\/www.isotechdesign.com\/instructional-videos\/\" \/>\n<meta property=\"og:site_name\" content=\"IsoTech Design\" \/>\n<meta property=\"article:modified_time\" content=\"2023-10-10T15:58:51+00:00\" \/>\n<meta property=\"og:image\" content=\"https:\/\/www.isotechdesign.com\/wp-content\/uploads\/banner06.jpg\" \/>\n\t<meta property=\"og:image:width\" content=\"1000\" \/>\n\t<meta property=\"og:image:height\" content=\"100\" \/>\n\t<meta property=\"og:image:type\" content=\"image\/jpeg\" \/>\n<meta name=\"twitter:card\" content=\"summary_large_image\" \/>\n<meta name=\"twitter:label1\" content=\"Dur\u00e9e de lecture estim\u00e9e\" \/>\n\t<meta name=\"twitter:data1\" content=\"2 minutes\" \/>\n<script type=\"application\/ld+json\" class=\"yoast-schema-graph\">{\"@context\":\"https:\/\/schema.org\",\"@graph\":[{\"@type\":\"WebPage\",\"@id\":\"https:\/\/www.isotechdesign.com\/instructional-videos\/\",\"url\":\"https:\/\/www.isotechdesign.com\/instructional-videos\/\",\"name\":\"[:en]Instructional Videos[:fr]Vid\u00e9os instructives[:] - IsoTech Design\",\"isPartOf\":{\"@id\":\"https:\/\/www.isotechdesign.com\/#website\"},\"primaryImageOfPage\":{\"@id\":\"https:\/\/www.isotechdesign.com\/instructional-videos\/#primaryimage\"},\"image\":{\"@id\":\"https:\/\/www.isotechdesign.com\/instructional-videos\/#primaryimage\"},\"thumbnailUrl\":\"https:\/\/www.isotechdesign.com\/wp-content\/uploads\/banner06.jpg\",\"datePublished\":\"2019-05-15T10:05:24+00:00\",\"dateModified\":\"2023-10-10T15:58:51+00:00\",\"breadcrumb\":{\"@id\":\"https:\/\/www.isotechdesign.com\/instructional-videos\/#breadcrumb\"},\"inLanguage\":\"fr-FR\",\"potentialAction\":[{\"@type\":\"ReadAction\",\"target\":[\"https:\/\/www.isotechdesign.com\/instructional-videos\/\"]}]},{\"@type\":\"ImageObject\",\"inLanguage\":\"fr-FR\",\"@id\":\"https:\/\/www.isotechdesign.com\/instructional-videos\/#primaryimage\",\"url\":\"https:\/\/www.isotechdesign.com\/wp-content\/uploads\/banner06.jpg\",\"contentUrl\":\"https:\/\/www.isotechdesign.com\/wp-content\/uploads\/banner06.jpg\",\"width\":1000,\"height\":100,\"caption\":\"inner-banner\"},{\"@type\":\"BreadcrumbList\",\"@id\":\"https:\/\/www.isotechdesign.com\/instructional-videos\/#breadcrumb\",\"itemListElement\":[{\"@type\":\"ListItem\",\"position\":1,\"name\":\"Home\",\"item\":\"https:\/\/www.isotechdesign.com\/\"},{\"@type\":\"ListItem\",\"position\":2,\"name\":\"Instructional Videos\"}]},{\"@type\":\"WebSite\",\"@id\":\"https:\/\/www.isotechdesign.com\/#website\",\"url\":\"https:\/\/www.isotechdesign.com\/\",\"name\":\"IsoTech Design\",\"description\":\"\",\"potentialAction\":[{\"@type\":\"SearchAction\",\"target\":{\"@type\":\"EntryPoint\",\"urlTemplate\":\"https:\/\/www.isotechdesign.com\/?s={search_term_string}\"},\"query-input\":{\"@type\":\"PropertyValueSpecification\",\"valueRequired\":true,\"valueName\":\"search_term_string\"}}],\"inLanguage\":\"fr-FR\"}]}<\/script>\n<!-- \/ Yoast SEO plugin. -->","yoast_head_json":{"title":"[:en]Instructional Videos[:fr]Vid\u00e9os instructives[:] - IsoTech Design","robots":{"index":"index","follow":"follow","max-snippet":"max-snippet:-1","max-image-preview":"max-image-preview:large","max-video-preview":"max-video-preview:-1"},"canonical":"https:\/\/www.isotechdesign.com\/instructional-videos\/","og_locale":"fr_FR","og_type":"article","og_title":"[:en]Instructional Videos[:fr]Vid\u00e9os instructives[:] - IsoTech Design","og_description":"[vc_row tlg_background_style=\u00a0\u00bbbg-secondary\u00a0\u00bb][vc_column][vc_column_text] Vid\u00e9os instructives NOUVEAU Syst\u00e8me de changement de gants Nouveau Syst\u00e8me de Changement de Gants...","og_url":"https:\/\/www.isotechdesign.com\/instructional-videos\/","og_site_name":"IsoTech Design","article_modified_time":"2023-10-10T15:58:51+00:00","og_image":[{"width":1000,"height":100,"url":"https:\/\/www.isotechdesign.com\/wp-content\/uploads\/banner06.jpg","type":"image\/jpeg"}],"twitter_card":"summary_large_image","twitter_misc":{"Dur\u00e9e de lecture estim\u00e9e":"2 minutes"},"schema":{"@context":"https:\/\/schema.org","@graph":[{"@type":"WebPage","@id":"https:\/\/www.isotechdesign.com\/instructional-videos\/","url":"https:\/\/www.isotechdesign.com\/instructional-videos\/","name":"[:en]Instructional Videos[:fr]Vid\u00e9os instructives[:] - IsoTech Design","isPartOf":{"@id":"https:\/\/www.isotechdesign.com\/#website"},"primaryImageOfPage":{"@id":"https:\/\/www.isotechdesign.com\/instructional-videos\/#primaryimage"},"image":{"@id":"https:\/\/www.isotechdesign.com\/instructional-videos\/#primaryimage"},"thumbnailUrl":"https:\/\/www.isotechdesign.com\/wp-content\/uploads\/banner06.jpg","datePublished":"2019-05-15T10:05:24+00:00","dateModified":"2023-10-10T15:58:51+00:00","breadcrumb":{"@id":"https:\/\/www.isotechdesign.com\/instructional-videos\/#breadcrumb"},"inLanguage":"fr-FR","potentialAction":[{"@type":"ReadAction","target":["https:\/\/www.isotechdesign.com\/instructional-videos\/"]}]},{"@type":"ImageObject","inLanguage":"fr-FR","@id":"https:\/\/www.isotechdesign.com\/instructional-videos\/#primaryimage","url":"https:\/\/www.isotechdesign.com\/wp-content\/uploads\/banner06.jpg","contentUrl":"https:\/\/www.isotechdesign.com\/wp-content\/uploads\/banner06.jpg","width":1000,"height":100,"caption":"inner-banner"},{"@type":"BreadcrumbList","@id":"https:\/\/www.isotechdesign.com\/instructional-videos\/#breadcrumb","itemListElement":[{"@type":"ListItem","position":1,"name":"Home","item":"https:\/\/www.isotechdesign.com\/"},{"@type":"ListItem","position":2,"name":"Instructional Videos"}]},{"@type":"WebSite","@id":"https:\/\/www.isotechdesign.com\/#website","url":"https:\/\/www.isotechdesign.com\/","name":"IsoTech Design","description":"","potentialAction":[{"@type":"SearchAction","target":{"@type":"EntryPoint","urlTemplate":"https:\/\/www.isotechdesign.com\/?s={search_term_string}"},"query-input":{"@type":"PropertyValueSpecification","valueRequired":true,"valueName":"search_term_string"}}],"inLanguage":"fr-FR"}]}},"_links":{"self":[{"href":"https:\/\/www.isotechdesign.com\/fr\/wp-json\/wp\/v2\/pages\/913","targetHints":{"allow":["GET"]}}],"collection":[{"href":"https:\/\/www.isotechdesign.com\/fr\/wp-json\/wp\/v2\/pages"}],"about":[{"href":"https:\/\/www.isotechdesign.com\/fr\/wp-json\/wp\/v2\/types\/page"}],"author":[{"embeddable":true,"href":"https:\/\/www.isotechdesign.com\/fr\/wp-json\/wp\/v2\/users\/1"}],"replies":[{"embeddable":true,"href":"https:\/\/www.isotechdesign.com\/fr\/wp-json\/wp\/v2\/comments?post=913"}],"version-history":[{"count":8,"href":"https:\/\/www.isotechdesign.com\/fr\/wp-json\/wp\/v2\/pages\/913\/revisions"}],"predecessor-version":[{"id":2063,"href":"https:\/\/www.isotechdesign.com\/fr\/wp-json\/wp\/v2\/pages\/913\/revisions\/2063"}],"wp:featuredmedia":[{"embeddable":true,"href":"https:\/\/www.isotechdesign.com\/fr\/wp-json\/wp\/v2\/media\/1433"}],"wp:attachment":[{"href":"https:\/\/www.isotechdesign.com\/fr\/wp-json\/wp\/v2\/media?parent=913"}],"curies":[{"name":"wp","href":"https:\/\/api.w.org\/{rel}","templated":true}]}}