{"id":909,"date":"2019-05-15T09:45:50","date_gmt":"2019-05-15T09:45:50","guid":{"rendered":"http:\/\/testingcity.com\/isotechdesign\/?page_id=909"},"modified":"2019-05-15T10:00:40","modified_gmt":"2019-05-15T10:00:40","slug":"customer-support","status":"publish","type":"page","link":"https:\/\/www.isotechdesign.com\/fr\/customer-support\/","title":{"rendered":"Soutien \u00e0 la client\u00e8le"},"content":{"rendered":"<p>[vc_row tlg_background_style=\u00a0\u00bbbg-secondary\u00a0\u00bb][vc_column][vc_column_text]<\/p>\n<h2><strong>Soutien \u00e0 la client\u00e8le<\/strong><\/h2>\n<p><strong><ins>IsoTech Design garantit tous ses produits et s&rsquo;engage \u00e0 fournir des solutions optimales \u00e0 ses clients.<\/ins><br \/>\n<\/strong><\/p>\n<ul>\n<li><strong>Les tests effectu\u00e9s en usine constituent votre garantie de fiabilit\u00e9.<\/strong> Chaque produit IsoTech est examin\u00e9 dans les moindres d\u00e9tails dans notre usine avant d\u2019\u00eatre livr\u00e9. De plus, toutes\u00a0les composantes \u00e9lectriques correspondent aux normes internationales.<\/li>\n<li>Nos techniciens qualifi\u00e9s sont responsables de <strong>l\u2019installation <\/strong>initiale de l\u2019\u00e9quipement IsoTech ainsi que de la <strong>formation <\/strong>et de la <strong>conformit\u00e9 <\/strong>des installations.<\/li>\n<li>Nous offrons aussi le\u00a0<a href=\"http:\/\/w\">Plan de Soutien\u00a0Total<\/a> (Total Support Plan &#8211; TSP). Celui-ci inclut la certification, les proc\u00e9dures op\u00e9rationnelles (SOPs) et quelques essentiels pour les pr\u00e9parations magistrales et chimio.<\/li>\n<\/ul>\n<p>Notre compagnie soeur <a href=\"http:\/\/w\">Clean Air Essentials<\/a> offre tous les essentiels n\u00e9cessaires pour les pr\u00e9parations st\u00e9riles et\u00a0chimioh\u00e9rapiques et pour les manipulations d&rsquo;hormones, afin de rester conforme aux normes et exigences applicables.<\/p>\n<h4><strong>Pour contacter le service \u00e0 la client\u00e8le d&rsquo;IsoTech Design, veuillez appeler au 1-800-476-2010 ext. : 204<\/strong><\/h4>\n<p>[\/vc_column_text][\/vc_column][\/vc_row]<\/p>","protected":false},"excerpt":{"rendered":"<p>[vc_row tlg_background_style=\u00a0\u00bbbg-secondary\u00a0\u00bb][vc_column][vc_column_text] Soutien \u00e0 la client\u00e8le IsoTech Design garantit tous ses produits et s&rsquo;engage \u00e0 fournir&#8230;<\/p>\n","protected":false},"author":1,"featured_media":1433,"parent":0,"menu_order":0,"comment_status":"closed","ping_status":"closed","template":"","meta":{"footnotes":""},"class_list":["post-909","page","type-page","status-publish","has-post-thumbnail","hentry"],"yoast_head":"<!-- This site is optimized with the Yoast SEO plugin v24.3 - https:\/\/yoast.com\/wordpress\/plugins\/seo\/ -->\n<title>Soutien \u00e0 la client\u00e8le - IsoTech Design<\/title>\n<meta name=\"robots\" content=\"index, follow, max-snippet:-1, max-image-preview:large, max-video-preview:-1\" \/>\n<link rel=\"canonical\" href=\"https:\/\/www.isotechdesign.com\/customer-support\/\" \/>\n<meta property=\"og:locale\" content=\"fr_FR\" \/>\n<meta property=\"og:type\" content=\"article\" \/>\n<meta property=\"og:title\" content=\"[:en]Customer Support[:fr]Soutien \u00e0 la client\u00e8le[:] - IsoTech Design\" \/>\n<meta property=\"og:description\" content=\"[vc_row tlg_background_style=\u00a0\u00bbbg-secondary\u00a0\u00bb][vc_column][vc_column_text] Soutien \u00e0 la client\u00e8le IsoTech Design garantit tous ses produits et s&rsquo;engage \u00e0 fournir...\" \/>\n<meta property=\"og:url\" content=\"https:\/\/www.isotechdesign.com\/customer-support\/\" \/>\n<meta property=\"og:site_name\" content=\"IsoTech Design\" \/>\n<meta property=\"article:modified_time\" content=\"2019-05-15T10:00:40+00:00\" \/>\n<meta property=\"og:image\" content=\"https:\/\/www.isotechdesign.com\/wp-content\/uploads\/banner06.jpg\" \/>\n\t<meta property=\"og:image:width\" content=\"1000\" \/>\n\t<meta property=\"og:image:height\" content=\"100\" \/>\n\t<meta property=\"og:image:type\" content=\"image\/jpeg\" \/>\n<meta name=\"twitter:card\" content=\"summary_large_image\" \/>\n<meta name=\"twitter:label1\" content=\"Dur\u00e9e de lecture estim\u00e9e\" \/>\n\t<meta name=\"twitter:data1\" content=\"2 minutes\" \/>\n<script type=\"application\/ld+json\" class=\"yoast-schema-graph\">{\"@context\":\"https:\/\/schema.org\",\"@graph\":[{\"@type\":\"WebPage\",\"@id\":\"https:\/\/www.isotechdesign.com\/customer-support\/\",\"url\":\"https:\/\/www.isotechdesign.com\/customer-support\/\",\"name\":\"[:en]Customer Support[:fr]Soutien \u00e0 la client\u00e8le[:] - IsoTech Design\",\"isPartOf\":{\"@id\":\"https:\/\/www.isotechdesign.com\/#website\"},\"primaryImageOfPage\":{\"@id\":\"https:\/\/www.isotechdesign.com\/customer-support\/#primaryimage\"},\"image\":{\"@id\":\"https:\/\/www.isotechdesign.com\/customer-support\/#primaryimage\"},\"thumbnailUrl\":\"https:\/\/www.isotechdesign.com\/wp-content\/uploads\/banner06.jpg\",\"datePublished\":\"2019-05-15T09:45:50+00:00\",\"dateModified\":\"2019-05-15T10:00:40+00:00\",\"breadcrumb\":{\"@id\":\"https:\/\/www.isotechdesign.com\/customer-support\/#breadcrumb\"},\"inLanguage\":\"fr-FR\",\"potentialAction\":[{\"@type\":\"ReadAction\",\"target\":[\"https:\/\/www.isotechdesign.com\/customer-support\/\"]}]},{\"@type\":\"ImageObject\",\"inLanguage\":\"fr-FR\",\"@id\":\"https:\/\/www.isotechdesign.com\/customer-support\/#primaryimage\",\"url\":\"https:\/\/www.isotechdesign.com\/wp-content\/uploads\/banner06.jpg\",\"contentUrl\":\"https:\/\/www.isotechdesign.com\/wp-content\/uploads\/banner06.jpg\",\"width\":1000,\"height\":100,\"caption\":\"inner-banner\"},{\"@type\":\"BreadcrumbList\",\"@id\":\"https:\/\/www.isotechdesign.com\/customer-support\/#breadcrumb\",\"itemListElement\":[{\"@type\":\"ListItem\",\"position\":1,\"name\":\"Home\",\"item\":\"https:\/\/www.isotechdesign.com\/\"},{\"@type\":\"ListItem\",\"position\":2,\"name\":\"Customer Support\"}]},{\"@type\":\"WebSite\",\"@id\":\"https:\/\/www.isotechdesign.com\/#website\",\"url\":\"https:\/\/www.isotechdesign.com\/\",\"name\":\"IsoTech Design\",\"description\":\"\",\"potentialAction\":[{\"@type\":\"SearchAction\",\"target\":{\"@type\":\"EntryPoint\",\"urlTemplate\":\"https:\/\/www.isotechdesign.com\/?s={search_term_string}\"},\"query-input\":{\"@type\":\"PropertyValueSpecification\",\"valueRequired\":true,\"valueName\":\"search_term_string\"}}],\"inLanguage\":\"fr-FR\"}]}<\/script>\n<!-- \/ Yoast SEO plugin. -->","yoast_head_json":{"title":"[:en]Customer Support[:fr]Soutien \u00e0 la client\u00e8le[:] - IsoTech Design","robots":{"index":"index","follow":"follow","max-snippet":"max-snippet:-1","max-image-preview":"max-image-preview:large","max-video-preview":"max-video-preview:-1"},"canonical":"https:\/\/www.isotechdesign.com\/customer-support\/","og_locale":"fr_FR","og_type":"article","og_title":"[:en]Customer Support[:fr]Soutien \u00e0 la client\u00e8le[:] - IsoTech Design","og_description":"[vc_row tlg_background_style=\u00a0\u00bbbg-secondary\u00a0\u00bb][vc_column][vc_column_text] Soutien \u00e0 la client\u00e8le IsoTech Design garantit tous ses produits et s&rsquo;engage \u00e0 fournir...","og_url":"https:\/\/www.isotechdesign.com\/customer-support\/","og_site_name":"IsoTech Design","article_modified_time":"2019-05-15T10:00:40+00:00","og_image":[{"width":1000,"height":100,"url":"https:\/\/www.isotechdesign.com\/wp-content\/uploads\/banner06.jpg","type":"image\/jpeg"}],"twitter_card":"summary_large_image","twitter_misc":{"Dur\u00e9e de lecture estim\u00e9e":"2 minutes"},"schema":{"@context":"https:\/\/schema.org","@graph":[{"@type":"WebPage","@id":"https:\/\/www.isotechdesign.com\/customer-support\/","url":"https:\/\/www.isotechdesign.com\/customer-support\/","name":"[:en]Customer Support[:fr]Soutien \u00e0 la client\u00e8le[:] - IsoTech Design","isPartOf":{"@id":"https:\/\/www.isotechdesign.com\/#website"},"primaryImageOfPage":{"@id":"https:\/\/www.isotechdesign.com\/customer-support\/#primaryimage"},"image":{"@id":"https:\/\/www.isotechdesign.com\/customer-support\/#primaryimage"},"thumbnailUrl":"https:\/\/www.isotechdesign.com\/wp-content\/uploads\/banner06.jpg","datePublished":"2019-05-15T09:45:50+00:00","dateModified":"2019-05-15T10:00:40+00:00","breadcrumb":{"@id":"https:\/\/www.isotechdesign.com\/customer-support\/#breadcrumb"},"inLanguage":"fr-FR","potentialAction":[{"@type":"ReadAction","target":["https:\/\/www.isotechdesign.com\/customer-support\/"]}]},{"@type":"ImageObject","inLanguage":"fr-FR","@id":"https:\/\/www.isotechdesign.com\/customer-support\/#primaryimage","url":"https:\/\/www.isotechdesign.com\/wp-content\/uploads\/banner06.jpg","contentUrl":"https:\/\/www.isotechdesign.com\/wp-content\/uploads\/banner06.jpg","width":1000,"height":100,"caption":"inner-banner"},{"@type":"BreadcrumbList","@id":"https:\/\/www.isotechdesign.com\/customer-support\/#breadcrumb","itemListElement":[{"@type":"ListItem","position":1,"name":"Home","item":"https:\/\/www.isotechdesign.com\/"},{"@type":"ListItem","position":2,"name":"Customer Support"}]},{"@type":"WebSite","@id":"https:\/\/www.isotechdesign.com\/#website","url":"https:\/\/www.isotechdesign.com\/","name":"IsoTech Design","description":"","potentialAction":[{"@type":"SearchAction","target":{"@type":"EntryPoint","urlTemplate":"https:\/\/www.isotechdesign.com\/?s={search_term_string}"},"query-input":{"@type":"PropertyValueSpecification","valueRequired":true,"valueName":"search_term_string"}}],"inLanguage":"fr-FR"}]}},"_links":{"self":[{"href":"https:\/\/www.isotechdesign.com\/fr\/wp-json\/wp\/v2\/pages\/909","targetHints":{"allow":["GET"]}}],"collection":[{"href":"https:\/\/www.isotechdesign.com\/fr\/wp-json\/wp\/v2\/pages"}],"about":[{"href":"https:\/\/www.isotechdesign.com\/fr\/wp-json\/wp\/v2\/types\/page"}],"author":[{"embeddable":true,"href":"https:\/\/www.isotechdesign.com\/fr\/wp-json\/wp\/v2\/users\/1"}],"replies":[{"embeddable":true,"href":"https:\/\/www.isotechdesign.com\/fr\/wp-json\/wp\/v2\/comments?post=909"}],"version-history":[{"count":5,"href":"https:\/\/www.isotechdesign.com\/fr\/wp-json\/wp\/v2\/pages\/909\/revisions"}],"predecessor-version":[{"id":1042,"href":"https:\/\/www.isotechdesign.com\/fr\/wp-json\/wp\/v2\/pages\/909\/revisions\/1042"}],"wp:featuredmedia":[{"embeddable":true,"href":"https:\/\/www.isotechdesign.com\/fr\/wp-json\/wp\/v2\/media\/1433"}],"wp:attachment":[{"href":"https:\/\/www.isotechdesign.com\/fr\/wp-json\/wp\/v2\/media?parent=909"}],"curies":[{"name":"wp","href":"https:\/\/api.w.org\/{rel}","templated":true}]}}