{"id":900,"date":"2019-05-15T01:17:06","date_gmt":"2019-05-15T01:17:06","guid":{"rendered":"http:\/\/testingcity.com\/isotechdesign\/?page_id=900"},"modified":"2019-05-15T09:40:09","modified_gmt":"2019-05-15T09:40:09","slug":"clean-air-essentials","status":"publish","type":"page","link":"https:\/\/www.isotechdesign.com\/fr\/clean-air-essentials\/","title":{"rendered":"Clean Air Essentials"},"content":{"rendered":"<p>[vc_row tlg_background_style=\u00a0\u00bbbg-secondary\u00a0\u00bb][vc_column][vc_column_text]IsoTech Design est fier\u00a0de vous pr\u00e9senter sa nouvelle compagnie soeur:<\/p>\n<h4><strong>Clean Air Essentials<\/strong><\/h4>\n<p>qui est ax\u00e9e sur les produits consommables et\u00a0proc\u00e9dures op\u00e9rationnelles (SOP), pour les pr\u00e9parations chimio et st\u00e9riles, afin d&rsquo;assurer la conformit\u00e9 \u00e0 l&rsquo;USP 797.<br \/>\n<a href=\"http:\/\/www.cleanairessentials.com\">www.cleanairessentials.com<\/a><\/p>\n<p>Sans-Frais: 1.855.476.4797<\/p>\n<p><img decoding=\"async\" src=\"\/isotechdesign\/wp-content\/uploads\/file_9312665.png\" alt=\"\" \/><\/p>\n<p>[\/vc_column_text][\/vc_column][\/vc_row]<\/p>","protected":false},"excerpt":{"rendered":"<p>[vc_row tlg_background_style=\u00a0\u00bbbg-secondary\u00a0\u00bb][vc_column][vc_column_text]IsoTech Design est fier\u00a0de vous pr\u00e9senter sa nouvelle compagnie soeur: Clean Air Essentials qui est&#8230;<\/p>\n","protected":false},"author":1,"featured_media":1433,"parent":0,"menu_order":0,"comment_status":"closed","ping_status":"closed","template":"","meta":{"footnotes":""},"class_list":["post-900","page","type-page","status-publish","has-post-thumbnail","hentry"],"yoast_head":"<!-- This site is optimized with the Yoast SEO plugin v24.3 - https:\/\/yoast.com\/wordpress\/plugins\/seo\/ -->\n<title>Clean Air Essentials - IsoTech Design<\/title>\n<meta name=\"robots\" content=\"index, follow, max-snippet:-1, max-image-preview:large, max-video-preview:-1\" \/>\n<link rel=\"canonical\" href=\"https:\/\/www.isotechdesign.com\/clean-air-essentials\/\" \/>\n<meta property=\"og:locale\" content=\"fr_FR\" \/>\n<meta property=\"og:type\" content=\"article\" \/>\n<meta property=\"og:title\" content=\"Clean Air Essentials - IsoTech Design\" \/>\n<meta property=\"og:description\" content=\"[vc_row tlg_background_style=\u00a0\u00bbbg-secondary\u00a0\u00bb][vc_column][vc_column_text]IsoTech Design est fier\u00a0de vous pr\u00e9senter sa nouvelle compagnie soeur: Clean Air Essentials qui est...\" \/>\n<meta property=\"og:url\" content=\"https:\/\/www.isotechdesign.com\/clean-air-essentials\/\" \/>\n<meta property=\"og:site_name\" content=\"IsoTech Design\" \/>\n<meta property=\"article:modified_time\" content=\"2019-05-15T09:40:09+00:00\" \/>\n<meta property=\"og:image\" content=\"https:\/\/www.isotechdesign.com\/wp-content\/uploads\/banner06.jpg\" \/>\n\t<meta property=\"og:image:width\" content=\"1000\" \/>\n\t<meta property=\"og:image:height\" content=\"100\" \/>\n\t<meta property=\"og:image:type\" content=\"image\/jpeg\" \/>\n<meta name=\"twitter:card\" content=\"summary_large_image\" \/>\n<meta name=\"twitter:label1\" content=\"Dur\u00e9e de lecture estim\u00e9e\" \/>\n\t<meta name=\"twitter:data1\" content=\"1 minute\" \/>\n<script type=\"application\/ld+json\" class=\"yoast-schema-graph\">{\"@context\":\"https:\/\/schema.org\",\"@graph\":[{\"@type\":\"WebPage\",\"@id\":\"https:\/\/www.isotechdesign.com\/clean-air-essentials\/\",\"url\":\"https:\/\/www.isotechdesign.com\/clean-air-essentials\/\",\"name\":\"Clean Air Essentials - IsoTech Design\",\"isPartOf\":{\"@id\":\"https:\/\/www.isotechdesign.com\/#website\"},\"primaryImageOfPage\":{\"@id\":\"https:\/\/www.isotechdesign.com\/clean-air-essentials\/#primaryimage\"},\"image\":{\"@id\":\"https:\/\/www.isotechdesign.com\/clean-air-essentials\/#primaryimage\"},\"thumbnailUrl\":\"https:\/\/www.isotechdesign.com\/wp-content\/uploads\/banner06.jpg\",\"datePublished\":\"2019-05-15T01:17:06+00:00\",\"dateModified\":\"2019-05-15T09:40:09+00:00\",\"breadcrumb\":{\"@id\":\"https:\/\/www.isotechdesign.com\/clean-air-essentials\/#breadcrumb\"},\"inLanguage\":\"fr-FR\",\"potentialAction\":[{\"@type\":\"ReadAction\",\"target\":[\"https:\/\/www.isotechdesign.com\/clean-air-essentials\/\"]}]},{\"@type\":\"ImageObject\",\"inLanguage\":\"fr-FR\",\"@id\":\"https:\/\/www.isotechdesign.com\/clean-air-essentials\/#primaryimage\",\"url\":\"https:\/\/www.isotechdesign.com\/wp-content\/uploads\/banner06.jpg\",\"contentUrl\":\"https:\/\/www.isotechdesign.com\/wp-content\/uploads\/banner06.jpg\",\"width\":1000,\"height\":100,\"caption\":\"inner-banner\"},{\"@type\":\"BreadcrumbList\",\"@id\":\"https:\/\/www.isotechdesign.com\/clean-air-essentials\/#breadcrumb\",\"itemListElement\":[{\"@type\":\"ListItem\",\"position\":1,\"name\":\"Home\",\"item\":\"https:\/\/www.isotechdesign.com\/\"},{\"@type\":\"ListItem\",\"position\":2,\"name\":\"Clean Air Essentials\"}]},{\"@type\":\"WebSite\",\"@id\":\"https:\/\/www.isotechdesign.com\/#website\",\"url\":\"https:\/\/www.isotechdesign.com\/\",\"name\":\"IsoTech Design\",\"description\":\"\",\"potentialAction\":[{\"@type\":\"SearchAction\",\"target\":{\"@type\":\"EntryPoint\",\"urlTemplate\":\"https:\/\/www.isotechdesign.com\/?s={search_term_string}\"},\"query-input\":{\"@type\":\"PropertyValueSpecification\",\"valueRequired\":true,\"valueName\":\"search_term_string\"}}],\"inLanguage\":\"fr-FR\"}]}<\/script>\n<!-- \/ Yoast SEO plugin. -->","yoast_head_json":{"title":"Clean Air Essentials - IsoTech Design","robots":{"index":"index","follow":"follow","max-snippet":"max-snippet:-1","max-image-preview":"max-image-preview:large","max-video-preview":"max-video-preview:-1"},"canonical":"https:\/\/www.isotechdesign.com\/clean-air-essentials\/","og_locale":"fr_FR","og_type":"article","og_title":"Clean Air Essentials - IsoTech Design","og_description":"[vc_row tlg_background_style=\u00a0\u00bbbg-secondary\u00a0\u00bb][vc_column][vc_column_text]IsoTech Design est fier\u00a0de vous pr\u00e9senter sa nouvelle compagnie soeur: Clean Air Essentials qui est...","og_url":"https:\/\/www.isotechdesign.com\/clean-air-essentials\/","og_site_name":"IsoTech Design","article_modified_time":"2019-05-15T09:40:09+00:00","og_image":[{"width":1000,"height":100,"url":"https:\/\/www.isotechdesign.com\/wp-content\/uploads\/banner06.jpg","type":"image\/jpeg"}],"twitter_card":"summary_large_image","twitter_misc":{"Dur\u00e9e de lecture estim\u00e9e":"1 minute"},"schema":{"@context":"https:\/\/schema.org","@graph":[{"@type":"WebPage","@id":"https:\/\/www.isotechdesign.com\/clean-air-essentials\/","url":"https:\/\/www.isotechdesign.com\/clean-air-essentials\/","name":"Clean Air Essentials - IsoTech Design","isPartOf":{"@id":"https:\/\/www.isotechdesign.com\/#website"},"primaryImageOfPage":{"@id":"https:\/\/www.isotechdesign.com\/clean-air-essentials\/#primaryimage"},"image":{"@id":"https:\/\/www.isotechdesign.com\/clean-air-essentials\/#primaryimage"},"thumbnailUrl":"https:\/\/www.isotechdesign.com\/wp-content\/uploads\/banner06.jpg","datePublished":"2019-05-15T01:17:06+00:00","dateModified":"2019-05-15T09:40:09+00:00","breadcrumb":{"@id":"https:\/\/www.isotechdesign.com\/clean-air-essentials\/#breadcrumb"},"inLanguage":"fr-FR","potentialAction":[{"@type":"ReadAction","target":["https:\/\/www.isotechdesign.com\/clean-air-essentials\/"]}]},{"@type":"ImageObject","inLanguage":"fr-FR","@id":"https:\/\/www.isotechdesign.com\/clean-air-essentials\/#primaryimage","url":"https:\/\/www.isotechdesign.com\/wp-content\/uploads\/banner06.jpg","contentUrl":"https:\/\/www.isotechdesign.com\/wp-content\/uploads\/banner06.jpg","width":1000,"height":100,"caption":"inner-banner"},{"@type":"BreadcrumbList","@id":"https:\/\/www.isotechdesign.com\/clean-air-essentials\/#breadcrumb","itemListElement":[{"@type":"ListItem","position":1,"name":"Home","item":"https:\/\/www.isotechdesign.com\/"},{"@type":"ListItem","position":2,"name":"Clean Air Essentials"}]},{"@type":"WebSite","@id":"https:\/\/www.isotechdesign.com\/#website","url":"https:\/\/www.isotechdesign.com\/","name":"IsoTech Design","description":"","potentialAction":[{"@type":"SearchAction","target":{"@type":"EntryPoint","urlTemplate":"https:\/\/www.isotechdesign.com\/?s={search_term_string}"},"query-input":{"@type":"PropertyValueSpecification","valueRequired":true,"valueName":"search_term_string"}}],"inLanguage":"fr-FR"}]}},"_links":{"self":[{"href":"https:\/\/www.isotechdesign.com\/fr\/wp-json\/wp\/v2\/pages\/900","targetHints":{"allow":["GET"]}}],"collection":[{"href":"https:\/\/www.isotechdesign.com\/fr\/wp-json\/wp\/v2\/pages"}],"about":[{"href":"https:\/\/www.isotechdesign.com\/fr\/wp-json\/wp\/v2\/types\/page"}],"author":[{"embeddable":true,"href":"https:\/\/www.isotechdesign.com\/fr\/wp-json\/wp\/v2\/users\/1"}],"replies":[{"embeddable":true,"href":"https:\/\/www.isotechdesign.com\/fr\/wp-json\/wp\/v2\/comments?post=900"}],"version-history":[{"count":3,"href":"https:\/\/www.isotechdesign.com\/fr\/wp-json\/wp\/v2\/pages\/900\/revisions"}],"predecessor-version":[{"id":1011,"href":"https:\/\/www.isotechdesign.com\/fr\/wp-json\/wp\/v2\/pages\/900\/revisions\/1011"}],"wp:featuredmedia":[{"embeddable":true,"href":"https:\/\/www.isotechdesign.com\/fr\/wp-json\/wp\/v2\/media\/1433"}],"wp:attachment":[{"href":"https:\/\/www.isotechdesign.com\/fr\/wp-json\/wp\/v2\/media?parent=900"}],"curies":[{"name":"wp","href":"https:\/\/api.w.org\/{rel}","templated":true}]}}