{"id":9,"date":"2019-05-15T09:10:37","date_gmt":"2019-05-15T09:10:37","guid":{"rendered":"http:\/\/themes.wplook.com\/health-medical\/?page_id=9"},"modified":"2026-03-12T14:18:54","modified_gmt":"2026-03-12T18:18:54","slug":"home","status":"publish","type":"page","link":"https:\/\/www.isotechdesign.com\/fr\/","title":{"rendered":"Accueil"},"content":{"rendered":"<p><\/p>\n<p>[vc_row full_width=\u00a0\u00bbstretch_row\u00a0\u00bb tlg_background_style=\u00a0\u00bbbg-secondary\u00a0\u00bb tlg_padding=\u00a0\u00bbpt0 pb0&Prime; el_class=\u00a0\u00bbslider\u00a0\u00bb][vc_column][rev_slider_vc alias=\u00a0\u00bbfrench-slider\u00a0\u00bb][\/vc_column][\/vc_row][vc_row tlg_background_style=\u00a0\u00bbbg-secondary\u00a0\u00bb css=\u00a0\u00bb.vc_custom_1552636804913{padding-bottom: 20px !important;}\u00a0\u00bb][vc_column width=\u00a0\u00bb2\/3&Prime; el_class=\u00a0\u00bbbg-light\u00a0\u00bb][vc_column_text]<\/p>\n<h4><strong>Chef de file en fabrication de syst\u00e8mes de micro-environnements contr\u00f4l\u00e9s<\/strong><\/h4>\n<h4><strong>A propos de nous<\/strong><\/h4>\n<p>IsoTech Design est un des principaux fabricants de syst\u00e8mes d\u2019isolateurs et de micro-environnements contr\u00f4l\u00e9s sp\u00e9cialis\u00e9 dans la conception d\u2019isolateurs, de bo\u00eetes \u00e0 gants, de micro-environnements et de solutions pour environnements assainis cl\u00e9 en main pour les march\u00e9s suivants.<\/p>\n<ul>\n<li>H\u00f4pitaux et Pharmacies : <a href=\"\/fr\/product\/hospitals-pharmacies\/microsphere\/\">MicroSphere<\/a>, <a href=\"\/fr\/product\/hospitals-pharmacies\/chemoshpere\/\">ChemoSphere<\/a> et <a href=\"\/fr\/product\/hospitals-pharmacies\/hormone-powder-compounding\/\">Pr\u00e9parations d&rsquo;hormones et de poudre<\/a>.<\/li>\n<li>Entreprises pharmaceutiques :\u00a0<a href=\"\/fr\/product\/pharmaceuticals\/aseptic-filling\/\">Remplissage aseptique<\/a>, <a href=\"\/fr\/product\/pharmaceuticals\/sterility-testing\/\">Tests de st\u00e9rilit\u00e9<\/a>, <a href=\"\/fr\/product\/pharmaceuticals\/powder-containment\/\">Transfert de poudre et compositions chimiques<\/a>.<\/li>\n<\/ul>\n<p>Nous desservons une client\u00e8le dispers\u00e9e dans 15\u00a0pays, 5\u00a0continents et 50\u00a0\u00c9tats am\u00e9ricains. Tous nos projets ont \u00e9t\u00e9 autoris\u00e9s et certifi\u00e9s conform\u00e9ment aux normes et aux r\u00e8glements applicables.[\/vc_column_text][\/vc_column][vc_column width=\u00a0\u00bb1\/3&Prime;][vc_column_text]<\/p>\n<h4><strong>Notre Mission<\/strong><\/h4>\n<div style=\"margin: 10px;\">\n<h5><strong><em>Prot\u00e9ger la vie<\/em><\/strong><\/h5>\n<p>Avec des syst\u00e8mes d&rsquo;isolation technologiques et des micro-environnements aseptique pour le contr\u00f4le de contamination, la st\u00e9rilit\u00e9 et le confinement.<\/p><\/div>\n<div style=\"margin: 10px;\" align=\"center\"><img decoding=\"async\" src=\"\/wp-content\/uploads\/ITD-design-Logo-1.png\" width=\"80%\" \/><\/div>\n<p>[\/vc_column_text][\/vc_column][\/vc_row][vc_row tlg_background_style=\u00a0\u00bbbg-secondary\u00a0\u00bb css=\u00a0\u00bb.vc_custom_1553326659367{padding-top: 15px !important;padding-bottom: 40px !important;}\u00a0\u00bb][vc_column]<div class=\"headings-title\"><div class=\"mb40 mb16 mb-xs-40 text-center\"><h5 style=\"font-size:30px;line-height:40px;text-transform: none!important;\" class=\"widgettitle mb0\">Produit en vedette<\/h5><\/div><\/div>[vc_row_inner el_class=\u00a0\u00bbfeatured-pr\u00a0\u00bb][vc_column_inner el_class=\u00a0\u00bbtext-center\u00a0\u00bb width=\u00a0\u00bb1\/3&Prime;]<div class=\"headings-title\"><div class=\"mb0 mb16 mb-xs-40 text-center\"><h4 style=\"font-size:20px;line-height:30px;text-transform: none!important;\" class=\"widgettitle mb0\">MicroSphere<\/h4><\/div><\/div>[vc_single_image image=\u00a0\u00bb1675&Prime; img_size=\u00a0\u00bbfull\u00a0\u00bb alignment=\u00a0\u00bbcenter\u00a0\u00bb]<div class=\"\"><a  id=\"btn-69d724bead8b2\" class=\"btn btn-filled    btn-sm-sm\" href= \"\/fr\/product\/hospitals-pharmacies\/microsphere\/\" target=\"_self\" >D\u00e9tails<\/a><\/div>[\/vc_column_inner][vc_column_inner el_class=\u00a0\u00bbtext-center\u00a0\u00bb width=\u00a0\u00bb1\/3&Prime;]<div class=\"headings-title\"><div class=\"mb0 mb16 mb-xs-40 text-center\"><h4 style=\"font-size:20px;line-height:30px;text-transform: none!important;\" class=\"widgettitle mb0\">ChemoSphere<\/h4><\/div><\/div>[vc_single_image image=\u00a0\u00bb1158&Prime; img_size=\u00a0\u00bbfull\u00a0\u00bb alignment=\u00a0\u00bbcenter\u00a0\u00bb]<div class=\"\"><a  id=\"btn-69d724bead8dc\" class=\"btn btn-filled    btn-sm-sm\" href= \"\/fr\/product\/hospitals-pharmacies\/chemoshpere\/\" target=\"_self\" >D\u00e9tails<\/a><\/div>[\/vc_column_inner][vc_column_inner el_class=\u00a0\u00bbtext-center\u00a0\u00bb width=\u00a0\u00bb1\/3&Prime;]<div class=\"headings-title\"><div class=\"mb0 mb16 mb-xs-40 text-center\"><h4 style=\"font-size:20px;line-height:30px;text-transform: none!important;\" class=\"widgettitle mb0\">ChemoSphere \u2013 Petit volume<\/h4><\/div><\/div>[vc_single_image image=\u00a0\u00bb1157&Prime; img_size=\u00a0\u00bbfull\u00a0\u00bb alignment=\u00a0\u00bbcenter\u00a0\u00bb]<div class=\"\"><a  id=\"btn-69d724bead903\" class=\"btn btn-filled    btn-sm-sm\" href= \"\/fr\/product\/hospitals-pharmacies\/small-volume-chemo\/\" target=\"_self\" >D\u00e9tails<\/a><\/div>[\/vc_column_inner][\/vc_row_inner][\/vc_column][\/vc_row][vc_row tlg_background_style=\u00a0\u00bbbg-secondary\u00a0\u00bb css=\u00a0\u00bb.vc_custom_1552636461747{padding-top: 0px !important;}\u00a0\u00bb][vc_column width=\u00a0\u00bb1\/3&Prime;][vc_column_text]<\/p>\n<div>\n<h4>Clean Air Essentials<\/h4>\n<\/div>\n<div>\n<p>IsoTech Design est fier\u00a0de vous pr\u00e9senter sa nouvelle compagnie soeur:<\/p>\n<h5>Clean Air Essentials<\/h5>\n<p>Ax\u00e9e sur les produits consommables et proc\u00e9dures op\u00e9rationnelles (SOP), pour les pr\u00e9parations chimio et st\u00e9riles, afin d&rsquo;assurer la conformit\u00e9 \u00e0 l&rsquo;USP 797 et l\u2019USP 800.<\/p>\n<p><a href=\"https:\/\/www.cleanairessentials.com\" target=\"_blank\" rel=\"noopener noreferrer\">www.cleanairessentials.com<\/a><\/p>\n<p>Toll-Free: 1.855.476.4797<\/p>\n<p><img decoding=\"async\" src=\"\/isotechdesign\/wp-content\/uploads\/file_9312665.png\" alt=\"\" \/><\/div>\n<p>[\/vc_column_text][\/vc_column][vc_column width=\u00a0\u00bb1\/3&Prime;][vc_column_text]<\/p>\n<div class=\"back_head\">\n<h3>March\u00e9s d\u00e9sservis<\/h3>\n<\/div>\n<ul>\n<li><a href=\"\/fr\/hospitals-pharmacies\/\">H\u00f4pitaux et pharmacies<\/a><\/li>\n<li><a href=\"\/fr\/pharmaceuticals\/\">Pharmaceutiques<\/a><\/li>\n<\/ul>\n<div class=\"back_head\">\n<h3>Produits principaux<\/h3>\n<\/div>\n<ul>\n<li><a href=\"\/fr\/product\/hospitals-pharmacies\/microsphere\/\">MicroSphere<\/a><\/li>\n<li><a href=\"\/fr\/product\/hospitals-pharmacies\/chemoshpere\/\">ChemoSphere<\/a><\/li>\n<li><a href=\"\/fr\/product\/pharmaceuticals\/sterility-testing\/\">Tests de st\u00e9rilit\u00e9<\/a><\/li>\n<li><a href=\"\/fr\/product\/pharmaceuticals\/powder-containment\/\">Transfert de poudre et compositions chimiques<\/a><\/li>\n<li><a href=\"\/fr\/product\/pharmaceuticals\/aseptic-filling\/\">Remplissage aseptique<\/a><\/li>\n<\/ul>\n<p>[\/vc_column_text][\/vc_column][vc_column width=\u00a0\u00bb1\/3&Prime; el_class=\u00a0\u00bbtext-center\u00a0\u00bb][vc_column_text css=\u00a0\u00bb.vc_custom_1554548871300{margin-bottom: 0px !important;}\u00a0\u00bb]<\/p>\n<div class=\"back_head\">\n<h3>Produit en vedette<\/h3>\n<\/div>\n<p>[\/vc_column_text][vc_single_image image=\u00a0\u00bb1157&Prime; img_size=\u00a0\u00bb228&#215;263&Prime; alignment=\u00a0\u00bbcenter\u00a0\u00bb css=\u00a0\u00bb.vc_custom_1554548878520{margin-bottom: 0px !important;}\u00a0\u00bb]<div class=\"\"><a  id=\"btn-69d724bead916\" class=\"btn btn-filled    btn-sm-sm\" href= \"\/fr\/product\/hospitals-pharmacies\/small-volume-chemo\/\" target=\"_self\" >D\u00e9tails<\/a><\/div>[\/vc_column][\/vc_row]<\/p>\n<p><\/p>","protected":false},"excerpt":{"rendered":"<p>[vc_row full_width=\u00a0\u00bbstretch_row\u00a0\u00bb tlg_background_style=\u00a0\u00bbbg-secondary\u00a0\u00bb tlg_padding=\u00a0\u00bbpt0 pb0&Prime; el_class=\u00a0\u00bbslider\u00a0\u00bb][vc_column][rev_slider_vc alias=\u00a0\u00bbfrench-slider\u00a0\u00bb][\/vc_column][\/vc_row][vc_row tlg_background_style=\u00a0\u00bbbg-secondary\u00a0\u00bb css=\u00a0\u00bb.vc_custom_1552636804913{padding-bottom: 20px !important;}\u00a0\u00bb][vc_column width=\u00a0\u00bb2\/3&Prime; el_class=\u00a0\u00bbbg-light\u00a0\u00bb][vc_column_text] Chef de file&#8230;<\/p>\n","protected":false},"author":1,"featured_media":0,"parent":0,"menu_order":0,"comment_status":"open","ping_status":"open","template":"","meta":{"footnotes":""},"class_list":["post-9","page","type-page","status-publish","hentry"],"yoast_head":"<!-- This site is optimized with the Yoast SEO plugin v24.3 - https:\/\/yoast.com\/wordpress\/plugins\/seo\/ -->\n<title>Glove Boxes, Hoods, and Isolators for USP 797 800 and Pharma.<\/title>\n<meta name=\"description\" content=\"Global leader in turnkey barrier isolators &amp; RABS for the pharmaceutical industry. With clients in 15 countries, we deliver certified clean air solutions. Explore now.\" \/>\n<meta name=\"robots\" content=\"index, follow, max-snippet:-1, max-image-preview:large, max-video-preview:-1\" \/>\n<link rel=\"canonical\" href=\"https:\/\/www.isotechdesign.com\/\" \/>\n<meta property=\"og:locale\" content=\"fr_FR\" \/>\n<meta property=\"og:type\" content=\"article\" \/>\n<meta property=\"og:title\" content=\"Glove Boxes, Hoods, and Isolators for USP 797 800 and Pharma.\" \/>\n<meta property=\"og:description\" content=\"Global leader in turnkey barrier isolators &amp; RABS for the pharmaceutical industry. With clients in 15 countries, we deliver certified clean air solutions. Explore now.\" \/>\n<meta property=\"og:url\" content=\"https:\/\/www.isotechdesign.com\/\" \/>\n<meta property=\"og:site_name\" content=\"IsoTech Design\" \/>\n<meta property=\"article:modified_time\" content=\"2026-03-12T18:18:54+00:00\" \/>\n<meta name=\"twitter:card\" content=\"summary_large_image\" \/>\n<meta name=\"twitter:label1\" content=\"Dur\u00e9e de lecture estim\u00e9e\" \/>\n\t<meta name=\"twitter:data1\" content=\"2 minutes\" \/>\n<script type=\"application\/ld+json\" class=\"yoast-schema-graph\">{\"@context\":\"https:\/\/schema.org\",\"@graph\":[{\"@type\":\"WebPage\",\"@id\":\"https:\/\/www.isotechdesign.com\/\",\"url\":\"https:\/\/www.isotechdesign.com\/\",\"name\":\"Glove Boxes, Hoods, and Isolators for USP 797 800 and Pharma.\",\"isPartOf\":{\"@id\":\"https:\/\/www.isotechdesign.com\/#website\"},\"datePublished\":\"2019-05-15T09:10:37+00:00\",\"dateModified\":\"2026-03-12T18:18:54+00:00\",\"description\":\"Global leader in turnkey barrier isolators & RABS for the pharmaceutical industry. With clients in 15 countries, we deliver certified clean air solutions. Explore now.\",\"breadcrumb\":{\"@id\":\"https:\/\/www.isotechdesign.com\/#breadcrumb\"},\"inLanguage\":\"fr-FR\",\"potentialAction\":[{\"@type\":\"ReadAction\",\"target\":[\"https:\/\/www.isotechdesign.com\/\"]}]},{\"@type\":\"BreadcrumbList\",\"@id\":\"https:\/\/www.isotechdesign.com\/#breadcrumb\",\"itemListElement\":[{\"@type\":\"ListItem\",\"position\":1,\"name\":\"Home\",\"item\":\"https:\/\/www.isotechdesign.com\/\"},{\"@type\":\"ListItem\",\"position\":2,\"name\":\"Home\"}]},{\"@type\":\"WebSite\",\"@id\":\"https:\/\/www.isotechdesign.com\/#website\",\"url\":\"https:\/\/www.isotechdesign.com\/\",\"name\":\"IsoTech Design\",\"description\":\"\",\"potentialAction\":[{\"@type\":\"SearchAction\",\"target\":{\"@type\":\"EntryPoint\",\"urlTemplate\":\"https:\/\/www.isotechdesign.com\/?s={search_term_string}\"},\"query-input\":{\"@type\":\"PropertyValueSpecification\",\"valueRequired\":true,\"valueName\":\"search_term_string\"}}],\"inLanguage\":\"fr-FR\"}]}<\/script>\n<!-- \/ Yoast SEO plugin. -->","yoast_head_json":{"title":"Glove Boxes, Hoods, and Isolators for USP 797 800 and Pharma.","description":"Global leader in turnkey barrier isolators & RABS for the pharmaceutical industry. With clients in 15 countries, we deliver certified clean air solutions. Explore now.","robots":{"index":"index","follow":"follow","max-snippet":"max-snippet:-1","max-image-preview":"max-image-preview:large","max-video-preview":"max-video-preview:-1"},"canonical":"https:\/\/www.isotechdesign.com\/","og_locale":"fr_FR","og_type":"article","og_title":"Glove Boxes, Hoods, and Isolators for USP 797 800 and Pharma.","og_description":"Global leader in turnkey barrier isolators & RABS for the pharmaceutical industry. With clients in 15 countries, we deliver certified clean air solutions. Explore now.","og_url":"https:\/\/www.isotechdesign.com\/","og_site_name":"IsoTech Design","article_modified_time":"2026-03-12T18:18:54+00:00","twitter_card":"summary_large_image","twitter_misc":{"Dur\u00e9e de lecture estim\u00e9e":"2 minutes"},"schema":{"@context":"https:\/\/schema.org","@graph":[{"@type":"WebPage","@id":"https:\/\/www.isotechdesign.com\/","url":"https:\/\/www.isotechdesign.com\/","name":"Glove Boxes, Hoods, and Isolators for USP 797 800 and Pharma.","isPartOf":{"@id":"https:\/\/www.isotechdesign.com\/#website"},"datePublished":"2019-05-15T09:10:37+00:00","dateModified":"2026-03-12T18:18:54+00:00","description":"Global leader in turnkey barrier isolators & RABS for the pharmaceutical industry. With clients in 15 countries, we deliver certified clean air solutions. Explore now.","breadcrumb":{"@id":"https:\/\/www.isotechdesign.com\/#breadcrumb"},"inLanguage":"fr-FR","potentialAction":[{"@type":"ReadAction","target":["https:\/\/www.isotechdesign.com\/"]}]},{"@type":"BreadcrumbList","@id":"https:\/\/www.isotechdesign.com\/#breadcrumb","itemListElement":[{"@type":"ListItem","position":1,"name":"Home","item":"https:\/\/www.isotechdesign.com\/"},{"@type":"ListItem","position":2,"name":"Home"}]},{"@type":"WebSite","@id":"https:\/\/www.isotechdesign.com\/#website","url":"https:\/\/www.isotechdesign.com\/","name":"IsoTech Design","description":"","potentialAction":[{"@type":"SearchAction","target":{"@type":"EntryPoint","urlTemplate":"https:\/\/www.isotechdesign.com\/?s={search_term_string}"},"query-input":{"@type":"PropertyValueSpecification","valueRequired":true,"valueName":"search_term_string"}}],"inLanguage":"fr-FR"}]}},"_links":{"self":[{"href":"https:\/\/www.isotechdesign.com\/fr\/wp-json\/wp\/v2\/pages\/9","targetHints":{"allow":["GET"]}}],"collection":[{"href":"https:\/\/www.isotechdesign.com\/fr\/wp-json\/wp\/v2\/pages"}],"about":[{"href":"https:\/\/www.isotechdesign.com\/fr\/wp-json\/wp\/v2\/types\/page"}],"author":[{"embeddable":true,"href":"https:\/\/www.isotechdesign.com\/fr\/wp-json\/wp\/v2\/users\/1"}],"replies":[{"embeddable":true,"href":"https:\/\/www.isotechdesign.com\/fr\/wp-json\/wp\/v2\/comments?post=9"}],"version-history":[{"count":161,"href":"https:\/\/www.isotechdesign.com\/fr\/wp-json\/wp\/v2\/pages\/9\/revisions"}],"predecessor-version":[{"id":1739,"href":"https:\/\/www.isotechdesign.com\/fr\/wp-json\/wp\/v2\/pages\/9\/revisions\/1739"}],"wp:attachment":[{"href":"https:\/\/www.isotechdesign.com\/fr\/wp-json\/wp\/v2\/media?parent=9"}],"curies":[{"name":"wp","href":"https:\/\/api.w.org\/{rel}","templated":true}]}}