{"id":890,"date":"2019-05-15T10:00:33","date_gmt":"2019-05-15T10:00:33","guid":{"rendered":"http:\/\/testingcity.com\/isotechdesign\/?page_id=890"},"modified":"2019-05-17T13:03:28","modified_gmt":"2019-05-17T13:03:28","slug":"company","status":"publish","type":"page","link":"https:\/\/www.isotechdesign.com\/fr\/company\/","title":{"rendered":"Compagnie"},"content":{"rendered":"<p>[vc_row tlg_background_style=\u00a0\u00bbbg-secondary\u00a0\u00bb][vc_column][vc_column_text css=\u00a0\u00bb.vc_custom_1552711920135{margin-bottom: 10px !important;}\u00a0\u00bb]<\/p>\n<h5><strong>Historique<\/strong><\/h5>\n<p>Depuis 1994, IsoTech Design est un chef de file en conception et fabrication de solutions pour environnements assainis conforment \u00e0 l&rsquo;USP &lt;797&gt; telles que des isolateurs et salles blanches. Nous servons les pharmacies et hopitaux depuis d\u00e9j\u00e0 20 ans en offrant l&rsquo;\u00e9quipement n\u00e9cessaire pour leurs pr\u00e9parations magistrales, st\u00e9riles, hormonales et chimioth\u00e9rapiques. Plus de 1000 installations certifi\u00e9es \u00e0 travers les \u00c9tats-Unis et le Canada utilisent nos solutions d&rsquo;environnements assainis pour pr\u00e9parations st\u00e9riles et chimioth\u00e9rapiques tout en respectant l&rsquo;USP &lt;797&gt;, leurs normes d&rsquo;associations professionnelles ou organismes de r\u00e8glementations, ainsi que OSHA et NIOSH. De plus, des installations pharmaceutiques dans 15 pays et sur 5 continents utilisent nos solutions sont valid\u00e9es et certifi\u00e9es selon leurs normes et r\u00e8glementations respectives.[\/vc_column_text][vc_column_text css=\u00a0\u00bb.vc_custom_1552711965159{margin-bottom: 10px !important;}\u00a0\u00bb]<\/p>\n<h5><strong>Mission<\/strong><\/h5>\n<p>La mission d&rsquo;IsoTech Design est de : <strong><em>Prot\u00e9ger la vie<\/em><\/strong> avec des barri\u00e8res d&rsquo;isolation technologiques et des environnements propres pour le contr\u00f4le de contamination, st\u00e9rilit\u00e9 et confinement.[\/vc_column_text][vc_column_text css=\u00a0\u00bb.vc_custom_1552712002399{margin-bottom: 10px !important;}\u00a0\u00bb]<\/p>\n<h5><strong>Nos solutions permettent<\/strong><\/h5>\n<ul>\n<li>Un haut niveau d\u2019assurance de st\u00e9rilit\u00e9;<\/li>\n<li>Un contr\u00f4le pour r\u00e9duire le nombre de microorganismes et les risques de contamination;<\/li>\n<li>Des mesures de confinement satisfaisant aux exigences\u00a0<a href=\"http:\/\/www.usp797.org\/\">USP\u00a0797<\/a><\/li>\n<li>D&rsquo;\u00eatre conforme aux exigences du cGMP et du FDA\u00a0pour les\u00a0<a href=\"http:\/\/www.isotechdesign.com\/fr\/products\/hopitaux-et-pharmacies\/preparations-sterilesinjectables-34\">manipulations st\u00e9riles en pharmacie<\/a>\u00a0et les\u00a0<a href=\"http:\/\/www.isotechdesign.com\/fr\/produits-biopharmaceutique.php\">proc\u00e9d\u00e9s aseptiques en biopharmaceutique<\/a>.<\/li>\n<\/ul>\n<p>[\/vc_column_text][vc_column_text css=\u00a0\u00bb.vc_custom_1552712022542{margin-bottom: 10px !important;}\u00a0\u00bb]Nous travaillons en \u00e9troite collaboration avec nos clients pour cr\u00e9er des syst\u00e8mes d\u2019isolation qui satisferont aux besoins et aux exigences r\u00e9glementaires et qui facilitent la production.[\/vc_column_text][vc_column_text css=\u00a0\u00bb.vc_custom_1552712049230{margin-bottom: 10px !important;}\u00a0\u00bb]<\/p>\n<h5><strong>R\u00e9f\u00e9rences<\/strong><\/h5>\n<p>Nous avons servi plus de 1200 h\u00f4pitaux et pharmacies en Am\u00e9rique du Nord ayant \u00e9t\u00e9 certifi\u00e9s selon l&rsquo;USP 797 et leurs associations professionnelles. Nous avons aussi servi plus de 60 compagnies pharmaceutiques ayant \u00e9t\u00e9 certifi\u00e9es FDA ou EC cGMP.[\/vc_column_text][vc_column_text css=\u00a0\u00bb.vc_custom_1558097530117{margin-bottom: 10px !important;}\u00a0\u00bb]<\/p>\n<h5><strong>Voici quelques-uns de ces\u00a0<ins>h\u00f4pitaux et pharmacies<\/ins>:<\/strong><\/h5>\n<ul>\n<li>Bayonne Hospital, NJ<\/li>\n<li>Robert Wood Johnson, NJ<\/li>\n<li>Umass, MA<\/li>\n<li>Duke University, NC<\/li>\n<li>John Hopkins, NC<\/li>\n<li>Cancer Treatment Centres of America<\/li>\n<li>Jean Talon, QC<\/li>\n<li>Bayshore, Canada<\/li>\n<li>CRSSS, Canada<\/li>\n<li>Stanford University, CA<\/li>\n<li>Productos, Mexico<\/li>\n<li>Cornestone, TX<\/li>\n<li>Healthsouth, FL, TX<\/li>\n<li>O\u2019Brien Pharmacy, KS<\/li>\n<li>DeGarmo Compounding, WA<\/li>\n<li>Cantrell Drug, AR<\/li>\n<li>Pharmacy Creations, NJ<\/li>\n<\/ul>\n<p>[\/vc_column_text][vc_column_text css=\u00a0\u00bb.vc_custom_1552712138582{margin-bottom: 10px !important;}\u00a0\u00bb]<\/p>\n<h5><strong>Voici quelques-unes de ces <ins>compagnies pharmaceutiques<\/ins>:<\/strong><\/h5>\n<ul>\n<li>FDA, GA<\/li>\n<li>Sanofi Aventis, MA, ON<\/li>\n<li>Pfizer, CT<\/li>\n<li>Alberta\u00a0 Research Council, AL<\/li>\n<li>Allergan, France, CA<\/li>\n<li>Intas, India<\/li>\n<li>Therapia, Chile<\/li>\n<li>Roche, Mexico &amp; Co<\/li>\n<li>Pharmidea, Latvia<\/li>\n<li>Pisa, Mexico<\/li>\n<li>Wyeth, Canada<\/li>\n<li>Bayer, CA<\/li>\n<\/ul>\n<p>[\/vc_column_text][vc_row_inner][vc_column_inner width=\u00a0\u00bb1\/2&Prime;][vc_column_text]<\/p>\n<h4><strong><ins>CANADA<\/ins><\/strong><\/h4>\n<p><strong>Si\u00e8ge Social<\/strong><br \/>\nIsoTech Design Inc.<br \/>\n1320 Boulevard Graham, #120<br \/>\nMontr\u00e9al, QC.<br \/>\nH3P 3C8<br \/>\nCanada<br \/>\nSans-frais : 1 800 476-2010<br \/>\nTel: 514 956-1602<br \/>\nFax: 514 956-1032<\/p>\n<p><strong>General information:<\/strong><br \/>\nInformation g\u00e9n\u00e9rale:<br \/>\nwww.isotechdesign.com[\/vc_column_text][\/vc_column_inner][vc_column_inner width=\u00a0\u00bb1\/2&Prime;][vc_column_text]<\/p>\n<h4><strong><ins>USA<\/ins><\/strong><\/h4>\n<p><strong>Centre de distribution<\/strong><br \/>\nIsoTech Design USA<br \/>\n29 distribution Way #45<br \/>\nPlattsburgh, New York<br \/>\n12919<br \/>\nUSA<br \/>\nSans-frais : 1 800 476-2010<\/p>\n<p><strong>Information g\u00e9n\u00e9rale:<\/strong><br \/>\ninfo@isotechdesign.com<br \/>\nwww.isotechdesign.com[\/vc_column_text][\/vc_column_inner][\/vc_row_inner][\/vc_column][\/vc_row]<\/p>","protected":false},"excerpt":{"rendered":"<p>[vc_row tlg_background_style=\u00a0\u00bbbg-secondary\u00a0\u00bb][vc_column][vc_column_text css=\u00a0\u00bb.vc_custom_1552711920135{margin-bottom: 10px !important;}\u00a0\u00bb] Historique Depuis 1994, IsoTech Design est un chef de file en&#8230;<\/p>\n","protected":false},"author":1,"featured_media":1433,"parent":0,"menu_order":0,"comment_status":"closed","ping_status":"closed","template":"","meta":{"footnotes":""},"class_list":["post-890","page","type-page","status-publish","has-post-thumbnail","hentry"],"yoast_head":"<!-- This site is optimized with the Yoast SEO plugin v24.3 - https:\/\/yoast.com\/wordpress\/plugins\/seo\/ -->\n<title>Compagnie - IsoTech Design<\/title>\n<meta name=\"robots\" content=\"index, follow, max-snippet:-1, max-image-preview:large, max-video-preview:-1\" \/>\n<link rel=\"canonical\" href=\"https:\/\/www.isotechdesign.com\/company\/\" \/>\n<meta property=\"og:locale\" content=\"fr_FR\" \/>\n<meta property=\"og:type\" content=\"article\" \/>\n<meta property=\"og:title\" content=\"[:en]Company[:fr]Compagnie[:] - IsoTech Design\" \/>\n<meta property=\"og:description\" content=\"[vc_row tlg_background_style=\u00a0\u00bbbg-secondary\u00a0\u00bb][vc_column][vc_column_text css=\u00a0\u00bb.vc_custom_1552711920135{margin-bottom: 10px !important;}\u00a0\u00bb] Historique Depuis 1994, IsoTech Design est un chef de file en...\" \/>\n<meta property=\"og:url\" content=\"https:\/\/www.isotechdesign.com\/company\/\" \/>\n<meta property=\"og:site_name\" content=\"IsoTech Design\" \/>\n<meta property=\"article:modified_time\" content=\"2019-05-17T13:03:28+00:00\" \/>\n<meta property=\"og:image\" content=\"https:\/\/www.isotechdesign.com\/wp-content\/uploads\/banner06.jpg\" \/>\n\t<meta property=\"og:image:width\" content=\"1000\" \/>\n\t<meta property=\"og:image:height\" content=\"100\" \/>\n\t<meta property=\"og:image:type\" content=\"image\/jpeg\" \/>\n<meta name=\"twitter:card\" content=\"summary_large_image\" \/>\n<meta name=\"twitter:label1\" content=\"Dur\u00e9e de lecture estim\u00e9e\" \/>\n\t<meta name=\"twitter:data1\" content=\"5 minutes\" \/>\n<script type=\"application\/ld+json\" class=\"yoast-schema-graph\">{\"@context\":\"https:\/\/schema.org\",\"@graph\":[{\"@type\":\"WebPage\",\"@id\":\"https:\/\/www.isotechdesign.com\/company\/\",\"url\":\"https:\/\/www.isotechdesign.com\/company\/\",\"name\":\"[:en]Company[:fr]Compagnie[:] - IsoTech Design\",\"isPartOf\":{\"@id\":\"https:\/\/www.isotechdesign.com\/#website\"},\"primaryImageOfPage\":{\"@id\":\"https:\/\/www.isotechdesign.com\/company\/#primaryimage\"},\"image\":{\"@id\":\"https:\/\/www.isotechdesign.com\/company\/#primaryimage\"},\"thumbnailUrl\":\"https:\/\/www.isotechdesign.com\/wp-content\/uploads\/banner06.jpg\",\"datePublished\":\"2019-05-15T10:00:33+00:00\",\"dateModified\":\"2019-05-17T13:03:28+00:00\",\"breadcrumb\":{\"@id\":\"https:\/\/www.isotechdesign.com\/company\/#breadcrumb\"},\"inLanguage\":\"fr-FR\",\"potentialAction\":[{\"@type\":\"ReadAction\",\"target\":[\"https:\/\/www.isotechdesign.com\/company\/\"]}]},{\"@type\":\"ImageObject\",\"inLanguage\":\"fr-FR\",\"@id\":\"https:\/\/www.isotechdesign.com\/company\/#primaryimage\",\"url\":\"https:\/\/www.isotechdesign.com\/wp-content\/uploads\/banner06.jpg\",\"contentUrl\":\"https:\/\/www.isotechdesign.com\/wp-content\/uploads\/banner06.jpg\",\"width\":1000,\"height\":100,\"caption\":\"inner-banner\"},{\"@type\":\"BreadcrumbList\",\"@id\":\"https:\/\/www.isotechdesign.com\/company\/#breadcrumb\",\"itemListElement\":[{\"@type\":\"ListItem\",\"position\":1,\"name\":\"Home\",\"item\":\"https:\/\/www.isotechdesign.com\/\"},{\"@type\":\"ListItem\",\"position\":2,\"name\":\"Company\"}]},{\"@type\":\"WebSite\",\"@id\":\"https:\/\/www.isotechdesign.com\/#website\",\"url\":\"https:\/\/www.isotechdesign.com\/\",\"name\":\"IsoTech Design\",\"description\":\"\",\"potentialAction\":[{\"@type\":\"SearchAction\",\"target\":{\"@type\":\"EntryPoint\",\"urlTemplate\":\"https:\/\/www.isotechdesign.com\/?s={search_term_string}\"},\"query-input\":{\"@type\":\"PropertyValueSpecification\",\"valueRequired\":true,\"valueName\":\"search_term_string\"}}],\"inLanguage\":\"fr-FR\"}]}<\/script>\n<!-- \/ Yoast SEO plugin. -->","yoast_head_json":{"title":"[:en]Company[:fr]Compagnie[:] - IsoTech Design","robots":{"index":"index","follow":"follow","max-snippet":"max-snippet:-1","max-image-preview":"max-image-preview:large","max-video-preview":"max-video-preview:-1"},"canonical":"https:\/\/www.isotechdesign.com\/company\/","og_locale":"fr_FR","og_type":"article","og_title":"[:en]Company[:fr]Compagnie[:] - IsoTech Design","og_description":"[vc_row tlg_background_style=\u00a0\u00bbbg-secondary\u00a0\u00bb][vc_column][vc_column_text css=\u00a0\u00bb.vc_custom_1552711920135{margin-bottom: 10px !important;}\u00a0\u00bb] Historique Depuis 1994, IsoTech Design est un chef de file en...","og_url":"https:\/\/www.isotechdesign.com\/company\/","og_site_name":"IsoTech Design","article_modified_time":"2019-05-17T13:03:28+00:00","og_image":[{"width":1000,"height":100,"url":"https:\/\/www.isotechdesign.com\/wp-content\/uploads\/banner06.jpg","type":"image\/jpeg"}],"twitter_card":"summary_large_image","twitter_misc":{"Dur\u00e9e de lecture estim\u00e9e":"5 minutes"},"schema":{"@context":"https:\/\/schema.org","@graph":[{"@type":"WebPage","@id":"https:\/\/www.isotechdesign.com\/company\/","url":"https:\/\/www.isotechdesign.com\/company\/","name":"[:en]Company[:fr]Compagnie[:] - IsoTech Design","isPartOf":{"@id":"https:\/\/www.isotechdesign.com\/#website"},"primaryImageOfPage":{"@id":"https:\/\/www.isotechdesign.com\/company\/#primaryimage"},"image":{"@id":"https:\/\/www.isotechdesign.com\/company\/#primaryimage"},"thumbnailUrl":"https:\/\/www.isotechdesign.com\/wp-content\/uploads\/banner06.jpg","datePublished":"2019-05-15T10:00:33+00:00","dateModified":"2019-05-17T13:03:28+00:00","breadcrumb":{"@id":"https:\/\/www.isotechdesign.com\/company\/#breadcrumb"},"inLanguage":"fr-FR","potentialAction":[{"@type":"ReadAction","target":["https:\/\/www.isotechdesign.com\/company\/"]}]},{"@type":"ImageObject","inLanguage":"fr-FR","@id":"https:\/\/www.isotechdesign.com\/company\/#primaryimage","url":"https:\/\/www.isotechdesign.com\/wp-content\/uploads\/banner06.jpg","contentUrl":"https:\/\/www.isotechdesign.com\/wp-content\/uploads\/banner06.jpg","width":1000,"height":100,"caption":"inner-banner"},{"@type":"BreadcrumbList","@id":"https:\/\/www.isotechdesign.com\/company\/#breadcrumb","itemListElement":[{"@type":"ListItem","position":1,"name":"Home","item":"https:\/\/www.isotechdesign.com\/"},{"@type":"ListItem","position":2,"name":"Company"}]},{"@type":"WebSite","@id":"https:\/\/www.isotechdesign.com\/#website","url":"https:\/\/www.isotechdesign.com\/","name":"IsoTech Design","description":"","potentialAction":[{"@type":"SearchAction","target":{"@type":"EntryPoint","urlTemplate":"https:\/\/www.isotechdesign.com\/?s={search_term_string}"},"query-input":{"@type":"PropertyValueSpecification","valueRequired":true,"valueName":"search_term_string"}}],"inLanguage":"fr-FR"}]}},"_links":{"self":[{"href":"https:\/\/www.isotechdesign.com\/fr\/wp-json\/wp\/v2\/pages\/890","targetHints":{"allow":["GET"]}}],"collection":[{"href":"https:\/\/www.isotechdesign.com\/fr\/wp-json\/wp\/v2\/pages"}],"about":[{"href":"https:\/\/www.isotechdesign.com\/fr\/wp-json\/wp\/v2\/types\/page"}],"author":[{"embeddable":true,"href":"https:\/\/www.isotechdesign.com\/fr\/wp-json\/wp\/v2\/users\/1"}],"replies":[{"embeddable":true,"href":"https:\/\/www.isotechdesign.com\/fr\/wp-json\/wp\/v2\/comments?post=890"}],"version-history":[{"count":19,"href":"https:\/\/www.isotechdesign.com\/fr\/wp-json\/wp\/v2\/pages\/890\/revisions"}],"predecessor-version":[{"id":1688,"href":"https:\/\/www.isotechdesign.com\/fr\/wp-json\/wp\/v2\/pages\/890\/revisions\/1688"}],"wp:featuredmedia":[{"embeddable":true,"href":"https:\/\/www.isotechdesign.com\/fr\/wp-json\/wp\/v2\/media\/1433"}],"wp:attachment":[{"href":"https:\/\/www.isotechdesign.com\/fr\/wp-json\/wp\/v2\/media?parent=890"}],"curies":[{"name":"wp","href":"https:\/\/api.w.org\/{rel}","templated":true}]}}