{"id":14,"date":"2019-05-15T09:11:26","date_gmt":"2019-05-15T09:11:26","guid":{"rendered":"http:\/\/themes.wplook.com\/health-medical\/?page_id=14"},"modified":"2026-02-27T14:50:41","modified_gmt":"2026-02-27T19:50:41","slug":"contact-us","status":"publish","type":"page","link":"https:\/\/www.isotechdesign.com\/fr\/contact-us\/","title":{"rendered":"Contactez-nous"},"content":{"rendered":"<p><span id=\"speechify-first-word-listening-nudge-root-12\" style=\"position: absolute; z-index: 10000;\"><\/span><span id=\"speechify-first-word-listening-nudge-12\"><span id=\"speechify-first-word-listening-nudge-root-12\" style=\"position: absolute; z-index: 10000;\"><\/span><span id=\"speechify-first-word-listening-nudge-12\">[vc_row tlg_background_style=\u00a0\u00bbbg-secondary\u00a0\u00bb][vc_column width=\u00a0\u00bb1\/2&Prime;][vc_column_text]<\/span><\/span><\/p>\n<h3><ins><strong>CANADA<\/strong><\/ins><\/h3>\n<p><strong><span id=\"speechify-first-word-listening-nudge-root-83\" style=\"position: absolute; z-index: 10000;\"><\/span><span id=\"speechify-first-word-listening-nudge-83\"><span id=\"speechify-first-word-listening-nudge-root-14\" style=\"position: absolute; z-index: 10000;\"><\/span><span id=\"speechify-first-word-listening-nudge-14\"><span id=\"speechify-first-word-listening-nudge-root-14\" style=\"position: absolute; z-index: 10000;\"><\/span><span id=\"speechify-first-word-listening-nudge-14\">Si\u00e8ge Social<\/span><\/span><\/span><\/strong><\/p>\n<p><span id=\"speechify-first-word-listening-nudge-root-84\" style=\"position: absolute; z-index: 10000;\"><\/span><span id=\"speechify-first-word-listening-nudge-84\">IsoTech Design Inc.<\/span><br \/>\n<span data-ogsc=\"rgb(50, 62, 79)\">3584 Bd. Poirier<br \/>\n<\/span><span data-ogsc=\"rgb(50, 62, 79)\">St-Laurent, Quebec<br \/>\n<\/span><span data-ogsc=\"rgb(50, 62, 79)\">Canada,<\/span><span lang=\"en-CA\" data-ogsc=\"rgb(50, 62, 79)\">\u00a0H4R 2E9<\/span><br \/>\nSans-frais : 1 800 476-2010<br \/>\nT\u00e9l: 514 956-1602<br \/>\nFax: 514 956-1032<\/p>\n<p><span id=\"speechify-first-word-listening-nudge-root-85\" style=\"position: absolute; z-index: 10000;\"><\/span><span id=\"speechify-first-word-listening-nudge-85\">Information g\u00e9n\u00e9rale :<\/span><\/p>\n<p><a href=\"mailto:info@isotechdesign.com\"><span id=\"speechify-first-word-listening-nudge-root-86\" style=\"position: absolute; z-index: 10000;\"><\/span><span id=\"speechify-first-word-listening-nudge-86\">info@isotechdesign.com<\/span><\/a><br \/>\n<a href=\"http:\/\/www.isotechdesign.com\">www.isotechdesign.com<\/a>[\/vc_column_text][vc_column_text]<\/p>\n<h3><ins><strong>\u00c9tats-Unis<\/strong><\/ins><\/h3>\n<p><strong><span id=\"speechify-first-word-listening-nudge-root-19\" style=\"position: absolute; z-index: 10000;\"><\/span><span id=\"speechify-first-word-listening-nudge-19\"><span id=\"speechify-first-word-listening-nudge-root-19\" style=\"position: absolute; z-index: 10000;\"><\/span><span id=\"speechify-first-word-listening-nudge-19\">Centre de distribution<\/span><\/span><\/strong><\/p>\n<p><span id=\"speechify-first-word-listening-nudge-root-20\" style=\"position: absolute; z-index: 10000;\"><\/span><span id=\"speechify-first-word-listening-nudge-20\"><span id=\"speechify-first-word-listening-nudge-root-20\" style=\"position: absolute; z-index: 10000;\"><\/span><span id=\"speechify-first-word-listening-nudge-20\">IsoTech Design USA<\/span><\/span><br \/>\n1083 State Route 9<br \/>\nChamplain, NY<br \/>\n12919<br \/>\nUSA<br \/>\nSans-frais: <a href=\"tel:1 800 476-2010\" target=\"_blank\" rel=\"noopener noreferrer\">1 800 476-2010<\/a><\/p>\n<p><span id=\"speechify-first-word-listening-nudge-root-21\" style=\"position: absolute; z-index: 10000;\"><\/span><span id=\"speechify-first-word-listening-nudge-21\"><span id=\"speechify-first-word-listening-nudge-root-21\" style=\"position: absolute; z-index: 10000;\"><\/span><span id=\"speechify-first-word-listening-nudge-21\">Information g\u00e9n\u00e9rale :<\/span><\/span><\/p>\n<p><a href=\"mailto:info@isotechdesign.com\"><span id=\"speechify-first-word-listening-nudge-root-22\" style=\"position: absolute; z-index: 10000;\"><\/span><span id=\"speechify-first-word-listening-nudge-22\"><span id=\"speechify-first-word-listening-nudge-root-22\" style=\"position: absolute; z-index: 10000;\"><\/span><span id=\"speechify-first-word-listening-nudge-22\">info@isotechdesign.com<\/span><\/span><\/a><br \/>\n<a href=\"http:\/\/www.isotechdesign.com\">www.isotechdesign.com<\/a>[\/vc_column_text][\/vc_column][vc_column width=\u00a0\u00bb1\/2&Prime;]<div class=\"headings-title\"><div class=\"mb16 mb16 mb-xs-40 text-left\"><h4 style=\"text-transform: none!important;\" class=\"widgettitle mb0\">Demande de Soumission<\/h4><\/div><\/div><div role=\"form\" class=\"wpcf7\" id=\"wpcf7-f1279-o2\" lang=\"en-US\" dir=\"ltr\">\n<div class=\"screen-reader-response\"><p role=\"status\" aria-live=\"polite\" aria-atomic=\"true\"><\/p> <ul><\/ul><\/div>\n<form action=\"\/fr\/wp-json\/wp\/v2\/pages\/14#wpcf7-f1279-o2\" method=\"post\" class=\"wpcf7-form init\" novalidate=\"novalidate\" data-status=\"init\">\n<div style=\"display: none;\">\n<input type=\"hidden\" name=\"_wpcf7\" value=\"1279\" \/>\n<input type=\"hidden\" name=\"_wpcf7_version\" value=\"5.3\" \/>\n<input type=\"hidden\" name=\"_wpcf7_locale\" value=\"en_US\" \/>\n<input type=\"hidden\" name=\"_wpcf7_unit_tag\" value=\"wpcf7-f1279-o2\" \/>\n<input type=\"hidden\" name=\"_wpcf7_container_post\" value=\"0\" \/>\n<input type=\"hidden\" name=\"_wpcf7_posted_data_hash\" value=\"\" \/>\n<\/div>\n<p><label> Pr\u00e9nom *<br \/>\n    <span class=\"wpcf7-form-control-wrap first-name\"><input type=\"text\" name=\"first-name\" value=\"\" size=\"40\" class=\"wpcf7-form-control wpcf7-text wpcf7-validates-as-required\" aria-required=\"true\" aria-invalid=\"false\" \/><\/span> <\/label><\/p>\n<p><label> Nom *<br \/>\n    <span class=\"wpcf7-form-control-wrap last-name\"><input type=\"text\" name=\"last-name\" value=\"\" size=\"40\" class=\"wpcf7-form-control wpcf7-text wpcf7-validates-as-required\" aria-required=\"true\" aria-invalid=\"false\" \/><\/span> <\/label><\/p>\n<p><label> Adresse Courriel *<br \/>\n    <span class=\"wpcf7-form-control-wrap your-email\"><input type=\"email\" name=\"your-email\" value=\"\" size=\"40\" class=\"wpcf7-form-control wpcf7-text wpcf7-email wpcf7-validates-as-required wpcf7-validates-as-email\" aria-required=\"true\" aria-invalid=\"false\" \/><\/span> <\/label><\/p>\n<p><label>Num\u00e9ro de T\u00e9l\u00e9phone *<br \/>\n    <span class=\"wpcf7-form-control-wrap phone\"><input type=\"tel\" name=\"phone\" value=\"\" size=\"40\" class=\"wpcf7-form-control wpcf7-text wpcf7-tel wpcf7-validates-as-required wpcf7-validates-as-tel\" aria-required=\"true\" aria-invalid=\"false\" \/><\/span> <\/label><\/p>\n<p>Industrie<br \/>\n    <span class=\"wpcf7-form-control-wrap your-Market\"><span class=\"wpcf7-form-control wpcf7-checkbox\"><span class=\"wpcf7-list-item first\"><input type=\"checkbox\" name=\"your-Market[]\" value=\"H\u00f4pitaux et Pharmacies\" \/><span class=\"wpcf7-list-item-label\">H\u00f4pitaux et Pharmacies<\/span><\/span><span class=\"wpcf7-list-item last\"><input type=\"checkbox\" name=\"your-Market[]\" value=\"Pharmaceutique\" \/><span class=\"wpcf7-list-item-label\">Pharmaceutique<\/span><\/span><\/span><\/span><\/p>\n<p><label> Compagnie ou Institution<br \/>\n    <span class=\"wpcf7-form-control-wrap company-name\"><input type=\"text\" name=\"company-name\" value=\"\" size=\"40\" class=\"wpcf7-form-control wpcf7-text wpcf7-validates-as-required\" aria-required=\"true\" aria-invalid=\"false\" \/><\/span> <\/label><\/p>\n<p><label>Produit<br \/>\n    <span class=\"wpcf7-form-control-wrap Product-name\"><input type=\"text\" name=\"Product-name\" value=\"\" size=\"40\" class=\"wpcf7-form-control wpcf7-text wpcf7-validates-as-required\" aria-required=\"true\" aria-invalid=\"false\" \/><\/span> <\/label><\/p>\n<p><label> Message<br \/>\n    <span class=\"wpcf7-form-control-wrap your-message\"><textarea name=\"your-message\" cols=\"40\" rows=\"10\" class=\"wpcf7-form-control wpcf7-textarea\" aria-invalid=\"false\"><\/textarea><\/span> <\/label><\/p>\n<p><input type=\"submit\" value=\"Send\" class=\"wpcf7-form-control wpcf7-submit\" \/><\/p>\n<p style=\"display: none !important;\" class=\"akismet-fields-container\" data-prefix=\"_wpcf7_ak_\"><label>&#916;<textarea name=\"_wpcf7_ak_hp_textarea\" cols=\"45\" rows=\"8\" maxlength=\"100\"><\/textarea><\/label><input type=\"hidden\" id=\"ak_js_2\" name=\"_wpcf7_ak_js\" value=\"160\"\/><script>document.getElementById( \"ak_js_2\" ).setAttribute( \"value\", ( new Date() ).getTime() );<\/script><\/p><div class=\"wpcf7-response-output\" aria-hidden=\"true\"><\/div><\/form><\/div>[\/vc_column][\/vc_row]<\/p>","protected":false},"excerpt":{"rendered":"<p>[vc_row tlg_background_style=\u00a0\u00bbbg-secondary\u00a0\u00bb][vc_column width=\u00a0\u00bb1\/2&Prime;][vc_column_text] CANADA Si\u00e8ge Social IsoTech Design Inc. 3584 Bd. Poirier St-Laurent, Quebec Canada,\u00a0H4R 2E9&#8230;<\/p>\n","protected":false},"author":1,"featured_media":1433,"parent":0,"menu_order":0,"comment_status":"closed","ping_status":"closed","template":"","meta":{"footnotes":""},"class_list":["post-14","page","type-page","status-publish","has-post-thumbnail","hentry"],"yoast_head":"<!-- This site is optimized with the Yoast SEO plugin v24.3 - https:\/\/yoast.com\/wordpress\/plugins\/seo\/ -->\n<title>Contactez-nous - IsoTech Design<\/title>\n<meta name=\"robots\" content=\"index, follow, max-snippet:-1, max-image-preview:large, max-video-preview:-1\" \/>\n<link rel=\"canonical\" href=\"https:\/\/www.isotechdesign.com\/contact-us\/\" \/>\n<meta property=\"og:locale\" content=\"fr_FR\" \/>\n<meta property=\"og:type\" content=\"article\" \/>\n<meta property=\"og:title\" content=\"[:en]Contact Us[:fr]Contactez-nous[:] - IsoTech Design\" \/>\n<meta property=\"og:description\" content=\"[vc_row tlg_background_style=\u00a0\u00bbbg-secondary\u00a0\u00bb][vc_column width=\u00a0\u00bb1\/2&Prime;][vc_column_text] CANADA Si\u00e8ge Social IsoTech Design Inc. 3584 Bd. Poirier St-Laurent, Quebec Canada,\u00a0H4R 2E9...\" \/>\n<meta property=\"og:url\" content=\"https:\/\/www.isotechdesign.com\/contact-us\/\" \/>\n<meta property=\"og:site_name\" content=\"IsoTech Design\" \/>\n<meta property=\"article:modified_time\" content=\"2026-02-27T19:50:41+00:00\" \/>\n<meta property=\"og:image\" content=\"https:\/\/www.isotechdesign.com\/wp-content\/uploads\/banner06.jpg\" \/>\n\t<meta property=\"og:image:width\" content=\"1000\" \/>\n\t<meta property=\"og:image:height\" content=\"100\" \/>\n\t<meta property=\"og:image:type\" content=\"image\/jpeg\" \/>\n<meta name=\"twitter:card\" content=\"summary_large_image\" \/>\n<meta name=\"twitter:label1\" content=\"Dur\u00e9e de lecture estim\u00e9e\" \/>\n\t<meta name=\"twitter:data1\" content=\"1 minute\" \/>\n<script type=\"application\/ld+json\" class=\"yoast-schema-graph\">{\"@context\":\"https:\/\/schema.org\",\"@graph\":[{\"@type\":\"WebPage\",\"@id\":\"https:\/\/www.isotechdesign.com\/contact-us\/\",\"url\":\"https:\/\/www.isotechdesign.com\/contact-us\/\",\"name\":\"[:en]Contact Us[:fr]Contactez-nous[:] - IsoTech Design\",\"isPartOf\":{\"@id\":\"https:\/\/www.isotechdesign.com\/#website\"},\"primaryImageOfPage\":{\"@id\":\"https:\/\/www.isotechdesign.com\/contact-us\/#primaryimage\"},\"image\":{\"@id\":\"https:\/\/www.isotechdesign.com\/contact-us\/#primaryimage\"},\"thumbnailUrl\":\"https:\/\/www.isotechdesign.com\/wp-content\/uploads\/banner06.jpg\",\"datePublished\":\"2019-05-15T09:11:26+00:00\",\"dateModified\":\"2026-02-27T19:50:41+00:00\",\"breadcrumb\":{\"@id\":\"https:\/\/www.isotechdesign.com\/contact-us\/#breadcrumb\"},\"inLanguage\":\"fr-FR\",\"potentialAction\":[{\"@type\":\"ReadAction\",\"target\":[\"https:\/\/www.isotechdesign.com\/contact-us\/\"]}]},{\"@type\":\"ImageObject\",\"inLanguage\":\"fr-FR\",\"@id\":\"https:\/\/www.isotechdesign.com\/contact-us\/#primaryimage\",\"url\":\"https:\/\/www.isotechdesign.com\/wp-content\/uploads\/banner06.jpg\",\"contentUrl\":\"https:\/\/www.isotechdesign.com\/wp-content\/uploads\/banner06.jpg\",\"width\":1000,\"height\":100,\"caption\":\"inner-banner\"},{\"@type\":\"BreadcrumbList\",\"@id\":\"https:\/\/www.isotechdesign.com\/contact-us\/#breadcrumb\",\"itemListElement\":[{\"@type\":\"ListItem\",\"position\":1,\"name\":\"Home\",\"item\":\"https:\/\/www.isotechdesign.com\/\"},{\"@type\":\"ListItem\",\"position\":2,\"name\":\"Contact Us\"}]},{\"@type\":\"WebSite\",\"@id\":\"https:\/\/www.isotechdesign.com\/#website\",\"url\":\"https:\/\/www.isotechdesign.com\/\",\"name\":\"IsoTech Design\",\"description\":\"\",\"potentialAction\":[{\"@type\":\"SearchAction\",\"target\":{\"@type\":\"EntryPoint\",\"urlTemplate\":\"https:\/\/www.isotechdesign.com\/?s={search_term_string}\"},\"query-input\":{\"@type\":\"PropertyValueSpecification\",\"valueRequired\":true,\"valueName\":\"search_term_string\"}}],\"inLanguage\":\"fr-FR\"}]}<\/script>\n<!-- \/ Yoast SEO plugin. -->","yoast_head_json":{"title":"[:en]Contact Us[:fr]Contactez-nous[:] - IsoTech Design","robots":{"index":"index","follow":"follow","max-snippet":"max-snippet:-1","max-image-preview":"max-image-preview:large","max-video-preview":"max-video-preview:-1"},"canonical":"https:\/\/www.isotechdesign.com\/contact-us\/","og_locale":"fr_FR","og_type":"article","og_title":"[:en]Contact Us[:fr]Contactez-nous[:] - IsoTech Design","og_description":"[vc_row tlg_background_style=\u00a0\u00bbbg-secondary\u00a0\u00bb][vc_column width=\u00a0\u00bb1\/2&Prime;][vc_column_text] CANADA Si\u00e8ge Social IsoTech Design Inc. 3584 Bd. Poirier St-Laurent, Quebec Canada,\u00a0H4R 2E9...","og_url":"https:\/\/www.isotechdesign.com\/contact-us\/","og_site_name":"IsoTech Design","article_modified_time":"2026-02-27T19:50:41+00:00","og_image":[{"width":1000,"height":100,"url":"https:\/\/www.isotechdesign.com\/wp-content\/uploads\/banner06.jpg","type":"image\/jpeg"}],"twitter_card":"summary_large_image","twitter_misc":{"Dur\u00e9e de lecture estim\u00e9e":"1 minute"},"schema":{"@context":"https:\/\/schema.org","@graph":[{"@type":"WebPage","@id":"https:\/\/www.isotechdesign.com\/contact-us\/","url":"https:\/\/www.isotechdesign.com\/contact-us\/","name":"[:en]Contact Us[:fr]Contactez-nous[:] - IsoTech Design","isPartOf":{"@id":"https:\/\/www.isotechdesign.com\/#website"},"primaryImageOfPage":{"@id":"https:\/\/www.isotechdesign.com\/contact-us\/#primaryimage"},"image":{"@id":"https:\/\/www.isotechdesign.com\/contact-us\/#primaryimage"},"thumbnailUrl":"https:\/\/www.isotechdesign.com\/wp-content\/uploads\/banner06.jpg","datePublished":"2019-05-15T09:11:26+00:00","dateModified":"2026-02-27T19:50:41+00:00","breadcrumb":{"@id":"https:\/\/www.isotechdesign.com\/contact-us\/#breadcrumb"},"inLanguage":"fr-FR","potentialAction":[{"@type":"ReadAction","target":["https:\/\/www.isotechdesign.com\/contact-us\/"]}]},{"@type":"ImageObject","inLanguage":"fr-FR","@id":"https:\/\/www.isotechdesign.com\/contact-us\/#primaryimage","url":"https:\/\/www.isotechdesign.com\/wp-content\/uploads\/banner06.jpg","contentUrl":"https:\/\/www.isotechdesign.com\/wp-content\/uploads\/banner06.jpg","width":1000,"height":100,"caption":"inner-banner"},{"@type":"BreadcrumbList","@id":"https:\/\/www.isotechdesign.com\/contact-us\/#breadcrumb","itemListElement":[{"@type":"ListItem","position":1,"name":"Home","item":"https:\/\/www.isotechdesign.com\/"},{"@type":"ListItem","position":2,"name":"Contact Us"}]},{"@type":"WebSite","@id":"https:\/\/www.isotechdesign.com\/#website","url":"https:\/\/www.isotechdesign.com\/","name":"IsoTech Design","description":"","potentialAction":[{"@type":"SearchAction","target":{"@type":"EntryPoint","urlTemplate":"https:\/\/www.isotechdesign.com\/?s={search_term_string}"},"query-input":{"@type":"PropertyValueSpecification","valueRequired":true,"valueName":"search_term_string"}}],"inLanguage":"fr-FR"}]}},"_links":{"self":[{"href":"https:\/\/www.isotechdesign.com\/fr\/wp-json\/wp\/v2\/pages\/14","targetHints":{"allow":["GET"]}}],"collection":[{"href":"https:\/\/www.isotechdesign.com\/fr\/wp-json\/wp\/v2\/pages"}],"about":[{"href":"https:\/\/www.isotechdesign.com\/fr\/wp-json\/wp\/v2\/types\/page"}],"author":[{"embeddable":true,"href":"https:\/\/www.isotechdesign.com\/fr\/wp-json\/wp\/v2\/users\/1"}],"replies":[{"embeddable":true,"href":"https:\/\/www.isotechdesign.com\/fr\/wp-json\/wp\/v2\/comments?post=14"}],"version-history":[{"count":17,"href":"https:\/\/www.isotechdesign.com\/fr\/wp-json\/wp\/v2\/pages\/14\/revisions"}],"predecessor-version":[{"id":2211,"href":"https:\/\/www.isotechdesign.com\/fr\/wp-json\/wp\/v2\/pages\/14\/revisions\/2211"}],"wp:featuredmedia":[{"embeddable":true,"href":"https:\/\/www.isotechdesign.com\/fr\/wp-json\/wp\/v2\/media\/1433"}],"wp:attachment":[{"href":"https:\/\/www.isotechdesign.com\/fr\/wp-json\/wp\/v2\/media?parent=14"}],"curies":[{"name":"wp","href":"https:\/\/api.w.org\/{rel}","templated":true}]}}