{"id":1206,"date":"2019-05-15T09:37:44","date_gmt":"2019-05-15T09:37:44","guid":{"rendered":"http:\/\/testingcity.com\/isotechdesign\/?page_id=1206"},"modified":"2024-03-14T15:06:09","modified_gmt":"2024-03-14T19:06:09","slug":"hospitals-pharmacies","status":"publish","type":"page","link":"https:\/\/www.isotechdesign.com\/fr\/products\/hospitals-pharmacies\/","title":{"rendered":"H\u00f4pitaux et Pharmacies"},"content":{"rendered":"<p><\/p>\n<p>[vc_row tlg_background_style=\u00a0\u00bbbg-secondary\u00a0\u00bb][vc_column]<div class=\"headings-title\"><div class=\"mb16 mb16 mb-xs-40 text-left\"><h5 style=\"font-size:35px;line-height:45px;text-transform: none!important;\" class=\"widgettitle mb0\">Micro-environnements contr\u00f4l\u00e9s pour h\u00f4pitaux et pharmacies<\/h5><\/div><\/div>[vc_column_text]IsoTech Design s&rsquo;engage \u00e0 cr\u00e9er des micro-environnements de haute qualit\u00e9 pour les h\u00f4pitaux et les pharmacies. Nous concevons et fabriquons une vari\u00e9t\u00e9 d\u2019\u00e9quipements et de hottes pour la pr\u00e9paration de produits pharmaceutiques afin d\u2019\u00e9liminer les risques li\u00e9s \u00e0 la manipulation de substances dangereuses. Un grand nombre de nos hottes de pr\u00e9paration et postes de travail \u00e0 air propre peuvent devenir votre laboratoire mobile, vous permettant d\u2019accomplir vos t\u00e2ches de mani\u00e8re s\u00e9curitaire et efficace.<\/p>\n<p>IsoTech Design propose des \u00e9quipements pour la pr\u00e9paration et la manipulation en toute s\u00e9curit\u00e9 d&rsquo;agents chimio-th\u00e9rapeutiques, de m\u00e9dicaments st\u00e9rilis\u00e9s et de substances hormonales. Nous proposons \u00e9galement des filtres de remplacement pour vos unit\u00e9s HEPA, afin que vous puissiez \u00e9viter les temps d&rsquo;arr\u00eat. Veuillez nous contacter pour obtenir un devis ou pour obtenir de plus d\u2019informations sur nos solutions de micro-environnements pour h\u00f4pitaux et pharmacies.<br \/>\n[\/vc_column_text][vc_row_inner][vc_column_inner el_class=\u00a0\u00bbtext-center featured-pr\u00a0\u00bb width=\u00a0\u00bb1\/4&Prime; css=\u00a0\u00bb.vc_custom_1553751031515{margin-bottom: 30px !important;}\u00a0\u00bb]<div class=\"headings-title\"><div class=\"mb16 mb16 mb-xs-40 text-center\"><h5 style=\"text-transform: none!important;\" class=\"widgettitle mb0\">MicroSphere<\/h5><\/div><\/div><div class=\"tlg-spacer\" data-height=\"24\" data-height-tablet=\"24\" data-height-mobile=\"24\" style=\"clear:both;display:block;height:24px;\"><\/div>[vc_single_image image=\u00a0\u00bb1675&Prime; img_size=\u00a0\u00bbfull\u00a0\u00bb alignment=\u00a0\u00bbcenter\u00a0\u00bb css=\u00a0\u00bb.vc_custom_1558095652271{margin-bottom: 5px !important;}\u00a0\u00bb]<div class=\"\"><a  id=\"btn-69d779dc8e343\" class=\"btn btn-filled    btn-sm-sm\" href= \"\/fr\/product\/hospitals-pharmacies\/microsphere\/\" target=\"_self\" >D\u00e9tails<\/a><\/div>[\/vc_column_inner][vc_column_inner el_class=\u00a0\u00bbtext-center featured-pr\u00a0\u00bb width=\u00a0\u00bb1\/4&Prime; css=\u00a0\u00bb.vc_custom_1553751040244{margin-bottom: 30px !important;}\u00a0\u00bb]<div class=\"headings-title\"><div class=\"mb16 mb16 mb-xs-40 text-center\"><h5 style=\"text-transform: none!important;\" class=\"widgettitle mb0\">ChemoSphere<\/h5><\/div><\/div><div class=\"tlg-spacer\" data-height=\"24\" data-height-tablet=\"24\" data-height-mobile=\"24\" style=\"clear:both;display:block;height:24px;\"><\/div>[vc_single_image image=\u00a0\u00bb1158&Prime; img_size=\u00a0\u00bbfull\u00a0\u00bb alignment=\u00a0\u00bbcenter\u00a0\u00bb css=\u00a0\u00bb.vc_custom_1553081861871{margin-bottom: 5px !important;}\u00a0\u00bb]<div class=\"\"><a  id=\"btn-69d779dc8e37f\" class=\"btn btn-filled    btn-sm-sm\" href= \"\/fr\/product\/hospitals-pharmacies\/chemoshpere\/\" target=\"_self\" >D\u00e9tails<\/a><\/div>[\/vc_column_inner][vc_column_inner el_class=\u00a0\u00bbtext-center featured-pr\u00a0\u00bb width=\u00a0\u00bb1\/4&Prime; css=\u00a0\u00bb.vc_custom_1553751083193{margin-bottom: 30px !important;}\u00a0\u00bb]<div class=\"headings-title\"><div class=\"mb16 mb16 mb-xs-40 text-center\"><h5 style=\"text-transform: none!important;\" class=\"widgettitle mb0\">ChemoSphere \u2013 Petit volume<\/h5><\/div><\/div><div class=\"tlg-spacer\" data-height=\"24\" data-height-tablet=\"24\" data-height-mobile=\"24\" style=\"clear:both;display:block;height:24px;\"><\/div>[vc_single_image image=\u00a0\u00bb1157&Prime; img_size=\u00a0\u00bbfull\u00a0\u00bb alignment=\u00a0\u00bbcenter\u00a0\u00bb css=\u00a0\u00bb.vc_custom_1553081880865{margin-bottom: 5px !important;}\u00a0\u00bb]<div class=\"\"><a  id=\"btn-69d779dc8e3c4\" class=\"btn btn-filled    btn-sm-sm\" href= \"\/fr\/product\/hospitals-pharmacies\/small-volume-chemo\/\" target=\"_self\" >D\u00e9tails<\/a><\/div>[\/vc_column_inner][vc_column_inner el_class=\u00a0\u00bbtext-center featured-pr\u00a0\u00bb width=\u00a0\u00bb1\/4&Prime; css=\u00a0\u00bb.vc_custom_1553751080193{margin-bottom: 30px !important;}\u00a0\u00bb]<div class=\"headings-title\"><div class=\"mb16 mb16 mb-xs-40 text-center\"><h5 style=\"text-transform: none!important;\" class=\"widgettitle mb0\">Pr\u00e9parations d'hormones et de poudre<\/h5><\/div><\/div>[vc_single_image image=\u00a0\u00bb1676&Prime; img_size=\u00a0\u00bbfull\u00a0\u00bb alignment=\u00a0\u00bbcenter\u00a0\u00bb css=\u00a0\u00bb.vc_custom_1558095643217{margin-bottom: 5px !important;}\u00a0\u00bb]<div class=\"\"><a  id=\"btn-69d779dc8e3e6\" class=\"btn btn-filled    btn-sm-sm\" href= \"\/fr\/product\/hospitals-pharmacies\/hormone-powder-compounding\/\" target=\"_self\" >D\u00e9tails<\/a><\/div>[\/vc_column_inner][\/vc_row_inner][vc_row_inner css=\u00a0\u00bb.vc_custom_1553082413574{margin-bottom: 2.5em !important;}\u00a0\u00bb][vc_column_inner el_class=\u00a0\u00bbtext-center featured-pr\u00a0\u00bb width=\u00a0\u00bb1\/4&Prime; css=\u00a0\u00bb.vc_custom_1553751091017{margin-bottom: 30px !important;}\u00a0\u00bb]<div class=\"headings-title\"><div class=\"mb16 mb16 mb-xs-40 text-center\"><h5 style=\"text-transform: none!important;\" class=\"widgettitle mb0\">Poste de travail \u00e0 air propre<\/h5><\/div><\/div><div class=\"tlg-spacer\" data-height=\"24\" data-height-tablet=\"24\" data-height-mobile=\"24\" style=\"clear:both;display:block;height:24px;\"><\/div>[vc_single_image image=\u00a0\u00bb1159&Prime; img_size=\u00a0\u00bbfull\u00a0\u00bb alignment=\u00a0\u00bbcenter\u00a0\u00bb css=\u00a0\u00bb.vc_custom_1553081875883{margin-bottom: 5px !important;}\u00a0\u00bb]<div class=\"\"><a  id=\"btn-69d779dc8e410\" class=\"btn btn-filled    btn-sm-sm\" href= \"\/fr\/product\/hospitals-pharmacies\/clean-air-workstation\/\" target=\"_self\" >D\u00e9tails<\/a><\/div>[\/vc_column_inner][vc_column_inner el_class=\u00a0\u00bbtext-center featured-pr\u00a0\u00bb width=\u00a0\u00bb1\/4&Prime; css=\u00a0\u00bb.vc_custom_1553751105105{margin-bottom: 30px !important;}\u00a0\u00bb]<div class=\"headings-title\"><div class=\"mb16 mb16 mb-xs-40 text-center\"><h5 style=\"text-transform: none!important;\" class=\"widgettitle mb0\">Unit\u00e9s de filtres \u00e0 ventilateur<\/h5><\/div><\/div><div class=\"tlg-spacer\" data-height=\"24\" data-height-tablet=\"24\" data-height-mobile=\"24\" style=\"clear:both;display:block;height:24px;\"><\/div>[vc_single_image image=\u00a0\u00bb1671&Prime; img_size=\u00a0\u00bbfull\u00a0\u00bb alignment=\u00a0\u00bbcenter\u00a0\u00bb css=\u00a0\u00bb.vc_custom_1558095259033{margin-bottom: 5px !important;}\u00a0\u00bb]<div class=\"\"><a  id=\"btn-69d779dc8e43b\" class=\"btn btn-filled    btn-sm-sm\" href= \"\/fr\/product\/hospitals-pharmacies\/fan-filter-unit\/\" target=\"_self\" >D\u00e9tails<\/a><\/div>[\/vc_column_inner][vc_column_inner el_class=\u00a0\u00bbtext-center featured-pr\u00a0\u00bb width=\u00a0\u00bb1\/4&Prime; css=\u00a0\u00bb.vc_custom_1553751138202{margin-bottom: 30px !important;}\u00a0\u00bb]<div class=\"headings-title\"><div class=\"mb16 mb16 mb-xs-40 text-center\"><h5 style=\"text-transform: none!important;\" class=\"widgettitle mb0\">Unit\u00e9s secondaires de filtration HEPA<\/h5><\/div><\/div>[vc_single_image image=\u00a0\u00bb1165&Prime; img_size=\u00a0\u00bbfull\u00a0\u00bb alignment=\u00a0\u00bbcenter\u00a0\u00bb css=\u00a0\u00bb.vc_custom_1553082193078{margin-bottom: 5px !important;}\u00a0\u00bb]<div class=\"\"><a  id=\"btn-69d779dc8e45c\" class=\"btn btn-filled    btn-sm-sm\" href= \"\/fr\/product\/hospitals-pharmacies\/secondary-hepa-filtration\/\" target=\"_self\" >D\u00e9tails<\/a><\/div>[\/vc_column_inner][\/vc_row_inner][\/vc_column][\/vc_row]<\/p>\n<p><\/p>","protected":false},"excerpt":{"rendered":"<p>[vc_row tlg_background_style=\u00a0\u00bbbg-secondary\u00a0\u00bb][vc_column][vc_column_text]IsoTech Design s&rsquo;engage \u00e0 cr\u00e9er des micro-environnements de haute qualit\u00e9 pour les h\u00f4pitaux et les&#8230;<\/p>\n","protected":false},"author":1,"featured_media":1433,"parent":1129,"menu_order":0,"comment_status":"closed","ping_status":"closed","template":"","meta":{"footnotes":""},"class_list":["post-1206","page","type-page","status-publish","has-post-thumbnail","hentry"],"yoast_head":"<!-- This site is optimized with the Yoast SEO plugin v24.3 - https:\/\/yoast.com\/wordpress\/plugins\/seo\/ -->\n<title>Pharmacy &amp; Hospital Primary Engineering Control | IsoTech Design<\/title>\n<meta name=\"description\" content=\"To support the healthcare industry, IsoTech Design creates primary engineering control units for hospitals and pharmacies. Protect your practice today.\" \/>\n<meta name=\"robots\" content=\"index, follow, max-snippet:-1, max-image-preview:large, max-video-preview:-1\" \/>\n<link rel=\"canonical\" href=\"https:\/\/www.isotechdesign.com\/products\/hospitals-pharmacies\/\" \/>\n<meta property=\"og:locale\" content=\"fr_FR\" \/>\n<meta property=\"og:type\" content=\"article\" \/>\n<meta property=\"og:title\" content=\"Pharmacy &amp; Hospital Primary Engineering Control | IsoTech Design\" \/>\n<meta property=\"og:description\" content=\"To support the healthcare industry, IsoTech Design creates primary engineering control units for hospitals and pharmacies. Protect your practice today.\" \/>\n<meta property=\"og:url\" content=\"https:\/\/www.isotechdesign.com\/products\/hospitals-pharmacies\/\" \/>\n<meta property=\"og:site_name\" content=\"IsoTech Design\" \/>\n<meta property=\"article:modified_time\" content=\"2024-03-14T19:06:09+00:00\" \/>\n<meta property=\"og:image\" content=\"https:\/\/www.isotechdesign.com\/wp-content\/uploads\/banner06.jpg\" \/>\n\t<meta property=\"og:image:width\" content=\"1000\" \/>\n\t<meta property=\"og:image:height\" content=\"100\" \/>\n\t<meta property=\"og:image:type\" content=\"image\/jpeg\" \/>\n<meta name=\"twitter:card\" content=\"summary_large_image\" \/>\n<meta name=\"twitter:label1\" content=\"Dur\u00e9e de lecture estim\u00e9e\" \/>\n\t<meta name=\"twitter:data1\" content=\"7 minutes\" \/>\n<script type=\"application\/ld+json\" class=\"yoast-schema-graph\">{\"@context\":\"https:\/\/schema.org\",\"@graph\":[{\"@type\":\"WebPage\",\"@id\":\"https:\/\/www.isotechdesign.com\/products\/hospitals-pharmacies\/\",\"url\":\"https:\/\/www.isotechdesign.com\/products\/hospitals-pharmacies\/\",\"name\":\"Pharmacy & Hospital Primary Engineering Control | IsoTech Design\",\"isPartOf\":{\"@id\":\"https:\/\/www.isotechdesign.com\/#website\"},\"primaryImageOfPage\":{\"@id\":\"https:\/\/www.isotechdesign.com\/products\/hospitals-pharmacies\/#primaryimage\"},\"image\":{\"@id\":\"https:\/\/www.isotechdesign.com\/products\/hospitals-pharmacies\/#primaryimage\"},\"thumbnailUrl\":\"https:\/\/www.isotechdesign.com\/wp-content\/uploads\/banner06.jpg\",\"datePublished\":\"2019-05-15T09:37:44+00:00\",\"dateModified\":\"2024-03-14T19:06:09+00:00\",\"description\":\"To support the healthcare industry, IsoTech Design creates primary engineering control units for hospitals and pharmacies. Protect your practice today.\",\"breadcrumb\":{\"@id\":\"https:\/\/www.isotechdesign.com\/products\/hospitals-pharmacies\/#breadcrumb\"},\"inLanguage\":\"fr-FR\",\"potentialAction\":[{\"@type\":\"ReadAction\",\"target\":[\"https:\/\/www.isotechdesign.com\/products\/hospitals-pharmacies\/\"]}]},{\"@type\":\"ImageObject\",\"inLanguage\":\"fr-FR\",\"@id\":\"https:\/\/www.isotechdesign.com\/products\/hospitals-pharmacies\/#primaryimage\",\"url\":\"https:\/\/www.isotechdesign.com\/wp-content\/uploads\/banner06.jpg\",\"contentUrl\":\"https:\/\/www.isotechdesign.com\/wp-content\/uploads\/banner06.jpg\",\"width\":1000,\"height\":100,\"caption\":\"inner-banner\"},{\"@type\":\"BreadcrumbList\",\"@id\":\"https:\/\/www.isotechdesign.com\/products\/hospitals-pharmacies\/#breadcrumb\",\"itemListElement\":[{\"@type\":\"ListItem\",\"position\":1,\"name\":\"Home\",\"item\":\"https:\/\/www.isotechdesign.com\/\"},{\"@type\":\"ListItem\",\"position\":2,\"name\":\"Products\",\"item\":\"https:\/\/www.isotechdesign.com\/products\/\"},{\"@type\":\"ListItem\",\"position\":3,\"name\":\"Hospitals &#038; Pharmacies\"}]},{\"@type\":\"WebSite\",\"@id\":\"https:\/\/www.isotechdesign.com\/#website\",\"url\":\"https:\/\/www.isotechdesign.com\/\",\"name\":\"IsoTech Design\",\"description\":\"\",\"potentialAction\":[{\"@type\":\"SearchAction\",\"target\":{\"@type\":\"EntryPoint\",\"urlTemplate\":\"https:\/\/www.isotechdesign.com\/?s={search_term_string}\"},\"query-input\":{\"@type\":\"PropertyValueSpecification\",\"valueRequired\":true,\"valueName\":\"search_term_string\"}}],\"inLanguage\":\"fr-FR\"}]}<\/script>\n<!-- \/ Yoast SEO plugin. -->","yoast_head_json":{"title":"Pharmacy & Hospital Primary Engineering Control | IsoTech Design","description":"To support the healthcare industry, IsoTech Design creates primary engineering control units for hospitals and pharmacies. Protect your practice today.","robots":{"index":"index","follow":"follow","max-snippet":"max-snippet:-1","max-image-preview":"max-image-preview:large","max-video-preview":"max-video-preview:-1"},"canonical":"https:\/\/www.isotechdesign.com\/products\/hospitals-pharmacies\/","og_locale":"fr_FR","og_type":"article","og_title":"Pharmacy & Hospital Primary Engineering Control | IsoTech Design","og_description":"To support the healthcare industry, IsoTech Design creates primary engineering control units for hospitals and pharmacies. Protect your practice today.","og_url":"https:\/\/www.isotechdesign.com\/products\/hospitals-pharmacies\/","og_site_name":"IsoTech Design","article_modified_time":"2024-03-14T19:06:09+00:00","og_image":[{"width":1000,"height":100,"url":"https:\/\/www.isotechdesign.com\/wp-content\/uploads\/banner06.jpg","type":"image\/jpeg"}],"twitter_card":"summary_large_image","twitter_misc":{"Dur\u00e9e de lecture estim\u00e9e":"7 minutes"},"schema":{"@context":"https:\/\/schema.org","@graph":[{"@type":"WebPage","@id":"https:\/\/www.isotechdesign.com\/products\/hospitals-pharmacies\/","url":"https:\/\/www.isotechdesign.com\/products\/hospitals-pharmacies\/","name":"Pharmacy & Hospital Primary Engineering Control | IsoTech Design","isPartOf":{"@id":"https:\/\/www.isotechdesign.com\/#website"},"primaryImageOfPage":{"@id":"https:\/\/www.isotechdesign.com\/products\/hospitals-pharmacies\/#primaryimage"},"image":{"@id":"https:\/\/www.isotechdesign.com\/products\/hospitals-pharmacies\/#primaryimage"},"thumbnailUrl":"https:\/\/www.isotechdesign.com\/wp-content\/uploads\/banner06.jpg","datePublished":"2019-05-15T09:37:44+00:00","dateModified":"2024-03-14T19:06:09+00:00","description":"To support the healthcare industry, IsoTech Design creates primary engineering control units for hospitals and pharmacies. Protect your practice today.","breadcrumb":{"@id":"https:\/\/www.isotechdesign.com\/products\/hospitals-pharmacies\/#breadcrumb"},"inLanguage":"fr-FR","potentialAction":[{"@type":"ReadAction","target":["https:\/\/www.isotechdesign.com\/products\/hospitals-pharmacies\/"]}]},{"@type":"ImageObject","inLanguage":"fr-FR","@id":"https:\/\/www.isotechdesign.com\/products\/hospitals-pharmacies\/#primaryimage","url":"https:\/\/www.isotechdesign.com\/wp-content\/uploads\/banner06.jpg","contentUrl":"https:\/\/www.isotechdesign.com\/wp-content\/uploads\/banner06.jpg","width":1000,"height":100,"caption":"inner-banner"},{"@type":"BreadcrumbList","@id":"https:\/\/www.isotechdesign.com\/products\/hospitals-pharmacies\/#breadcrumb","itemListElement":[{"@type":"ListItem","position":1,"name":"Home","item":"https:\/\/www.isotechdesign.com\/"},{"@type":"ListItem","position":2,"name":"Products","item":"https:\/\/www.isotechdesign.com\/products\/"},{"@type":"ListItem","position":3,"name":"Hospitals &#038; Pharmacies"}]},{"@type":"WebSite","@id":"https:\/\/www.isotechdesign.com\/#website","url":"https:\/\/www.isotechdesign.com\/","name":"IsoTech Design","description":"","potentialAction":[{"@type":"SearchAction","target":{"@type":"EntryPoint","urlTemplate":"https:\/\/www.isotechdesign.com\/?s={search_term_string}"},"query-input":{"@type":"PropertyValueSpecification","valueRequired":true,"valueName":"search_term_string"}}],"inLanguage":"fr-FR"}]}},"_links":{"self":[{"href":"https:\/\/www.isotechdesign.com\/fr\/wp-json\/wp\/v2\/pages\/1206","targetHints":{"allow":["GET"]}}],"collection":[{"href":"https:\/\/www.isotechdesign.com\/fr\/wp-json\/wp\/v2\/pages"}],"about":[{"href":"https:\/\/www.isotechdesign.com\/fr\/wp-json\/wp\/v2\/types\/page"}],"author":[{"embeddable":true,"href":"https:\/\/www.isotechdesign.com\/fr\/wp-json\/wp\/v2\/users\/1"}],"replies":[{"embeddable":true,"href":"https:\/\/www.isotechdesign.com\/fr\/wp-json\/wp\/v2\/comments?post=1206"}],"version-history":[{"count":59,"href":"https:\/\/www.isotechdesign.com\/fr\/wp-json\/wp\/v2\/pages\/1206\/revisions"}],"predecessor-version":[{"id":2084,"href":"https:\/\/www.isotechdesign.com\/fr\/wp-json\/wp\/v2\/pages\/1206\/revisions\/2084"}],"up":[{"embeddable":true,"href":"https:\/\/www.isotechdesign.com\/fr\/wp-json\/wp\/v2\/pages\/1129"}],"wp:featuredmedia":[{"embeddable":true,"href":"https:\/\/www.isotechdesign.com\/fr\/wp-json\/wp\/v2\/media\/1433"}],"wp:attachment":[{"href":"https:\/\/www.isotechdesign.com\/fr\/wp-json\/wp\/v2\/media?parent=1206"}],"curies":[{"name":"wp","href":"https:\/\/api.w.org\/{rel}","templated":true}]}}